{"id":450043,"date":"2025-02-26T02:26:47","date_gmt":"2025-02-26T01:26:47","guid":{"rendered":"https:\/\/www.pricetornado.com\/da\/produkt\/nedis-usb-hub-1x-usb-c-3x-usb-a-female-5-port-ports-usb-3-2-gen-1-usb-drevet-5-gbps-sd-microsd-ccgb64250bk01\/"},"modified":"2026-04-29T02:37:57","modified_gmt":"2026-04-29T00:37:57","slug":"nedis-usb-hub-1x-usb-c-3x-usb-a-female-5-port-ports-usb-3-2-gen-1-usb-drevet-5-gbps-sd-microsd-ccgb64250bk01","status":"publish","type":"product","link":"https:\/\/www.pricetornado.com\/da\/produkt\/nedis-usb-hub-1x-usb-c-3x-usb-a-female-5-port-ports-usb-3-2-gen-1-usb-drevet-5-gbps-sd-microsd-ccgb64250bk01\/","title":{"rendered":"Nedis &#8211; USB-hub | 1x USB-C\u2122 | 3x USB A Female | 5-Port port(s) | USB 3.2 Gen 1 | USB Drevet | 5 Gbps | SD &#038; MicroSD &#8211; CCGB64250BK01"},"content":{"rendered":"<p>K\u00f8b billig Nedis &#8211; USB-hub | 1x USB-C\u2122 | 3x USB A Female | 5-Port port(s) | USB 3.2 Gen 1 | USB Drevet | 5 Gbps | SD &#038; MicroSD &#8211; CCGB64250BK01!<br \/>\nDenne Nedis USB-C-hub er udstyret med 3 x USB 3.2 Gen 1-porte og en (micro-)SD-kortl\u00e6ser. Det giver dig mulighed for at tilslutte flere USB-enheder til USB-C\u2122-porten p\u00e5 din notebook. Du skal blot tilslutte dine eksisterende standard-USB-enheder og USB-C\u2122-enheder til din USB-C\u2122-notebook med denne USB-C\u2122-hub med 3 porte. N\u00e5r den er tilsluttet USB-C\u2122-porten p\u00e5 din notebook, giver den 3 ekstra USB-A-porte, som kan tilsluttes nye USB-A-enheder. Alle porte p\u00e5 USB-C\u2122-hub&apos;en med 3 porte underst\u00f8tter dataoverf\u00f8rselshastigheder p\u00e5 5 Gbps.Hub&apos;en str\u00f8mforsynes via bus, s\u00e5 der kr\u00e6ves ingen ekstern str\u00f8madapter. Den lette hub i aluminium har et fast tilsluttet kabel, hvilket g\u00f8r den til den perfekte b\u00e6rbare tilf\u00f8jelse til din notebook. USB-C-hub&apos;en med 3 porte er fuldt ud plug-and-play, hvilket betyder, at der ikke kr\u00e6ves yderligere driversoftware, s\u00e5 du kan komme hurtigt i gang.<\/p>\n<p>Sammenlign priser p\u00e5 Nedis &#8211; USB-hub | 1x USB-C\u2122 | 3x USB A Female | 5-Port port(s) | USB 3.2 Gen 1 | USB Drevet | 5 Gbps | SD &#038; MicroSD &#8211; CCGB64250BK01 og k\u00f8b online til den billigste pris, samt p\u00e5 tilbud!\u00a0\u00a0Tjek den bedste pris, produkt beskrivelse, video, test, anmeldelser osv.<\/p>\n<p><strong>Brand: <\/strong>Nedis<br \/>\n<strong>EAN: <\/strong>5412810415748<br \/>\n<strong>Producentens varenr.:<\/strong> 5412810415748<\/p>\n<p><strong>P.S.<\/strong><br \/>\nTilmeld dig til &#8220;Opret Gratis Prisfald Alarm&#8221;, og bliv underrettet med det samme om prisfald p\u00e5 Nedis &#8211; USB-hub | 1x USB-C\u2122 | 3x USB A Female | 5-Port port(s) | USB 3.2 Gen 1 | USB Drevet | 5 Gbps | SD &#038; MicroSD &#8211; CCGB64250BK01, og f\u00e5 den billigste pris!<\/p>\n<p>&nbsp;<\/p>\n<p>&nbsp;<\/p>\n","protected":false},"excerpt":{"rendered":"<p>K\u00f8b billig Nedis &#8211; USB-hub | 1x USB-C\u2122 | 3x USB A Female | 5-Port port(s) | USB 3.2 Gen 1 | USB Drevet | 5 Gbps | SD &#038; MicroSD &#8211; CCGB64250BK01! Denne Nedis USB-C-hub er udstyret med 3 x USB 3.2 Gen 1-porte og en (micro-)SD-kortl\u00e6ser. Det giver dig mulighed for at tilslutte [&hellip;]<\/p>\n","protected":false},"featured_media":0,"template":"","meta":[],"store":[1272516],"product_brand":[1272517],"product_cat":[1275232],"product_tag":[1275233,1275178],"class_list":{"0":"post-450043","1":"product","2":"type-product","3":"status-publish","5":"store-butik24","6":"product_brand-nedis","7":"product_cat-computer-og-netvaerk","8":"product_tag-computer-og-netvaerk","9":"product_tag-nedis","10":"pa_maerke-nedis","12":"first","13":"instock","14":"product-type-external"},"_links":{"self":[{"href":"https:\/\/www.pricetornado.com\/da\/wp-json\/wp\/v2\/product\/450043","targetHints":{"allow":["GET"]}}],"collection":[{"href":"https:\/\/www.pricetornado.com\/da\/wp-json\/wp\/v2\/product"}],"about":[{"href":"https:\/\/www.pricetornado.com\/da\/wp-json\/wp\/v2\/types\/product"}],"wp:attachment":[{"href":"https:\/\/www.pricetornado.com\/da\/wp-json\/wp\/v2\/media?parent=450043"}],"wp:term":[{"taxonomy":"store","embeddable":true,"href":"https:\/\/www.pricetornado.com\/da\/wp-json\/wp\/v2\/store?post=450043"},{"taxonomy":"product_brand","embeddable":true,"href":"https:\/\/www.pricetornado.com\/da\/wp-json\/wp\/v2\/product_brand?post=450043"},{"taxonomy":"product_cat","embeddable":true,"href":"https:\/\/www.pricetornado.com\/da\/wp-json\/wp\/v2\/product_cat?post=450043"},{"taxonomy":"product_tag","embeddable":true,"href":"https:\/\/www.pricetornado.com\/da\/wp-json\/wp\/v2\/product_tag?post=450043"}],"curies":[{"name":"wp","href":"https:\/\/api.w.org\/{rel}","templated":true}]}}