{"id":450040,"date":"2025-02-24T20:38:06","date_gmt":"2025-02-24T19:38:06","guid":{"rendered":"https:\/\/www.pricetornado.com\/da\/produkt\/nedis-digital-audio-converter-1-vejs-indgang-til-lyd-video-dataforbindelser-hdmi-input-audio-video-dataforbindelser-output-1x-3-5-mm-2x-2x-rca-female-automatisk-an\/"},"modified":"2026-04-29T02:37:46","modified_gmt":"2026-04-29T00:37:46","slug":"nedis-digital-audio-converter-1-vejs-indgang-til-lyd-video-dataforbindelser-hdmi-input-audio-video-dataforbindelser-output-1x-3-5-mm-2x-2x-rca-female-automatisk-an","status":"publish","type":"product","link":"https:\/\/www.pricetornado.com\/da\/produkt\/nedis-digital-audio-converter-1-vejs-indgang-til-lyd-video-dataforbindelser-hdmi-input-audio-video-dataforbindelser-output-1x-3-5-mm-2x-2x-rca-female-automatisk-an\/","title":{"rendered":"Nedis &#8211; Digital Audio Converter | 1-vejs | Indgang til lyd- \/ video- \/ dataforbindelser: HDMI\u2122 Input | Audio \/ video \/ dataforbindelser output: 1x 3.5 mm \/ 2x (2x RCA Female) | Automatisk | Antracit &#8211; ACON3415AT"},"content":{"rendered":"<p>K\u00f8b billig Nedis &#8211; Digital Audio Converter | 1-vejs | Indgang til lyd- \/ video- \/ dataforbindelser: HDMI\u2122 Input | Audio \/ video \/ dataforbindelser output: 1x 3.5 mm \/ 2x (2x RCA Female) | Automatisk | Antracit &#8211; ACON3415AT!<br \/>\nDenne digitale lydomformer fra Nedis g\u00f8r det muligt at isolere lydsignalet fra en HDMI\u2122-transmission. Mens videosignalet vises p\u00e5 et TV eller en sk\u00e6rm, kan lydsignalet overf\u00f8res til et sound system eller en forst\u00e6rker via RCA- og 3,5 mm-forbindelsen.<\/p>\n<p>Sammenlign priser p\u00e5 Nedis &#8211; Digital Audio Converter | 1-vejs | Indgang til lyd- \/ video- \/ dataforbindelser: HDMI\u2122 Input | Audio \/ video \/ dataforbindelser output: 1x 3.5 mm \/ 2x (2x RCA Female) | Automatisk | Antracit &#8211; ACON3415AT og k\u00f8b online til den billigste pris, samt p\u00e5 tilbud!\u00a0\u00a0Tjek den bedste pris, produkt beskrivelse, video, test, anmeldelser osv.<\/p>\n<p><strong>Brand: <\/strong>Nedis<br \/>\n<strong>EAN: <\/strong>5412810404575<br \/>\n<strong>Producentens varenr.:<\/strong> 5412810404575<\/p>\n<p><strong>P.S.<\/strong><br \/>\nTilmeld dig til &#8220;Opret Gratis Prisfald Alarm&#8221;, og bliv underrettet med det samme om prisfald p\u00e5 Nedis &#8211; Digital Audio Converter | 1-vejs | Indgang til lyd- \/ video- \/ dataforbindelser: HDMI\u2122 Input | Audio \/ video \/ dataforbindelser output: 1x 3.5 mm \/ 2x (2x RCA Female) | Automatisk | Antracit &#8211; ACON3415AT, og f\u00e5 den billigste pris!<\/p>\n<p>&nbsp;<\/p>\n<p>&nbsp;<\/p>\n","protected":false},"excerpt":{"rendered":"<p>K\u00f8b billig Nedis &#8211; Digital Audio Converter | 1-vejs | Indgang til lyd- \/ video- \/ dataforbindelser: HDMI\u2122 Input | Audio \/ video \/ dataforbindelser output: 1x 3.5 mm \/ 2x (2x RCA Female) | Automatisk | Antracit &#8211; ACON3415AT! Denne digitale lydomformer fra Nedis g\u00f8r det muligt at isolere lydsignalet fra en HDMI\u2122-transmission. Mens [&hellip;]<\/p>\n","protected":false},"featured_media":0,"template":"","meta":[],"store":[1272516],"product_brand":[1272517],"product_cat":[1272472],"product_tag":[1272746,1275178],"class_list":{"0":"post-450040","1":"product","2":"type-product","3":"status-publish","5":"store-butik24","6":"product_brand-nedis","7":"product_cat-lyd","8":"product_tag-lyd","9":"product_tag-nedis","10":"pa_maerke-nedis","12":"first","13":"instock","14":"product-type-external"},"_links":{"self":[{"href":"https:\/\/www.pricetornado.com\/da\/wp-json\/wp\/v2\/product\/450040","targetHints":{"allow":["GET"]}}],"collection":[{"href":"https:\/\/www.pricetornado.com\/da\/wp-json\/wp\/v2\/product"}],"about":[{"href":"https:\/\/www.pricetornado.com\/da\/wp-json\/wp\/v2\/types\/product"}],"wp:attachment":[{"href":"https:\/\/www.pricetornado.com\/da\/wp-json\/wp\/v2\/media?parent=450040"}],"wp:term":[{"taxonomy":"store","embeddable":true,"href":"https:\/\/www.pricetornado.com\/da\/wp-json\/wp\/v2\/store?post=450040"},{"taxonomy":"product_brand","embeddable":true,"href":"https:\/\/www.pricetornado.com\/da\/wp-json\/wp\/v2\/product_brand?post=450040"},{"taxonomy":"product_cat","embeddable":true,"href":"https:\/\/www.pricetornado.com\/da\/wp-json\/wp\/v2\/product_cat?post=450040"},{"taxonomy":"product_tag","embeddable":true,"href":"https:\/\/www.pricetornado.com\/da\/wp-json\/wp\/v2\/product_tag?post=450040"}],"curies":[{"name":"wp","href":"https:\/\/api.w.org\/{rel}","templated":true}]}}