{"id":450031,"date":"2025-02-27T03:04:31","date_gmt":"2025-02-27T02:04:31","guid":{"rendered":"https:\/\/www.pricetornado.com\/da\/produkt\/nedis-usb-kabel-usb-3-2-gen-2-usb-c-han-usb-c-han-100-w-4k60hz-10-gbps-nikkelplateret-1-00-m-runde-pvc-sort-box-ccgw64750bk10\/"},"modified":"2026-04-29T02:37:12","modified_gmt":"2026-04-29T00:37:12","slug":"nedis-usb-kabel-usb-3-2-gen-2-usb-c-han-usb-c-han-100-w-4k60hz-10-gbps-nikkelplateret-1-00-m-runde-pvc-sort-box-ccgw64750bk10","status":"publish","type":"product","link":"https:\/\/www.pricetornado.com\/da\/produkt\/nedis-usb-kabel-usb-3-2-gen-2-usb-c-han-usb-c-han-100-w-4k60hz-10-gbps-nikkelplateret-1-00-m-runde-pvc-sort-box-ccgw64750bk10\/","title":{"rendered":"Nedis &#8211; USB-kabel | USB 3.2 Gen 2 | USB-C\u2122 Han | USB-C\u2122 Han | 100 W | 4K@60Hz | 10 Gbps | Nikkelplateret | 1.00 m | Runde | PVC | Sort | Box &#8211; CCGW64750BK10"},"content":{"rendered":"<p>K\u00f8b billig Nedis &#8211; USB-kabel | USB 3.2 Gen 2 | USB-C\u2122 Han | USB-C\u2122 Han | 100 W | 4K@60Hz | 10 Gbps | Nikkelplateret | 1.00 m | Runde | PVC | Sort | Box &#8211; CCGW64750BK10!<br \/>\nSlut mobilenheder til din pc eller MacBook ved hj\u00e6lp af dette Nedis USB-C\u2122 3.2 Gen 2-kabel, og oplev den ultimative tilslutningsl\u00f8sning i \u00e9t kabel. Er perfekt egnet til opladning og dataoverf\u00f8rsel ved ultrah\u00f8je hastigheder. Kablet underst\u00f8tter ogs\u00e5 billedopl\u00f8sninger i 4K.<\/p>\n<p>Sammenlign priser p\u00e5 Nedis &#8211; USB-kabel | USB 3.2 Gen 2 | USB-C\u2122 Han | USB-C\u2122 Han | 100 W | 4K@60Hz | 10 Gbps | Nikkelplateret | 1.00 m | Runde | PVC | Sort | Box &#8211; CCGW64750BK10 og k\u00f8b online til den billigste pris, samt p\u00e5 tilbud!\u00a0\u00a0Tjek den bedste pris, produkt beskrivelse, video, test, anmeldelser osv.<\/p>\n<p><strong>Brand: <\/strong>Nedis<br \/>\n<strong>EAN: <\/strong>5412810316106<br \/>\n<strong>Producentens varenr.:<\/strong> 5412810316106<\/p>\n<p><strong>P.S.<\/strong><br \/>\nTilmeld dig til &#8220;Opret Gratis Prisfald Alarm&#8221;, og bliv underrettet med det samme om prisfald p\u00e5 Nedis &#8211; USB-kabel | USB 3.2 Gen 2 | USB-C\u2122 Han | USB-C\u2122 Han | 100 W | 4K@60Hz | 10 Gbps | Nikkelplateret | 1.00 m | Runde | PVC | Sort | Box &#8211; CCGW64750BK10, og f\u00e5 den billigste pris!<\/p>\n<p>&nbsp;<\/p>\n<p>&nbsp;<\/p>\n","protected":false},"excerpt":{"rendered":"<p>K\u00f8b billig Nedis &#8211; USB-kabel | USB 3.2 Gen 2 | USB-C\u2122 Han | USB-C\u2122 Han | 100 W | 4K@60Hz | 10 Gbps | Nikkelplateret | 1.00 m | Runde | PVC | Sort | Box &#8211; CCGW64750BK10! Slut mobilenheder til din pc eller MacBook ved hj\u00e6lp af dette Nedis USB-C\u2122 3.2 Gen 2-kabel, [&hellip;]<\/p>\n","protected":false},"featured_media":0,"template":"","meta":[],"store":[1272516],"product_brand":[1272517],"product_cat":[1275232],"product_tag":[1275233,1275178],"class_list":{"0":"post-450031","1":"product","2":"type-product","3":"status-publish","5":"store-butik24","6":"product_brand-nedis","7":"product_cat-computer-og-netvaerk","8":"product_tag-computer-og-netvaerk","9":"product_tag-nedis","10":"pa_maerke-nedis","12":"first","13":"instock","14":"product-type-external"},"_links":{"self":[{"href":"https:\/\/www.pricetornado.com\/da\/wp-json\/wp\/v2\/product\/450031","targetHints":{"allow":["GET"]}}],"collection":[{"href":"https:\/\/www.pricetornado.com\/da\/wp-json\/wp\/v2\/product"}],"about":[{"href":"https:\/\/www.pricetornado.com\/da\/wp-json\/wp\/v2\/types\/product"}],"wp:attachment":[{"href":"https:\/\/www.pricetornado.com\/da\/wp-json\/wp\/v2\/media?parent=450031"}],"wp:term":[{"taxonomy":"store","embeddable":true,"href":"https:\/\/www.pricetornado.com\/da\/wp-json\/wp\/v2\/store?post=450031"},{"taxonomy":"product_brand","embeddable":true,"href":"https:\/\/www.pricetornado.com\/da\/wp-json\/wp\/v2\/product_brand?post=450031"},{"taxonomy":"product_cat","embeddable":true,"href":"https:\/\/www.pricetornado.com\/da\/wp-json\/wp\/v2\/product_cat?post=450031"},{"taxonomy":"product_tag","embeddable":true,"href":"https:\/\/www.pricetornado.com\/da\/wp-json\/wp\/v2\/product_tag?post=450031"}],"curies":[{"name":"wp","href":"https:\/\/api.w.org\/{rel}","templated":true}]}}