{"id":450026,"date":"2025-02-21T12:56:00","date_gmt":"2025-02-21T11:56:00","guid":{"rendered":"https:\/\/www.pricetornado.com\/da\/produkt\/nedis-satellit-signal-strength-meter-950-2400-mhz-input-foelsomhed-83-db-output-niveau-102-dbuv-sort-sfind100bk\/"},"modified":"2026-04-30T03:10:01","modified_gmt":"2026-04-30T01:10:01","slug":"nedis-satellit-signal-strength-meter-950-2400-mhz-input-foelsomhed-83-db-output-niveau-102-dbuv-sort-sfind100bk","status":"publish","type":"product","link":"https:\/\/www.pricetornado.com\/da\/produkt\/nedis-satellit-signal-strength-meter-950-2400-mhz-input-foelsomhed-83-db-output-niveau-102-dbuv-sort-sfind100bk\/","title":{"rendered":"Nedis &#8211; Satellit Signal Strength Meter | 950-2400 MHz | Input f\u00f8lsomhed: 83 dB | Output niveau: 102 dBuV | Sort &#8211; SFIND100BK"},"content":{"rendered":"<p>K\u00f8b billig Nedis &#8211; Satellit Signal Strength Meter | 950-2400 MHz | Input f\u00f8lsomhed: 83 dB | Output niveau: 102 dBuV | Sort &#8211; SFIND100BK!<br \/>\nSlut satellitfinderen til en LNB og din satellitmodtager, og tilpas din parabol nemt og hurtigt. Denne kompakte t\u00e6ller har et display, der er letl\u00e6seligt, takket v\u00e6re baggrundsbelysning. Derudover udsender den et lydsignal, n\u00e5r den registrerer en satellit.<\/p>\n<p>Sammenlign priser p\u00e5 Nedis &#8211; Satellit Signal Strength Meter | 950-2400 MHz | Input f\u00f8lsomhed: 83 dB | Output niveau: 102 dBuV | Sort &#8211; SFIND100BK og k\u00f8b online til den billigste pris, samt p\u00e5 tilbud!\u00a0\u00a0Tjek den bedste pris, produkt beskrivelse, video, test, anmeldelser osv.<\/p>\n<p><strong>Brand: <\/strong>Nedis<br \/>\n<strong>EAN: <\/strong>5412810305902<br \/>\n<strong>Producentens varenr.:<\/strong> 5412810305902<\/p>\n<p><strong>P.S.<\/strong><br \/>\nTilmeld dig til &#8220;Opret Gratis Prisfald Alarm&#8221;, og bliv underrettet med det samme om prisfald p\u00e5 Nedis &#8211; Satellit Signal Strength Meter | 950-2400 MHz | Input f\u00f8lsomhed: 83 dB | Output niveau: 102 dBuV | Sort &#8211; SFIND100BK, og f\u00e5 den billigste pris!<\/p>\n<p>&nbsp;<\/p>\n<p>&nbsp;<\/p>\n","protected":false},"excerpt":{"rendered":"<p>K\u00f8b billig Nedis &#8211; Satellit Signal Strength Meter | 950-2400 MHz | Input f\u00f8lsomhed: 83 dB | Output niveau: 102 dBuV | Sort &#8211; SFIND100BK! Slut satellitfinderen til en LNB og din satellitmodtager, og tilpas din parabol nemt og hurtigt. Denne kompakte t\u00e6ller har et display, der er letl\u00e6seligt, takket v\u00e6re baggrundsbelysning. Derudover udsender den [&hellip;]<\/p>\n","protected":false},"featured_media":999980000004500260,"template":"","meta":[],"store":[1272516],"product_brand":[1272517],"product_cat":[1275230],"product_tag":[1275178,1275231],"class_list":{"0":"post-450026","1":"product","2":"type-product","3":"status-publish","4":"has-post-thumbnail","6":"store-butik24","7":"product_brand-nedis","8":"product_cat-video","9":"product_tag-nedis","10":"product_tag-video","11":"pa_maerke-nedis","13":"first","14":"instock","15":"product-type-external"},"_links":{"self":[{"href":"https:\/\/www.pricetornado.com\/da\/wp-json\/wp\/v2\/product\/450026","targetHints":{"allow":["GET"]}}],"collection":[{"href":"https:\/\/www.pricetornado.com\/da\/wp-json\/wp\/v2\/product"}],"about":[{"href":"https:\/\/www.pricetornado.com\/da\/wp-json\/wp\/v2\/types\/product"}],"wp:featuredmedia":[{"embeddable":true,"href":"https:\/\/www.pricetornado.com\/da\/wp-json\/"}],"wp:attachment":[{"href":"https:\/\/www.pricetornado.com\/da\/wp-json\/wp\/v2\/media?parent=450026"}],"wp:term":[{"taxonomy":"store","embeddable":true,"href":"https:\/\/www.pricetornado.com\/da\/wp-json\/wp\/v2\/store?post=450026"},{"taxonomy":"product_brand","embeddable":true,"href":"https:\/\/www.pricetornado.com\/da\/wp-json\/wp\/v2\/product_brand?post=450026"},{"taxonomy":"product_cat","embeddable":true,"href":"https:\/\/www.pricetornado.com\/da\/wp-json\/wp\/v2\/product_cat?post=450026"},{"taxonomy":"product_tag","embeddable":true,"href":"https:\/\/www.pricetornado.com\/da\/wp-json\/wp\/v2\/product_tag?post=450026"}],"curies":[{"name":"wp","href":"https:\/\/api.w.org\/{rel}","templated":true}]}}