{"id":450021,"date":"2025-02-26T14:26:20","date_gmt":"2025-02-26T13:26:20","guid":{"rendered":"https:\/\/www.pricetornado.com\/da\/produkt\/nedis-power-inverter-fjernbetjening-6-00-m-rj12-sort-pimrcdsubk1\/"},"modified":"2026-05-01T03:20:16","modified_gmt":"2026-05-01T01:20:16","slug":"nedis-power-inverter-fjernbetjening-6-00-m-rj12-sort-pimrcdsubk1","status":"publish","type":"product","link":"https:\/\/www.pricetornado.com\/da\/produkt\/nedis-power-inverter-fjernbetjening-6-00-m-rj12-sort-pimrcdsubk1\/","title":{"rendered":"Nedis &#8211; Power Inverter fjernbetjening | 6.00 m | RJ12 | Sort &#8211; PIMRCDSUBK1"},"content":{"rendered":"<p>K\u00f8b billig Nedis &#8211; Power Inverter fjernbetjening | 6.00 m | RJ12 | Sort &#8211; PIMRCDSUBK1!<br \/>\nMed denne fjernbetjening med ledning kan du t\u00e6nde og slukke for inverteren ved hj\u00e6lp af en trykknap. Det ekstra lange kabel g\u00f8r, at du kan placere og endda indbygge din inverter, hvor det passer dig bedst, og stadig nemt kunne t\u00e6nde og slukke for den. Fjernbetjeningens ABS-hus kan monteres p\u00e5 overfladen.<\/p>\n<p>Sammenlign priser p\u00e5 Nedis &#8211; Power Inverter fjernbetjening | 6.00 m | RJ12 | Sort &#8211; PIMRCDSUBK1 og k\u00f8b online til den billigste pris, samt p\u00e5 tilbud!\u00a0\u00a0Tjek den bedste pris, produkt beskrivelse, video, test, anmeldelser osv.<\/p>\n<p><strong>Brand: <\/strong>Nedis<br \/>\n<strong>EAN: <\/strong>5412810469130<br \/>\n<strong>Producentens varenr.:<\/strong> 5412810469130<\/p>\n<p><strong>P.S.<\/strong><br \/>\nTilmeld dig til &#8220;Opret Gratis Prisfald Alarm&#8221;, og bliv underrettet med det samme om prisfald p\u00e5 Nedis &#8211; Power Inverter fjernbetjening | 6.00 m | RJ12 | Sort &#8211; PIMRCDSUBK1, og f\u00e5 den billigste pris!<\/p>\n<p>&nbsp;<\/p>\n<p>&nbsp;<\/p>\n","protected":false},"excerpt":{"rendered":"<p>K\u00f8b billig Nedis &#8211; Power Inverter fjernbetjening | 6.00 m | RJ12 | Sort &#8211; PIMRCDSUBK1! Med denne fjernbetjening med ledning kan du t\u00e6nde og slukke for inverteren ved hj\u00e6lp af en trykknap. Det ekstra lange kabel g\u00f8r, at du kan placere og endda indbygge din inverter, hvor det passer dig bedst, og stadig nemt [&hellip;]<\/p>\n","protected":false},"featured_media":999980000004500210,"template":"","meta":[],"store":[1272516],"product_brand":[1272517],"product_cat":[797161],"product_tag":[1275234,1275178],"class_list":{"0":"post-450021","1":"product","2":"type-product","3":"status-publish","4":"has-post-thumbnail","6":"store-butik24","7":"product_brand-nedis","8":"product_cat-energi","9":"product_tag-energi","10":"product_tag-nedis","11":"pa_maerke-nedis","13":"first","14":"instock","15":"product-type-external"},"_links":{"self":[{"href":"https:\/\/www.pricetornado.com\/da\/wp-json\/wp\/v2\/product\/450021","targetHints":{"allow":["GET"]}}],"collection":[{"href":"https:\/\/www.pricetornado.com\/da\/wp-json\/wp\/v2\/product"}],"about":[{"href":"https:\/\/www.pricetornado.com\/da\/wp-json\/wp\/v2\/types\/product"}],"wp:featuredmedia":[{"embeddable":true,"href":"https:\/\/www.pricetornado.com\/da\/wp-json\/"}],"wp:attachment":[{"href":"https:\/\/www.pricetornado.com\/da\/wp-json\/wp\/v2\/media?parent=450021"}],"wp:term":[{"taxonomy":"store","embeddable":true,"href":"https:\/\/www.pricetornado.com\/da\/wp-json\/wp\/v2\/store?post=450021"},{"taxonomy":"product_brand","embeddable":true,"href":"https:\/\/www.pricetornado.com\/da\/wp-json\/wp\/v2\/product_brand?post=450021"},{"taxonomy":"product_cat","embeddable":true,"href":"https:\/\/www.pricetornado.com\/da\/wp-json\/wp\/v2\/product_cat?post=450021"},{"taxonomy":"product_tag","embeddable":true,"href":"https:\/\/www.pricetornado.com\/da\/wp-json\/wp\/v2\/product_tag?post=450021"}],"curies":[{"name":"wp","href":"https:\/\/api.w.org\/{rel}","templated":true}]}}