{"id":450018,"date":"2025-02-25T02:43:57","date_gmt":"2025-02-25T01:43:57","guid":{"rendered":"https:\/\/www.pricetornado.com\/da\/produkt\/nedis-opladningskabel-til-elbiler-opbevaring-og-organisering-evbag01bk\/"},"modified":"2026-05-01T03:20:15","modified_gmt":"2026-05-01T01:20:15","slug":"nedis-opladningskabel-til-elbiler-opbevaring-og-organisering-evbag01bk","status":"publish","type":"product","link":"https:\/\/www.pricetornado.com\/da\/produkt\/nedis-opladningskabel-til-elbiler-opbevaring-og-organisering-evbag01bk\/","title":{"rendered":"Nedis &#8211; Opladningskabel til Elbiler | Opbevaring og organisering &#8211; EVBAG01BK"},"content":{"rendered":"<p>K\u00f8b billig Nedis &#8211; Opladningskabel til Elbiler | Opbevaring og organisering &#8211; EVBAG01BK!<br \/>\nNedis premium b\u00e6retaske til ladekabel til elbiler: Denne taske er fremstillet af holdbart sort stift vandt\u00e6t materiale og sikrer dit ladekabels sikkerhed og levetid. Det holder dit v\u00e6rdifulde kabel organiseret i din bil, hvilket g\u00f8r din opladningsoplevelse problemfri.<\/p>\n<p>Sammenlign priser p\u00e5 Nedis &#8211; Opladningskabel til Elbiler | Opbevaring og organisering &#8211; EVBAG01BK og k\u00f8b online til den billigste pris, samt p\u00e5 tilbud!\u00a0\u00a0Tjek den bedste pris, produkt beskrivelse, video, test, anmeldelser osv.<\/p>\n<p><strong>Brand: <\/strong>Nedis<br \/>\n<strong>EAN: <\/strong>5412810450930<br \/>\n<strong>Producentens varenr.:<\/strong> 5412810450930<\/p>\n<p><strong>P.S.<\/strong><br \/>\nTilmeld dig til &#8220;Opret Gratis Prisfald Alarm&#8221;, og bliv underrettet med det samme om prisfald p\u00e5 Nedis &#8211; Opladningskabel til Elbiler | Opbevaring og organisering &#8211; EVBAG01BK, og f\u00e5 den billigste pris!<\/p>\n<p>&nbsp;<\/p>\n<p>&nbsp;<\/p>\n","protected":false},"excerpt":{"rendered":"<p>K\u00f8b billig Nedis &#8211; Opladningskabel til Elbiler | Opbevaring og organisering &#8211; EVBAG01BK! Nedis premium b\u00e6retaske til ladekabel til elbiler: Denne taske er fremstillet af holdbart sort stift vandt\u00e6t materiale og sikrer dit ladekabels sikkerhed og levetid. Det holder dit v\u00e6rdifulde kabel organiseret i din bil, hvilket g\u00f8r din opladningsoplevelse problemfri. Sammenlign priser p\u00e5 Nedis [&hellip;]<\/p>\n","protected":false},"featured_media":999980000004500180,"template":"","meta":[],"store":[1272516],"product_brand":[1272517],"product_cat":[797161],"product_tag":[1275234,1275178],"class_list":{"0":"post-450018","1":"product","2":"type-product","3":"status-publish","4":"has-post-thumbnail","6":"store-butik24","7":"product_brand-nedis","8":"product_cat-energi","9":"product_tag-energi","10":"product_tag-nedis","11":"pa_maerke-nedis","13":"first","14":"instock","15":"product-type-external"},"_links":{"self":[{"href":"https:\/\/www.pricetornado.com\/da\/wp-json\/wp\/v2\/product\/450018","targetHints":{"allow":["GET"]}}],"collection":[{"href":"https:\/\/www.pricetornado.com\/da\/wp-json\/wp\/v2\/product"}],"about":[{"href":"https:\/\/www.pricetornado.com\/da\/wp-json\/wp\/v2\/types\/product"}],"wp:featuredmedia":[{"embeddable":true,"href":"https:\/\/www.pricetornado.com\/da\/wp-json\/"}],"wp:attachment":[{"href":"https:\/\/www.pricetornado.com\/da\/wp-json\/wp\/v2\/media?parent=450018"}],"wp:term":[{"taxonomy":"store","embeddable":true,"href":"https:\/\/www.pricetornado.com\/da\/wp-json\/wp\/v2\/store?post=450018"},{"taxonomy":"product_brand","embeddable":true,"href":"https:\/\/www.pricetornado.com\/da\/wp-json\/wp\/v2\/product_brand?post=450018"},{"taxonomy":"product_cat","embeddable":true,"href":"https:\/\/www.pricetornado.com\/da\/wp-json\/wp\/v2\/product_cat?post=450018"},{"taxonomy":"product_tag","embeddable":true,"href":"https:\/\/www.pricetornado.com\/da\/wp-json\/wp\/v2\/product_tag?post=450018"}],"curies":[{"name":"wp","href":"https:\/\/api.w.org\/{rel}","templated":true}]}}