{"id":450017,"date":"2025-02-25T02:33:06","date_gmt":"2025-02-25T01:33:06","guid":{"rendered":"https:\/\/www.pricetornado.com\/da\/produkt\/nedis-baerbar-oplader-til-elbiler-at-n05v3v3-f-3g1-5-1380-2300-3680-w-6-0-8-0-10-0-a-13-0-16-0-a-1-phase-5-00-m-sort-gaveaeske-evch37kwbk20\/"},"modified":"2026-05-01T03:20:15","modified_gmt":"2026-05-01T01:20:15","slug":"nedis-baerbar-oplader-til-elbiler-at-n05v3v3-f-3g1-5-1380-2300-3680-w-6-0-8-0-10-0-a-13-0-16-0-a-1-phase-5-00-m-sort-gaveaeske-evch37kwbk20","status":"publish","type":"product","link":"https:\/\/www.pricetornado.com\/da\/produkt\/nedis-baerbar-oplader-til-elbiler-at-n05v3v3-f-3g1-5-1380-2300-3680-w-6-0-8-0-10-0-a-13-0-16-0-a-1-phase-5-00-m-sort-gaveaeske-evch37kwbk20\/","title":{"rendered":"Nedis &#8211; B\u00e6rbar oplader til elbiler | AT-N05V3V3-F 3G1.5 | 1380 \/ 2300 \/ 3680 W | 6.0 \/ 8.0 \/ 10.0 A \/ 13.0 \/ 16.0 A | 1 Phase | 5.00 m | Sort | Gave\u00e6ske &#8211; EVCH37KWBK20"},"content":{"rendered":"<p>K\u00f8b billig Nedis &#8211; B\u00e6rbar oplader til elbiler | AT-N05V3V3-F 3G1.5 | 1380 \/ 2300 \/ 3680 W | 6.0 \/ 8.0 \/ 10.0 A \/ 13.0 \/ 16.0 A | 1 Phase | 5.00 m | Sort | Gave\u00e6ske &#8211; EVCH37KWBK20!<br \/>\nNedis b\u00e6rbart omskifteligt ladebokskabel til elbiler er udviklet til bekvemmelighed og p\u00e5lidelighed. Denne b\u00e6rbare enhed har et CEE 7\/7-stikstik, der muligg\u00f8r ubesv\u00e6ret opladning af dit elektriske k\u00f8ret\u00f8j, uanset hvor du g\u00e5r. Med justerbare str\u00f8mopladningskapaciteter fra 6A til 16A tilpasser den sig dit k\u00f8ret\u00f8js behov.Hold dig informeret med farvedisplayet, der leverer data i realtid om sp\u00e6nding, str\u00f8m, opladningsstatus og intern temperatur. Denne opladningsboks er bygget til at modst\u00e5 elementerne og kan prale af en IP55 vejrbestandig klassificering, hvilket sikrer ydeevne selv under ugunstige forhold. Dens holdbare design garanterer over 10.000 anvendelser, underst\u00f8ttet af ABS-hus, der beskytter mod fugt, st\u00f8v og sand.Sikkerhed er altafg\u00f8rende, og vores ladeboks er udstyret med over-, under-, str\u00f8m- og temperaturbeskyttelsesfunktioner. Schuko-stikket sikrer kompatibilitet med standard Schuko-stikkontakter, mens gummibeskyttelsesh\u00e6tter beskytter mod vand og st\u00f8v. Oplev friheden ved opladning af elbiler p\u00e5 farten med Nedis Portable Switchable EV Charging Box Cable \u2013 hvor innovation m\u00f8der p\u00e5lidelighed.<\/p>\n<p>Sammenlign priser p\u00e5 Nedis &#8211; B\u00e6rbar oplader til elbiler | AT-N05V3V3-F 3G1.5 | 1380 \/ 2300 \/ 3680 W | 6.0 \/ 8.0 \/ 10.0 A \/ 13.0 \/ 16.0 A | 1 Phase | 5.00 m | Sort | Gave\u00e6ske &#8211; EVCH37KWBK20 og k\u00f8b online til den billigste pris, samt p\u00e5 tilbud!\u00a0\u00a0Tjek den bedste pris, produkt beskrivelse, video, test, anmeldelser osv.<\/p>\n<p><strong>Brand: <\/strong>Nedis<br \/>\n<strong>EAN: <\/strong>5412810450978<br \/>\n<strong>Producentens varenr.:<\/strong> 5412810450978<\/p>\n<p><strong>P.S.<\/strong><br \/>\nTilmeld dig til &#8220;Opret Gratis Prisfald Alarm&#8221;, og bliv underrettet med det samme om prisfald p\u00e5 Nedis &#8211; B\u00e6rbar oplader til elbiler | AT-N05V3V3-F 3G1.5 | 1380 \/ 2300 \/ 3680 W | 6.0 \/ 8.0 \/ 10.0 A \/ 13.0 \/ 16.0 A | 1 Phase | 5.00 m | Sort | Gave\u00e6ske &#8211; EVCH37KWBK20, og f\u00e5 den billigste pris!<\/p>\n<p>&nbsp;<\/p>\n<p>&nbsp;<\/p>\n","protected":false},"excerpt":{"rendered":"<p>K\u00f8b billig Nedis &#8211; B\u00e6rbar oplader til elbiler | AT-N05V3V3-F 3G1.5 | 1380 \/ 2300 \/ 3680 W | 6.0 \/ 8.0 \/ 10.0 A \/ 13.0 \/ 16.0 A | 1 Phase | 5.00 m | Sort | Gave\u00e6ske &#8211; EVCH37KWBK20! Nedis b\u00e6rbart omskifteligt ladebokskabel til elbiler er udviklet til bekvemmelighed og p\u00e5lidelighed. Denne [&hellip;]<\/p>\n","protected":false},"featured_media":999980000004500170,"template":"","meta":[],"store":[1272516],"product_brand":[1272517],"product_cat":[797161],"product_tag":[1275234,1275178],"class_list":{"0":"post-450017","1":"product","2":"type-product","3":"status-publish","4":"has-post-thumbnail","6":"store-butik24","7":"product_brand-nedis","8":"product_cat-energi","9":"product_tag-energi","10":"product_tag-nedis","11":"pa_maerke-nedis","13":"first","14":"instock","15":"product-type-external"},"_links":{"self":[{"href":"https:\/\/www.pricetornado.com\/da\/wp-json\/wp\/v2\/product\/450017","targetHints":{"allow":["GET"]}}],"collection":[{"href":"https:\/\/www.pricetornado.com\/da\/wp-json\/wp\/v2\/product"}],"about":[{"href":"https:\/\/www.pricetornado.com\/da\/wp-json\/wp\/v2\/types\/product"}],"wp:featuredmedia":[{"embeddable":true,"href":"https:\/\/www.pricetornado.com\/da\/wp-json\/"}],"wp:attachment":[{"href":"https:\/\/www.pricetornado.com\/da\/wp-json\/wp\/v2\/media?parent=450017"}],"wp:term":[{"taxonomy":"store","embeddable":true,"href":"https:\/\/www.pricetornado.com\/da\/wp-json\/wp\/v2\/store?post=450017"},{"taxonomy":"product_brand","embeddable":true,"href":"https:\/\/www.pricetornado.com\/da\/wp-json\/wp\/v2\/product_brand?post=450017"},{"taxonomy":"product_cat","embeddable":true,"href":"https:\/\/www.pricetornado.com\/da\/wp-json\/wp\/v2\/product_cat?post=450017"},{"taxonomy":"product_tag","embeddable":true,"href":"https:\/\/www.pricetornado.com\/da\/wp-json\/wp\/v2\/product_tag?post=450017"}],"curies":[{"name":"wp","href":"https:\/\/api.w.org\/{rel}","templated":true}]}}