{"id":450007,"date":"2025-02-22T08:43:05","date_gmt":"2025-02-22T07:43:05","guid":{"rendered":"https:\/\/www.pricetornado.com\/da\/produkt\/nedis-stroemkabel-stikprop-med-sidebens-jord-han-open-lige-lige-nikkelplateret-3-00-m-runde-pvc-sort-label-cegl11930bk\/"},"modified":"2026-04-29T02:33:12","modified_gmt":"2026-04-29T00:33:12","slug":"nedis-stroemkabel-stikprop-med-sidebens-jord-han-open-lige-lige-nikkelplateret-3-00-m-runde-pvc-sort-label-cegl11930bk","status":"publish","type":"product","link":"https:\/\/www.pricetornado.com\/da\/produkt\/nedis-stroemkabel-stikprop-med-sidebens-jord-han-open-lige-lige-nikkelplateret-3-00-m-runde-pvc-sort-label-cegl11930bk\/","title":{"rendered":"Nedis &#8211; Str\u00f8mkabel | Stikprop med sidebens jord \u2013 Han | Open | Lige | Lige | Nikkelplateret | 3.00 m | Runde | PVC | Sort | Label &#8211; CEGL11930BK"},"content":{"rendered":"<p>K\u00f8b billig Nedis &#8211; Str\u00f8mkabel | Stikprop med sidebens jord \u2013 Han | Open | Lige | Lige | Nikkelplateret | 3.00 m | Runde | PVC | Sort | Label &#8211; CEGL11930BK!<br \/>\nSmid ikke en elektrisk enhed ud, blot fordi str\u00f8mkablet er defekt. Udskift det med dette Stikprop Med Sidebens Jord-str\u00f8mkabel fra Nedis. Det er den perfekte erstatning til apparater, der kr\u00e6ver en neoprenkabel med jordforbindelse.<\/p>\n<p>Sammenlign priser p\u00e5 Nedis &#8211; Str\u00f8mkabel | Stikprop med sidebens jord \u2013 Han | Open | Lige | Lige | Nikkelplateret | 3.00 m | Runde | PVC | Sort | Label &#8211; CEGL11930BK og k\u00f8b online til den billigste pris, samt p\u00e5 tilbud!\u00a0\u00a0Tjek den bedste pris, produkt beskrivelse, video, test, anmeldelser osv.<\/p>\n<p><strong>Brand: <\/strong>Nedis<br \/>\n<strong>EAN: <\/strong>5412810427666<br \/>\n<strong>Producentens varenr.:<\/strong> 5412810427666<\/p>\n<p><strong>P.S.<\/strong><br \/>\nTilmeld dig til &#8220;Opret Gratis Prisfald Alarm&#8221;, og bliv underrettet med det samme om prisfald p\u00e5 Nedis &#8211; Str\u00f8mkabel | Stikprop med sidebens jord \u2013 Han | Open | Lige | Lige | Nikkelplateret | 3.00 m | Runde | PVC | Sort | Label &#8211; CEGL11930BK, og f\u00e5 den billigste pris!<\/p>\n<p>&nbsp;<\/p>\n<p>&nbsp;<\/p>\n","protected":false},"excerpt":{"rendered":"<p>K\u00f8b billig Nedis &#8211; Str\u00f8mkabel | Stikprop med sidebens jord \u2013 Han | Open | Lige | Lige | Nikkelplateret | 3.00 m | Runde | PVC | Sort | Label &#8211; CEGL11930BK! Smid ikke en elektrisk enhed ud, blot fordi str\u00f8mkablet er defekt. Udskift det med dette Stikprop Med Sidebens Jord-str\u00f8mkabel fra Nedis. Det [&hellip;]<\/p>\n","protected":false},"featured_media":999980000004500070,"template":"","meta":[],"store":[1272516],"product_brand":[1272517],"product_cat":[797161],"product_tag":[1275234,1275178],"class_list":{"0":"post-450007","1":"product","2":"type-product","3":"status-publish","4":"has-post-thumbnail","6":"store-butik24","7":"product_brand-nedis","8":"product_cat-energi","9":"product_tag-energi","10":"product_tag-nedis","11":"pa_maerke-nedis","13":"first","14":"instock","15":"product-type-external"},"_links":{"self":[{"href":"https:\/\/www.pricetornado.com\/da\/wp-json\/wp\/v2\/product\/450007","targetHints":{"allow":["GET"]}}],"collection":[{"href":"https:\/\/www.pricetornado.com\/da\/wp-json\/wp\/v2\/product"}],"about":[{"href":"https:\/\/www.pricetornado.com\/da\/wp-json\/wp\/v2\/types\/product"}],"wp:featuredmedia":[{"embeddable":true,"href":"https:\/\/www.pricetornado.com\/da\/wp-json\/"}],"wp:attachment":[{"href":"https:\/\/www.pricetornado.com\/da\/wp-json\/wp\/v2\/media?parent=450007"}],"wp:term":[{"taxonomy":"store","embeddable":true,"href":"https:\/\/www.pricetornado.com\/da\/wp-json\/wp\/v2\/store?post=450007"},{"taxonomy":"product_brand","embeddable":true,"href":"https:\/\/www.pricetornado.com\/da\/wp-json\/wp\/v2\/product_brand?post=450007"},{"taxonomy":"product_cat","embeddable":true,"href":"https:\/\/www.pricetornado.com\/da\/wp-json\/wp\/v2\/product_cat?post=450007"},{"taxonomy":"product_tag","embeddable":true,"href":"https:\/\/www.pricetornado.com\/da\/wp-json\/wp\/v2\/product_tag?post=450007"}],"curies":[{"name":"wp","href":"https:\/\/api.w.org\/{rel}","templated":true}]}}