{"id":450006,"date":"2025-02-20T06:33:39","date_gmt":"2025-02-20T05:33:39","guid":{"rendered":"https:\/\/www.pricetornado.com\/da\/produkt\/nedis-power-inverter-fjernbetjening-5-00-m-rj10-hvid-pimsrc05wt\/"},"modified":"2026-04-29T02:33:08","modified_gmt":"2026-04-29T00:33:08","slug":"nedis-power-inverter-fjernbetjening-5-00-m-rj10-hvid-pimsrc05wt","status":"publish","type":"product","link":"https:\/\/www.pricetornado.com\/da\/produkt\/nedis-power-inverter-fjernbetjening-5-00-m-rj10-hvid-pimsrc05wt\/","title":{"rendered":"Nedis &#8211; Power Inverter fjernbetjening | 5.00 m | RJ10 | Hvid &#8211; PIMSRC05WT"},"content":{"rendered":"<p>K\u00f8b billig Nedis &#8211; Power Inverter fjernbetjening | 5.00 m | RJ10 | Hvid &#8211; PIMSRC05WT!<br \/>\nPlacer inverterne sikkert og praktisk ude af syne. Denne fjernbetjening med et ekstra langt kabel g\u00f8r det muligt at anbringe og endda indbygge din vekselretter, hvor det passer dig bedst og stadig nemt kunne t\u00e6nde og slukke for den.<\/p>\n<p>Sammenlign priser p\u00e5 Nedis &#8211; Power Inverter fjernbetjening | 5.00 m | RJ10 | Hvid &#8211; PIMSRC05WT og k\u00f8b online til den billigste pris, samt p\u00e5 tilbud!\u00a0\u00a0Tjek den bedste pris, produkt beskrivelse, video, test, anmeldelser osv.<\/p>\n<p><strong>Brand: <\/strong>Nedis<br \/>\n<strong>EAN: <\/strong>5412810300785<br \/>\n<strong>Producentens varenr.:<\/strong> 5412810300785<\/p>\n<p><strong>P.S.<\/strong><br \/>\nTilmeld dig til &#8220;Opret Gratis Prisfald Alarm&#8221;, og bliv underrettet med det samme om prisfald p\u00e5 Nedis &#8211; Power Inverter fjernbetjening | 5.00 m | RJ10 | Hvid &#8211; PIMSRC05WT, og f\u00e5 den billigste pris!<\/p>\n<p>&nbsp;<\/p>\n<p>&nbsp;<\/p>\n","protected":false},"excerpt":{"rendered":"<p>K\u00f8b billig Nedis &#8211; Power Inverter fjernbetjening | 5.00 m | RJ10 | Hvid &#8211; PIMSRC05WT! Placer inverterne sikkert og praktisk ude af syne. Denne fjernbetjening med et ekstra langt kabel g\u00f8r det muligt at anbringe og endda indbygge din vekselretter, hvor det passer dig bedst og stadig nemt kunne t\u00e6nde og slukke for den. [&hellip;]<\/p>\n","protected":false},"featured_media":999980000004500060,"template":"","meta":[],"store":[1272516],"product_brand":[1272517],"product_cat":[797161],"product_tag":[1275234,1275178],"class_list":{"0":"post-450006","1":"product","2":"type-product","3":"status-publish","4":"has-post-thumbnail","6":"store-butik24","7":"product_brand-nedis","8":"product_cat-energi","9":"product_tag-energi","10":"product_tag-nedis","11":"pa_maerke-nedis","13":"first","14":"instock","15":"product-type-external"},"_links":{"self":[{"href":"https:\/\/www.pricetornado.com\/da\/wp-json\/wp\/v2\/product\/450006","targetHints":{"allow":["GET"]}}],"collection":[{"href":"https:\/\/www.pricetornado.com\/da\/wp-json\/wp\/v2\/product"}],"about":[{"href":"https:\/\/www.pricetornado.com\/da\/wp-json\/wp\/v2\/types\/product"}],"wp:featuredmedia":[{"embeddable":true,"href":"https:\/\/www.pricetornado.com\/da\/wp-json\/"}],"wp:attachment":[{"href":"https:\/\/www.pricetornado.com\/da\/wp-json\/wp\/v2\/media?parent=450006"}],"wp:term":[{"taxonomy":"store","embeddable":true,"href":"https:\/\/www.pricetornado.com\/da\/wp-json\/wp\/v2\/store?post=450006"},{"taxonomy":"product_brand","embeddable":true,"href":"https:\/\/www.pricetornado.com\/da\/wp-json\/wp\/v2\/product_brand?post=450006"},{"taxonomy":"product_cat","embeddable":true,"href":"https:\/\/www.pricetornado.com\/da\/wp-json\/wp\/v2\/product_cat?post=450006"},{"taxonomy":"product_tag","embeddable":true,"href":"https:\/\/www.pricetornado.com\/da\/wp-json\/wp\/v2\/product_tag?post=450006"}],"curies":[{"name":"wp","href":"https:\/\/api.w.org\/{rel}","templated":true}]}}