{"id":450004,"date":"2025-02-24T02:20:36","date_gmt":"2025-02-24T01:20:36","guid":{"rendered":"https:\/\/www.pricetornado.com\/da\/produkt\/nedis-power-converter-stroemforsyning-230-v-ac-50-hz-270-w-eu-stik-sort-poco102\/"},"modified":"2026-04-29T02:33:00","modified_gmt":"2026-04-29T00:33:00","slug":"nedis-power-converter-stroemforsyning-230-v-ac-50-hz-270-w-eu-stik-sort-poco102","status":"publish","type":"product","link":"https:\/\/www.pricetornado.com\/da\/produkt\/nedis-power-converter-stroemforsyning-230-v-ac-50-hz-270-w-eu-stik-sort-poco102\/","title":{"rendered":"Nedis &#8211; Power Converter | Str\u00f8mforsyning | 230 V AC 50 Hz | 270 W | EU stik | Sort &#8211; POCO102"},"content":{"rendered":"<p>K\u00f8b billig Nedis &#8211; Power Converter | Str\u00f8mforsyning | 230 V AC 50 Hz | 270 W | EU stik | Sort &#8211; POCO102!<br \/>\nDenne Nedis step down sp\u00e6ndingsomformer er dit pas til problemfri elektronisk kompatibilitet mellem USA og Europa. Denne desktopkonverter konverterer ubesv\u00e6ret 230 V AC til 110 V AC og sikrer, at dine amerikanske apparater fungerer problemfrit i europ\u00e6iske stikkontakter.<\/p>\n<p>Sammenlign priser p\u00e5 Nedis &#8211; Power Converter | Str\u00f8mforsyning | 230 V AC 50 Hz | 270 W | EU stik | Sort &#8211; POCO102 og k\u00f8b online til den billigste pris, samt p\u00e5 tilbud!\u00a0\u00a0Tjek den bedste pris, produkt beskrivelse, video, test, anmeldelser osv.<\/p>\n<p><strong>Brand: <\/strong>Nedis<br \/>\n<strong>EAN: <\/strong>5412810300754<br \/>\n<strong>Producentens varenr.:<\/strong> 5412810300754<\/p>\n<p><strong>P.S.<\/strong><br \/>\nTilmeld dig til &#8220;Opret Gratis Prisfald Alarm&#8221;, og bliv underrettet med det samme om prisfald p\u00e5 Nedis &#8211; Power Converter | Str\u00f8mforsyning | 230 V AC 50 Hz | 270 W | EU stik | Sort &#8211; POCO102, og f\u00e5 den billigste pris!<\/p>\n<p>&nbsp;<\/p>\n<p>&nbsp;<\/p>\n","protected":false},"excerpt":{"rendered":"<p>K\u00f8b billig Nedis &#8211; Power Converter | Str\u00f8mforsyning | 230 V AC 50 Hz | 270 W | EU stik | Sort &#8211; POCO102! Denne Nedis step down sp\u00e6ndingsomformer er dit pas til problemfri elektronisk kompatibilitet mellem USA og Europa. Denne desktopkonverter konverterer ubesv\u00e6ret 230 V AC til 110 V AC og sikrer, at dine [&hellip;]<\/p>\n","protected":false},"featured_media":999980000004500040,"template":"","meta":[],"store":[1272516],"product_brand":[1272517],"product_cat":[797161],"product_tag":[1275234,1275178],"class_list":{"0":"post-450004","1":"product","2":"type-product","3":"status-publish","4":"has-post-thumbnail","6":"store-butik24","7":"product_brand-nedis","8":"product_cat-energi","9":"product_tag-energi","10":"product_tag-nedis","11":"pa_maerke-nedis","13":"first","14":"instock","15":"product-type-external"},"_links":{"self":[{"href":"https:\/\/www.pricetornado.com\/da\/wp-json\/wp\/v2\/product\/450004","targetHints":{"allow":["GET"]}}],"collection":[{"href":"https:\/\/www.pricetornado.com\/da\/wp-json\/wp\/v2\/product"}],"about":[{"href":"https:\/\/www.pricetornado.com\/da\/wp-json\/wp\/v2\/types\/product"}],"wp:featuredmedia":[{"embeddable":true,"href":"https:\/\/www.pricetornado.com\/da\/wp-json\/"}],"wp:attachment":[{"href":"https:\/\/www.pricetornado.com\/da\/wp-json\/wp\/v2\/media?parent=450004"}],"wp:term":[{"taxonomy":"store","embeddable":true,"href":"https:\/\/www.pricetornado.com\/da\/wp-json\/wp\/v2\/store?post=450004"},{"taxonomy":"product_brand","embeddable":true,"href":"https:\/\/www.pricetornado.com\/da\/wp-json\/wp\/v2\/product_brand?post=450004"},{"taxonomy":"product_cat","embeddable":true,"href":"https:\/\/www.pricetornado.com\/da\/wp-json\/wp\/v2\/product_cat?post=450004"},{"taxonomy":"product_tag","embeddable":true,"href":"https:\/\/www.pricetornado.com\/da\/wp-json\/wp\/v2\/product_tag?post=450004"}],"curies":[{"name":"wp","href":"https:\/\/api.w.org\/{rel}","templated":true}]}}