{"id":449992,"date":"2025-02-21T06:22:41","date_gmt":"2025-02-21T05:22:41","guid":{"rendered":"https:\/\/www.pricetornado.com\/da\/produkt\/nedis-glasfiber-patchkabel-smf-single-mode-phase-sc-apc-sc-apc-100-gbps-6-00-m-hvid-gift-box-with-euro-lock-ccgb89600wt60\/"},"modified":"2026-04-30T03:00:26","modified_gmt":"2026-04-30T01:00:26","slug":"nedis-glasfiber-patchkabel-smf-single-mode-phase-sc-apc-sc-apc-100-gbps-6-00-m-hvid-gift-box-with-euro-lock-ccgb89600wt60","status":"publish","type":"product","link":"https:\/\/www.pricetornado.com\/da\/produkt\/nedis-glasfiber-patchkabel-smf-single-mode-phase-sc-apc-sc-apc-100-gbps-6-00-m-hvid-gift-box-with-euro-lock-ccgb89600wt60\/","title":{"rendered":"Nedis &#8211; Glasfiber Patchkabel | SMF (Single Mode Phase) | SC\/APC | SC\/APC | 100 Gbps | 6.00 m | Hvid | Gift Box with Euro Lock &#8211; CCGB89600WT60"},"content":{"rendered":"<p>K\u00f8b billig Nedis &#8211; Glasfiber Patchkabel | SMF (Single Mode Phase) | SC\/APC | SC\/APC | 100 Gbps | 6.00 m | Hvid | Gift Box with Euro Lock &#8211; CCGB89600WT60!<br \/>\nNedis Fibre Optic Patch Cable-kablet er velegnet til de nyeste FTTH-applikationer (Fiber to the Home) og er kompatibelt med FTTH-mulighederne hos en lang r\u00e6kke teleudbydere. Takket v\u00e6re en optimeret b\u00f8jningsradius for det fiberoptiske kabel er det muligt at installere pladsbesparende uden at \u00f8ge d\u00e6mpningen og risikere interferens.<\/p>\n<p>Sammenlign priser p\u00e5 Nedis &#8211; Glasfiber Patchkabel | SMF (Single Mode Phase) | SC\/APC | SC\/APC | 100 Gbps | 6.00 m | Hvid | Gift Box with Euro Lock &#8211; CCGB89600WT60 og k\u00f8b online til den billigste pris, samt p\u00e5 tilbud!\u00a0\u00a0Tjek den bedste pris, produkt beskrivelse, video, test, anmeldelser osv.<\/p>\n<p><strong>Brand: <\/strong>Nedis<br \/>\n<strong>EAN: <\/strong>5412810464302<br \/>\n<strong>Producentens varenr.:<\/strong> 5412810464302<\/p>\n<p><strong>P.S.<\/strong><br \/>\nTilmeld dig til &#8220;Opret Gratis Prisfald Alarm&#8221;, og bliv underrettet med det samme om prisfald p\u00e5 Nedis &#8211; Glasfiber Patchkabel | SMF (Single Mode Phase) | SC\/APC | SC\/APC | 100 Gbps | 6.00 m | Hvid | Gift Box with Euro Lock &#8211; CCGB89600WT60, og f\u00e5 den billigste pris!<\/p>\n<p>&nbsp;<\/p>\n<p>&nbsp;<\/p>\n","protected":false},"excerpt":{"rendered":"<p>K\u00f8b billig Nedis &#8211; Glasfiber Patchkabel | SMF (Single Mode Phase) | SC\/APC | SC\/APC | 100 Gbps | 6.00 m | Hvid | Gift Box with Euro Lock &#8211; CCGB89600WT60! Nedis Fibre Optic Patch Cable-kablet er velegnet til de nyeste FTTH-applikationer (Fiber to the Home) og er kompatibelt med FTTH-mulighederne hos en lang r\u00e6kke [&hellip;]<\/p>\n","protected":false},"featured_media":999980000004499920,"template":"","meta":[],"store":[1272516],"product_brand":[1272517],"product_cat":[1275232],"product_tag":[1275233,1275178],"class_list":{"0":"post-449992","1":"product","2":"type-product","3":"status-publish","4":"has-post-thumbnail","6":"store-butik24","7":"product_brand-nedis","8":"product_cat-computer-og-netvaerk","9":"product_tag-computer-og-netvaerk","10":"product_tag-nedis","11":"pa_maerke-nedis","13":"first","14":"instock","15":"product-type-external"},"_links":{"self":[{"href":"https:\/\/www.pricetornado.com\/da\/wp-json\/wp\/v2\/product\/449992","targetHints":{"allow":["GET"]}}],"collection":[{"href":"https:\/\/www.pricetornado.com\/da\/wp-json\/wp\/v2\/product"}],"about":[{"href":"https:\/\/www.pricetornado.com\/da\/wp-json\/wp\/v2\/types\/product"}],"wp:featuredmedia":[{"embeddable":true,"href":"https:\/\/www.pricetornado.com\/da\/wp-json\/"}],"wp:attachment":[{"href":"https:\/\/www.pricetornado.com\/da\/wp-json\/wp\/v2\/media?parent=449992"}],"wp:term":[{"taxonomy":"store","embeddable":true,"href":"https:\/\/www.pricetornado.com\/da\/wp-json\/wp\/v2\/store?post=449992"},{"taxonomy":"product_brand","embeddable":true,"href":"https:\/\/www.pricetornado.com\/da\/wp-json\/wp\/v2\/product_brand?post=449992"},{"taxonomy":"product_cat","embeddable":true,"href":"https:\/\/www.pricetornado.com\/da\/wp-json\/wp\/v2\/product_cat?post=449992"},{"taxonomy":"product_tag","embeddable":true,"href":"https:\/\/www.pricetornado.com\/da\/wp-json\/wp\/v2\/product_tag?post=449992"}],"curies":[{"name":"wp","href":"https:\/\/api.w.org\/{rel}","templated":true}]}}