{"id":449982,"date":"2025-02-27T05:05:23","date_gmt":"2025-02-27T04:05:23","guid":{"rendered":"https:\/\/www.pricetornado.com\/da\/produkt\/nedis-cat-8-1-netvaerkskabel-s-ftp-rj45-han-rj45-han-5-00-m-runde-lszh-graa-label-ccgl85520gy50\/"},"modified":"2026-04-30T03:00:25","modified_gmt":"2026-04-30T01:00:25","slug":"nedis-cat-8-1-netvaerkskabel-s-ftp-rj45-han-rj45-han-5-00-m-runde-lszh-graa-label-ccgl85520gy50","status":"publish","type":"product","link":"https:\/\/www.pricetornado.com\/da\/produkt\/nedis-cat-8-1-netvaerkskabel-s-ftp-rj45-han-rj45-han-5-00-m-runde-lszh-graa-label-ccgl85520gy50\/","title":{"rendered":"Nedis &#8211; Cat 8.1 netv\u00e6rkskabel | S\/FTP | RJ45 Han | RJ45 Han | 5.00 m | Runde | LSZH | Gr\u00e5 | Label &#8211; CCGL85520GY50"},"content":{"rendered":"<p>K\u00f8b billig Nedis &#8211; Cat 8.1 netv\u00e6rkskabel | S\/FTP | RJ45 Han | RJ45 Han | 5.00 m | Runde | LSZH | Gr\u00e5 | Label &#8211; CCGL85520GY50!<br \/>\nDobbeltsk\u00e6rmet patch-kabel til CAT8-installationer, velegnet til 2000 MHz\/2 GHz-netv\u00e6rksmilj\u00f8er.<\/p>\n<p>Sammenlign priser p\u00e5 Nedis &#8211; Cat 8.1 netv\u00e6rkskabel | S\/FTP | RJ45 Han | RJ45 Han | 5.00 m | Runde | LSZH | Gr\u00e5 | Label &#8211; CCGL85520GY50 og k\u00f8b online til den billigste pris, samt p\u00e5 tilbud!\u00a0\u00a0Tjek den bedste pris, produkt beskrivelse, video, test, anmeldelser osv.<\/p>\n<p><strong>Brand: <\/strong>Nedis<br \/>\n<strong>EAN: <\/strong>5412810452934<br \/>\n<strong>Producentens varenr.:<\/strong> 5412810452934<\/p>\n<p><strong>P.S.<\/strong><br \/>\nTilmeld dig til &#8220;Opret Gratis Prisfald Alarm&#8221;, og bliv underrettet med det samme om prisfald p\u00e5 Nedis &#8211; Cat 8.1 netv\u00e6rkskabel | S\/FTP | RJ45 Han | RJ45 Han | 5.00 m | Runde | LSZH | Gr\u00e5 | Label &#8211; CCGL85520GY50, og f\u00e5 den billigste pris!<\/p>\n<p>&nbsp;<\/p>\n<p>&nbsp;<\/p>\n","protected":false},"excerpt":{"rendered":"<p>K\u00f8b billig Nedis &#8211; Cat 8.1 netv\u00e6rkskabel | S\/FTP | RJ45 Han | RJ45 Han | 5.00 m | Runde | LSZH | Gr\u00e5 | Label &#8211; CCGL85520GY50! Dobbeltsk\u00e6rmet patch-kabel til CAT8-installationer, velegnet til 2000 MHz\/2 GHz-netv\u00e6rksmilj\u00f8er. Sammenlign priser p\u00e5 Nedis &#8211; Cat 8.1 netv\u00e6rkskabel | S\/FTP | RJ45 Han | RJ45 Han | 5.00 [&hellip;]<\/p>\n","protected":false},"featured_media":999980000004499820,"template":"","meta":[],"store":[1272516],"product_brand":[1272517],"product_cat":[1275232],"product_tag":[1275233,1275178],"class_list":{"0":"post-449982","1":"product","2":"type-product","3":"status-publish","4":"has-post-thumbnail","6":"store-butik24","7":"product_brand-nedis","8":"product_cat-computer-og-netvaerk","9":"product_tag-computer-og-netvaerk","10":"product_tag-nedis","11":"pa_maerke-nedis","13":"first","14":"instock","15":"product-type-external"},"_links":{"self":[{"href":"https:\/\/www.pricetornado.com\/da\/wp-json\/wp\/v2\/product\/449982","targetHints":{"allow":["GET"]}}],"collection":[{"href":"https:\/\/www.pricetornado.com\/da\/wp-json\/wp\/v2\/product"}],"about":[{"href":"https:\/\/www.pricetornado.com\/da\/wp-json\/wp\/v2\/types\/product"}],"wp:featuredmedia":[{"embeddable":true,"href":"https:\/\/www.pricetornado.com\/da\/wp-json\/"}],"wp:attachment":[{"href":"https:\/\/www.pricetornado.com\/da\/wp-json\/wp\/v2\/media?parent=449982"}],"wp:term":[{"taxonomy":"store","embeddable":true,"href":"https:\/\/www.pricetornado.com\/da\/wp-json\/wp\/v2\/store?post=449982"},{"taxonomy":"product_brand","embeddable":true,"href":"https:\/\/www.pricetornado.com\/da\/wp-json\/wp\/v2\/product_brand?post=449982"},{"taxonomy":"product_cat","embeddable":true,"href":"https:\/\/www.pricetornado.com\/da\/wp-json\/wp\/v2\/product_cat?post=449982"},{"taxonomy":"product_tag","embeddable":true,"href":"https:\/\/www.pricetornado.com\/da\/wp-json\/wp\/v2\/product_tag?post=449982"}],"curies":[{"name":"wp","href":"https:\/\/api.w.org\/{rel}","templated":true}]}}