{"id":449966,"date":"2025-02-22T03:40:55","date_gmt":"2025-02-22T02:40:55","guid":{"rendered":"https:\/\/www.pricetornado.com\/da\/produkt\/nedis-netvaerksvaegboks-flush-mount-2-port-ports-cat6-lige-hun-guldplateret-pvc-hvid-box-ccbw89200iv\/"},"modified":"2026-05-01T03:00:21","modified_gmt":"2026-05-01T01:00:21","slug":"nedis-netvaerksvaegboks-flush-mount-2-port-ports-cat6-lige-hun-guldplateret-pvc-hvid-box-ccbw89200iv","status":"publish","type":"product","link":"https:\/\/www.pricetornado.com\/da\/produkt\/nedis-netvaerksvaegboks-flush-mount-2-port-ports-cat6-lige-hun-guldplateret-pvc-hvid-box-ccbw89200iv\/","title":{"rendered":"Nedis &#8211; Netv\u00e6rksv\u00e6gboks | Flush Mount | 2-Port port(s) | CAT6 | Lige | Hun | Guldplateret | PVC | Hvid | Box &#8211; CCBW89200IV"},"content":{"rendered":"<p>K\u00f8b billig Nedis &#8211; Netv\u00e6rksv\u00e6gboks | Flush Mount | 2-Port port(s) | CAT6 | Lige | Hun | Guldplateret | PVC | Hvid | Box &#8211; CCBW89200IV!<br \/>\nDenne RJ45-v\u00e6gboks har to RJ45-netv\u00e6rksforbindelser. Den kan fladmonteres og er velegnet til CAT 6.<\/p>\n<p>Sammenlign priser p\u00e5 Nedis &#8211; Netv\u00e6rksv\u00e6gboks | Flush Mount | 2-Port port(s) | CAT6 | Lige | Hun | Guldplateret | PVC | Hvid | Box &#8211; CCBW89200IV og k\u00f8b online til den billigste pris, samt p\u00e5 tilbud!\u00a0\u00a0Tjek den bedste pris, produkt beskrivelse, video, test, anmeldelser osv.<\/p>\n<p><strong>Brand: <\/strong>Nedis<br \/>\n<strong>EAN: <\/strong>5412810335268<br \/>\n<strong>Producentens varenr.:<\/strong> 5412810335268<\/p>\n<p><strong>P.S.<\/strong><br \/>\nTilmeld dig til &#8220;Opret Gratis Prisfald Alarm&#8221;, og bliv underrettet med det samme om prisfald p\u00e5 Nedis &#8211; Netv\u00e6rksv\u00e6gboks | Flush Mount | 2-Port port(s) | CAT6 | Lige | Hun | Guldplateret | PVC | Hvid | Box &#8211; CCBW89200IV, og f\u00e5 den billigste pris!<\/p>\n<p>&nbsp;<\/p>\n<p>&nbsp;<\/p>\n","protected":false},"excerpt":{"rendered":"<p>K\u00f8b billig Nedis &#8211; Netv\u00e6rksv\u00e6gboks | Flush Mount | 2-Port port(s) | CAT6 | Lige | Hun | Guldplateret | PVC | Hvid | Box &#8211; CCBW89200IV! Denne RJ45-v\u00e6gboks har to RJ45-netv\u00e6rksforbindelser. Den kan fladmonteres og er velegnet til CAT 6. Sammenlign priser p\u00e5 Nedis &#8211; Netv\u00e6rksv\u00e6gboks | Flush Mount | 2-Port port(s) | CAT6 [&hellip;]<\/p>\n","protected":false},"featured_media":999980000004499660,"template":"","meta":[],"store":[1272516],"product_brand":[1272517],"product_cat":[1275232],"product_tag":[1275233,1275178],"class_list":{"0":"post-449966","1":"product","2":"type-product","3":"status-publish","4":"has-post-thumbnail","6":"store-butik24","7":"product_brand-nedis","8":"product_cat-computer-og-netvaerk","9":"product_tag-computer-og-netvaerk","10":"product_tag-nedis","11":"pa_maerke-nedis","13":"first","14":"instock","15":"product-type-external"},"_links":{"self":[{"href":"https:\/\/www.pricetornado.com\/da\/wp-json\/wp\/v2\/product\/449966","targetHints":{"allow":["GET"]}}],"collection":[{"href":"https:\/\/www.pricetornado.com\/da\/wp-json\/wp\/v2\/product"}],"about":[{"href":"https:\/\/www.pricetornado.com\/da\/wp-json\/wp\/v2\/types\/product"}],"wp:featuredmedia":[{"embeddable":true,"href":"https:\/\/www.pricetornado.com\/da\/wp-json\/"}],"wp:attachment":[{"href":"https:\/\/www.pricetornado.com\/da\/wp-json\/wp\/v2\/media?parent=449966"}],"wp:term":[{"taxonomy":"store","embeddable":true,"href":"https:\/\/www.pricetornado.com\/da\/wp-json\/wp\/v2\/store?post=449966"},{"taxonomy":"product_brand","embeddable":true,"href":"https:\/\/www.pricetornado.com\/da\/wp-json\/wp\/v2\/product_brand?post=449966"},{"taxonomy":"product_cat","embeddable":true,"href":"https:\/\/www.pricetornado.com\/da\/wp-json\/wp\/v2\/product_cat?post=449966"},{"taxonomy":"product_tag","embeddable":true,"href":"https:\/\/www.pricetornado.com\/da\/wp-json\/wp\/v2\/product_tag?post=449966"}],"curies":[{"name":"wp","href":"https:\/\/api.w.org\/{rel}","templated":true}]}}