{"id":449959,"date":"2025-02-20T11:30:32","date_gmt":"2025-02-20T10:30:32","guid":{"rendered":"https:\/\/www.pricetornado.com\/da\/produkt\/nedis-stereo-audio-kabel-3-5-mm-hanstik-2x-rca-hanstik-nikkelplateret-10-0-m-runde-sort-box-cagb22200bk100\/"},"modified":"2026-04-30T02:50:07","modified_gmt":"2026-04-30T00:50:07","slug":"nedis-stereo-audio-kabel-3-5-mm-hanstik-2x-rca-hanstik-nikkelplateret-10-0-m-runde-sort-box-cagb22200bk100","status":"publish","type":"product","link":"https:\/\/www.pricetornado.com\/da\/produkt\/nedis-stereo-audio-kabel-3-5-mm-hanstik-2x-rca-hanstik-nikkelplateret-10-0-m-runde-sort-box-cagb22200bk100\/","title":{"rendered":"Nedis &#8211; Stereo Audio kabel | 3.5 mm Hanstik | 2x RCA Hanstik | Nikkelplateret | 10.0 m | Runde | Sort | Box &#8211; CAGB22200BK100"},"content":{"rendered":"<p>K\u00f8b billig Nedis &#8211; Stereo Audio kabel | 3.5 mm Hanstik | 2x RCA Hanstik | Nikkelplateret | 10.0 m | Runde | Sort | Box &#8211; CAGB22200BK100!<br \/>\nDette stereo audiokabel er ideelt til at forbinde dine audioenheder, s\u00e5som MP3-afspillere eller mobiltelefoner, med et h\u00f8jttalers\u00e6t eller en forst\u00e6rker. Med en imponerende l\u00e6ngde p\u00e5 10 meter giver det dig optimal fleksibilitet i placeringen af dine enheder og sikrer samtidig stabil lydoverf\u00f8rsel.Kablet har nikkelplaterede og guldbelagte hanstik, hvilket optimerer lydtransmissionen og bidrager til forbedret lydkvalitet. Det runde, sorte kabel byder p\u00e5 praktisk kabelh\u00e5ndtering og passer diskret ind i enhver audioops\u00e6tning. Den fleksible strain relief ved forbindelserne beskytter effektivt mod kabelbrud og forl\u00e6nger kabellets levetid.Dette stereo audiokabel er velegnet til p\u00e5lidelig stereo lydoverf\u00f8rsel i hjemmeaudioops\u00e6tninger og leverer god lydkvalitet til almindelige brugssituationer. Oplev nem og stabil forbindelse mellem dine lydapparater med dette praktiske kabel.<\/p>\n<p>Sammenlign priser p\u00e5 Nedis &#8211; Stereo Audio kabel | 3.5 mm Hanstik | 2x RCA Hanstik | Nikkelplateret | 10.0 m | Runde | Sort | Box &#8211; CAGB22200BK100 og k\u00f8b online til den billigste pris, samt p\u00e5 tilbud!\u00a0\u00a0Tjek den bedste pris, produkt beskrivelse, video, test, anmeldelser osv.<\/p>\n<p><strong>Brand: <\/strong>Nedis<br \/>\n<strong>EAN: <\/strong>5412810288151<br \/>\n<strong>Producentens varenr.:<\/strong> 5412810288151<\/p>\n<p><strong>P.S.<\/strong><br \/>\nTilmeld dig til &#8220;Opret Gratis Prisfald Alarm&#8221;, og bliv underrettet med det samme om prisfald p\u00e5 Nedis &#8211; Stereo Audio kabel | 3.5 mm Hanstik | 2x RCA Hanstik | Nikkelplateret | 10.0 m | Runde | Sort | Box &#8211; CAGB22200BK100, og f\u00e5 den billigste pris!<\/p>\n<p>&nbsp;<\/p>\n<p>&nbsp;<\/p>\n","protected":false},"excerpt":{"rendered":"<p>K\u00f8b billig Nedis &#8211; Stereo Audio kabel | 3.5 mm Hanstik | 2x RCA Hanstik | Nikkelplateret | 10.0 m | Runde | Sort | Box &#8211; CAGB22200BK100! Dette stereo audiokabel er ideelt til at forbinde dine audioenheder, s\u00e5som MP3-afspillere eller mobiltelefoner, med et h\u00f8jttalers\u00e6t eller en forst\u00e6rker. Med en imponerende l\u00e6ngde p\u00e5 10 meter [&hellip;]<\/p>\n","protected":false},"featured_media":999980000004499590,"template":"","meta":[],"store":[1272516],"product_brand":[1272517],"product_cat":[1272472],"product_tag":[1272746,1275178],"class_list":{"0":"post-449959","1":"product","2":"type-product","3":"status-publish","4":"has-post-thumbnail","6":"store-butik24","7":"product_brand-nedis","8":"product_cat-lyd","9":"product_tag-lyd","10":"product_tag-nedis","11":"pa_maerke-nedis","13":"first","14":"instock","15":"product-type-external"},"_links":{"self":[{"href":"https:\/\/www.pricetornado.com\/da\/wp-json\/wp\/v2\/product\/449959","targetHints":{"allow":["GET"]}}],"collection":[{"href":"https:\/\/www.pricetornado.com\/da\/wp-json\/wp\/v2\/product"}],"about":[{"href":"https:\/\/www.pricetornado.com\/da\/wp-json\/wp\/v2\/types\/product"}],"wp:featuredmedia":[{"embeddable":true,"href":"https:\/\/www.pricetornado.com\/da\/wp-json\/"}],"wp:attachment":[{"href":"https:\/\/www.pricetornado.com\/da\/wp-json\/wp\/v2\/media?parent=449959"}],"wp:term":[{"taxonomy":"store","embeddable":true,"href":"https:\/\/www.pricetornado.com\/da\/wp-json\/wp\/v2\/store?post=449959"},{"taxonomy":"product_brand","embeddable":true,"href":"https:\/\/www.pricetornado.com\/da\/wp-json\/wp\/v2\/product_brand?post=449959"},{"taxonomy":"product_cat","embeddable":true,"href":"https:\/\/www.pricetornado.com\/da\/wp-json\/wp\/v2\/product_cat?post=449959"},{"taxonomy":"product_tag","embeddable":true,"href":"https:\/\/www.pricetornado.com\/da\/wp-json\/wp\/v2\/product_tag?post=449959"}],"curies":[{"name":"wp","href":"https:\/\/api.w.org\/{rel}","templated":true}]}}