{"id":449954,"date":"2025-02-25T00:56:52","date_gmt":"2025-02-24T23:56:52","guid":{"rendered":"https:\/\/www.pricetornado.com\/da\/produkt\/nedis-usb-kabel-usb-3-2-gen-1-usb-a-han-usb-micro-b-han-5-gbps-nikkelplateret-5-00-m-runde-pvc-blaa-konvolut-ccgp61500bu50\/"},"modified":"2026-04-29T02:27:02","modified_gmt":"2026-04-29T00:27:02","slug":"nedis-usb-kabel-usb-3-2-gen-1-usb-a-han-usb-micro-b-han-5-gbps-nikkelplateret-5-00-m-runde-pvc-blaa-konvolut-ccgp61500bu50","status":"publish","type":"product","link":"https:\/\/www.pricetornado.com\/da\/produkt\/nedis-usb-kabel-usb-3-2-gen-1-usb-a-han-usb-micro-b-han-5-gbps-nikkelplateret-5-00-m-runde-pvc-blaa-konvolut-ccgp61500bu50\/","title":{"rendered":"Nedis &#8211; USB-kabel | USB 3.2 Gen 1 | USB-A Han | USB Micro-B han | 5 Gbps | Nikkelplateret | 5.00 m | Runde | PVC | Bl\u00e5 | Konvolut &#8211; CCGP61500BU50"},"content":{"rendered":"<p>K\u00f8b billig Nedis &#8211; USB-kabel | USB 3.2 Gen 1 | USB-A Han | USB Micro-B han | 5 Gbps | Nikkelplateret | 5.00 m | Runde | PVC | Bl\u00e5 | Konvolut &#8211; CCGP61500BU50!<br \/>\nUSB 3.2 Gen 1-kabel til stabil og hurtig dataoverf\u00f8rselDette USB-kabel er ideelt til tilslutning af enheder som eksterne harddiske eller printere til din computer. Med en l\u00e6ngde p\u00e5 5 meter giver kablet dig stor fleksibilitet og r\u00e6kkevidde ved brug, uden at g\u00e5 p\u00e5 kompromis med signalstyrken.Kablet underst\u00f8tter USB 3.2 Gen 1-teknologi, hvilket giver dataoverf\u00f8rselshastigheder op til 5 Gbps, s\u00e5 du nemt og hurtigt kan flytte store filer mellem dine enheder.Det robuste kabel er fremstillet med kobberledere, hvilket sikrer stabil signaltransmission. De nikkelbelagte stik forbedrer b\u00e5de holdbarhed og forbindelsens p\u00e5lidelighed, mens den runde PVC-yderside yder beskyttelse mod daglig slitage.Med dette USB 3.2 Gen 1-kabel f\u00e5r du en stabil, slidst\u00e6rk og praktisk l\u00f8sning til hurtig dataoverf\u00f8rsel og tilslutning mellem computer og tilbeh\u00f8r.<\/p>\n<p>Sammenlign priser p\u00e5 Nedis &#8211; USB-kabel | USB 3.2 Gen 1 | USB-A Han | USB Micro-B han | 5 Gbps | Nikkelplateret | 5.00 m | Runde | PVC | Bl\u00e5 | Konvolut &#8211; CCGP61500BU50 og k\u00f8b online til den billigste pris, samt p\u00e5 tilbud!\u00a0\u00a0Tjek den bedste pris, produkt beskrivelse, video, test, anmeldelser osv.<\/p>\n<p><strong>Brand: <\/strong>Nedis<br \/>\n<strong>EAN: <\/strong>5412810275250<br \/>\n<strong>Producentens varenr.:<\/strong> 5412810275250<\/p>\n<p><strong>P.S.<\/strong><br \/>\nTilmeld dig til &#8220;Opret Gratis Prisfald Alarm&#8221;, og bliv underrettet med det samme om prisfald p\u00e5 Nedis &#8211; USB-kabel | USB 3.2 Gen 1 | USB-A Han | USB Micro-B han | 5 Gbps | Nikkelplateret | 5.00 m | Runde | PVC | Bl\u00e5 | Konvolut &#8211; CCGP61500BU50, og f\u00e5 den billigste pris!<\/p>\n<p>&nbsp;<\/p>\n<p>&nbsp;<\/p>\n","protected":false},"excerpt":{"rendered":"<p>K\u00f8b billig Nedis &#8211; USB-kabel | USB 3.2 Gen 1 | USB-A Han | USB Micro-B han | 5 Gbps | Nikkelplateret | 5.00 m | Runde | PVC | Bl\u00e5 | Konvolut &#8211; CCGP61500BU50! USB 3.2 Gen 1-kabel til stabil og hurtig dataoverf\u00f8rselDette USB-kabel er ideelt til tilslutning af enheder som eksterne harddiske eller [&hellip;]<\/p>\n","protected":false},"featured_media":999980000004499540,"template":"","meta":[],"store":[1272516],"product_brand":[1272517],"product_cat":[1275232],"product_tag":[1275233,1275178],"class_list":{"0":"post-449954","1":"product","2":"type-product","3":"status-publish","4":"has-post-thumbnail","6":"store-butik24","7":"product_brand-nedis","8":"product_cat-computer-og-netvaerk","9":"product_tag-computer-og-netvaerk","10":"product_tag-nedis","11":"pa_maerke-nedis","13":"first","14":"instock","15":"product-type-external"},"_links":{"self":[{"href":"https:\/\/www.pricetornado.com\/da\/wp-json\/wp\/v2\/product\/449954","targetHints":{"allow":["GET"]}}],"collection":[{"href":"https:\/\/www.pricetornado.com\/da\/wp-json\/wp\/v2\/product"}],"about":[{"href":"https:\/\/www.pricetornado.com\/da\/wp-json\/wp\/v2\/types\/product"}],"wp:featuredmedia":[{"embeddable":true,"href":"https:\/\/www.pricetornado.com\/da\/wp-json\/"}],"wp:attachment":[{"href":"https:\/\/www.pricetornado.com\/da\/wp-json\/wp\/v2\/media?parent=449954"}],"wp:term":[{"taxonomy":"store","embeddable":true,"href":"https:\/\/www.pricetornado.com\/da\/wp-json\/wp\/v2\/store?post=449954"},{"taxonomy":"product_brand","embeddable":true,"href":"https:\/\/www.pricetornado.com\/da\/wp-json\/wp\/v2\/product_brand?post=449954"},{"taxonomy":"product_cat","embeddable":true,"href":"https:\/\/www.pricetornado.com\/da\/wp-json\/wp\/v2\/product_cat?post=449954"},{"taxonomy":"product_tag","embeddable":true,"href":"https:\/\/www.pricetornado.com\/da\/wp-json\/wp\/v2\/product_tag?post=449954"}],"curies":[{"name":"wp","href":"https:\/\/api.w.org\/{rel}","templated":true}]}}