{"id":449953,"date":"2025-02-26T17:16:28","date_gmt":"2025-02-26T16:16:28","guid":{"rendered":"https:\/\/www.pricetornado.com\/da\/produkt\/nedis-stroemkabel-stikprop-med-sidebens-jord-han-stikprop-med-sidebens-jord-hun-vinklet-lige-nikkelplateret-3-00-m-runde-pvc-sort-konvolut-cegp10230bk30\/"},"modified":"2026-04-29T02:26:59","modified_gmt":"2026-04-29T00:26:59","slug":"nedis-stroemkabel-stikprop-med-sidebens-jord-han-stikprop-med-sidebens-jord-hun-vinklet-lige-nikkelplateret-3-00-m-runde-pvc-sort-konvolut-cegp10230bk30","status":"publish","type":"product","link":"https:\/\/www.pricetornado.com\/da\/produkt\/nedis-stroemkabel-stikprop-med-sidebens-jord-han-stikprop-med-sidebens-jord-hun-vinklet-lige-nikkelplateret-3-00-m-runde-pvc-sort-konvolut-cegp10230bk30\/","title":{"rendered":"Nedis &#8211; Str\u00f8mkabel | Stikprop med sidebens jord \u2013 Han | Stikprop med sidebens jord \u2013 Hun | Vinklet | Lige | Nikkelplateret | 3.00 m | Runde | PVC | Sort | Konvolut &#8211; CEGP10230BK30"},"content":{"rendered":"<p>K\u00f8b billig Nedis &#8211; Str\u00f8mkabel | Stikprop med sidebens jord \u2013 Han | Stikprop med sidebens jord \u2013 Hun | Vinklet | Lige | Nikkelplateret | 3.00 m | Runde | PVC | Sort | Konvolut &#8211; CEGP10230BK30!<br \/>\nDenne praktiske og sikre str\u00f8mforl\u00e6ngerledning er ideel til at forl\u00e6nge r\u00e6kkevidden p\u00e5 dine IEC-str\u00f8mledninger. Ledningen har han- og hunstikpropper med sidebens jord, hvilket sikrer en p\u00e5lidelig jordforbindelse under brug.Det sorte, runde kabel sikrer diskret installation, mens de nikkelbelagte kontakter giver forbedret forbindelse og l\u00e6ngere holdbarhed. Forl\u00e6ngerledningen er velegnet til brug i b\u00e5de hjemmet og p\u00e5 kontoret, hvor der er behov for ekstra r\u00e6kkevidde til elektriske enheder uden at g\u00e5 p\u00e5 kompromis med sikkerheden.<\/p>\n<p>Sammenlign priser p\u00e5 Nedis &#8211; Str\u00f8mkabel | Stikprop med sidebens jord \u2013 Han | Stikprop med sidebens jord \u2013 Hun | Vinklet | Lige | Nikkelplateret | 3.00 m | Runde | PVC | Sort | Konvolut &#8211; CEGP10230BK30 og k\u00f8b online til den billigste pris, samt p\u00e5 tilbud!\u00a0\u00a0Tjek den bedste pris, produkt beskrivelse, video, test, anmeldelser osv.<\/p>\n<p><strong>Brand: <\/strong>Nedis<br \/>\n<strong>EAN: <\/strong>5412810281633<br \/>\n<strong>Producentens varenr.:<\/strong> 5412810281633<\/p>\n<p><strong>P.S.<\/strong><br \/>\nTilmeld dig til &#8220;Opret Gratis Prisfald Alarm&#8221;, og bliv underrettet med det samme om prisfald p\u00e5 Nedis &#8211; Str\u00f8mkabel | Stikprop med sidebens jord \u2013 Han | Stikprop med sidebens jord \u2013 Hun | Vinklet | Lige | Nikkelplateret | 3.00 m | Runde | PVC | Sort | Konvolut &#8211; CEGP10230BK30, og f\u00e5 den billigste pris!<\/p>\n<p>&nbsp;<\/p>\n<p>&nbsp;<\/p>\n","protected":false},"excerpt":{"rendered":"<p>K\u00f8b billig Nedis &#8211; Str\u00f8mkabel | Stikprop med sidebens jord \u2013 Han | Stikprop med sidebens jord \u2013 Hun | Vinklet | Lige | Nikkelplateret | 3.00 m | Runde | PVC | Sort | Konvolut &#8211; CEGP10230BK30! Denne praktiske og sikre str\u00f8mforl\u00e6ngerledning er ideel til at forl\u00e6nge r\u00e6kkevidden p\u00e5 dine IEC-str\u00f8mledninger. Ledningen har han- [&hellip;]<\/p>\n","protected":false},"featured_media":999980000004499530,"template":"","meta":[],"store":[1272516],"product_brand":[1272517],"product_cat":[797161],"product_tag":[1275234,1275178],"class_list":{"0":"post-449953","1":"product","2":"type-product","3":"status-publish","4":"has-post-thumbnail","6":"store-butik24","7":"product_brand-nedis","8":"product_cat-energi","9":"product_tag-energi","10":"product_tag-nedis","11":"pa_maerke-nedis","13":"first","14":"instock","15":"product-type-external"},"_links":{"self":[{"href":"https:\/\/www.pricetornado.com\/da\/wp-json\/wp\/v2\/product\/449953","targetHints":{"allow":["GET"]}}],"collection":[{"href":"https:\/\/www.pricetornado.com\/da\/wp-json\/wp\/v2\/product"}],"about":[{"href":"https:\/\/www.pricetornado.com\/da\/wp-json\/wp\/v2\/types\/product"}],"wp:featuredmedia":[{"embeddable":true,"href":"https:\/\/www.pricetornado.com\/da\/wp-json\/"}],"wp:attachment":[{"href":"https:\/\/www.pricetornado.com\/da\/wp-json\/wp\/v2\/media?parent=449953"}],"wp:term":[{"taxonomy":"store","embeddable":true,"href":"https:\/\/www.pricetornado.com\/da\/wp-json\/wp\/v2\/store?post=449953"},{"taxonomy":"product_brand","embeddable":true,"href":"https:\/\/www.pricetornado.com\/da\/wp-json\/wp\/v2\/product_brand?post=449953"},{"taxonomy":"product_cat","embeddable":true,"href":"https:\/\/www.pricetornado.com\/da\/wp-json\/wp\/v2\/product_cat?post=449953"},{"taxonomy":"product_tag","embeddable":true,"href":"https:\/\/www.pricetornado.com\/da\/wp-json\/wp\/v2\/product_tag?post=449953"}],"curies":[{"name":"wp","href":"https:\/\/api.w.org\/{rel}","templated":true}]}}