{"id":449952,"date":"2025-02-25T16:51:09","date_gmt":"2025-02-25T15:51:09","guid":{"rendered":"https:\/\/www.pricetornado.com\/da\/produkt\/nedis-kat-6-kabel-rj45-han-rj45-han-s-ftp-30-0-m-runde-lszh-hvid-konvolut-ccgp85221wt300\/"},"modified":"2026-05-01T03:00:18","modified_gmt":"2026-05-01T01:00:18","slug":"nedis-kat-6-kabel-rj45-han-rj45-han-s-ftp-30-0-m-runde-lszh-hvid-konvolut-ccgp85221wt300","status":"publish","type":"product","link":"https:\/\/www.pricetornado.com\/da\/produkt\/nedis-kat-6-kabel-rj45-han-rj45-han-s-ftp-30-0-m-runde-lszh-hvid-konvolut-ccgp85221wt300\/","title":{"rendered":"Nedis &#8211; Kat 6 kabel | RJ45 Han | RJ45 Han | S\/FTP | 30.0 m | Runde | LSZH | Hvid | Konvolut &#8211; CCGP85221WT300"},"content":{"rendered":"<p>K\u00f8b billig Nedis &#8211; Kat 6 kabel | RJ45 Han | RJ45 Han | S\/FTP | 30.0 m | Runde | LSZH | Hvid | Konvolut &#8211; CCGP85221WT300!<br \/>\nDette kabel er ideelt til tilslutning af en pc til dit hjemmenetv\u00e6rk og sikrer en stabil og hurtig internetforbindelse. Den runde form og en l\u00e6ngde p\u00e5 30 meter g\u00f8r det nemt at installere kablet diskret og fleksibelt, uanset om det skal bruges i hjemmet eller p\u00e5 kontoret.Kablet har et Cat 6 S\/FTP-design, hvilket betyder, at det er udstyret med sk\u00e6rmning, der effektivt beskytter mod elektromagnetisk interferens. Det sikrer stabile Ethernet-forbindelser med hastigheder p\u00e5 op til 10\/100\/1000 Mbps og en frekvens op til 250 MHz, hvilket g\u00f8r det egnet til kr\u00e6vende netv\u00e6rksopgaver.Netv\u00e6rkskablet er fremstillet med kobberleder, der giver h\u00f8j transmissionsevne og p\u00e5lidelig ydeevne. LSZH (Low Smoke Zero Halogen)-kappen s\u00f8rger for \u00f8get brandsikkerhed, da den afgiver minimal r\u00f8g og meget lidt giftige dampe i tilf\u00e6lde af brand.Begge ender af kablet har RJ45 han-stik, der muligg\u00f8r direkte plug-and-play-tilslutning til pc&apos;er, routere eller andre netv\u00e6rksenheder uden brug af ekstra udstyr.V\u00e6lg dette Cat 6 netv\u00e6rkskabel for p\u00e5lidelig forbindelse, h\u00f8j ydeevne og \u00f8get sikkerhed i b\u00e5de hjemmet og p\u00e5 arbejdspladsen.<\/p>\n<p>Sammenlign priser p\u00e5 Nedis &#8211; Kat 6 kabel | RJ45 Han | RJ45 Han | S\/FTP | 30.0 m | Runde | LSZH | Hvid | Konvolut &#8211; CCGP85221WT300 og k\u00f8b online til den billigste pris, samt p\u00e5 tilbud!\u00a0\u00a0Tjek den bedste pris, produkt beskrivelse, video, test, anmeldelser osv.<\/p>\n<p><strong>Brand: <\/strong>Nedis<br \/>\n<strong>EAN: <\/strong>5412810278596<br \/>\n<strong>Producentens varenr.:<\/strong> 5412810278596<\/p>\n<p><strong>P.S.<\/strong><br \/>\nTilmeld dig til &#8220;Opret Gratis Prisfald Alarm&#8221;, og bliv underrettet med det samme om prisfald p\u00e5 Nedis &#8211; Kat 6 kabel | RJ45 Han | RJ45 Han | S\/FTP | 30.0 m | Runde | LSZH | Hvid | Konvolut &#8211; CCGP85221WT300, og f\u00e5 den billigste pris!<\/p>\n<p>&nbsp;<\/p>\n<p>&nbsp;<\/p>\n","protected":false},"excerpt":{"rendered":"<p>K\u00f8b billig Nedis &#8211; Kat 6 kabel | RJ45 Han | RJ45 Han | S\/FTP | 30.0 m | Runde | LSZH | Hvid | Konvolut &#8211; CCGP85221WT300! Dette kabel er ideelt til tilslutning af en pc til dit hjemmenetv\u00e6rk og sikrer en stabil og hurtig internetforbindelse. Den runde form og en l\u00e6ngde p\u00e5 30 [&hellip;]<\/p>\n","protected":false},"featured_media":999980000004499520,"template":"","meta":[],"store":[1272516],"product_brand":[1272517],"product_cat":[1275232],"product_tag":[1275233,1275178],"class_list":{"0":"post-449952","1":"product","2":"type-product","3":"status-publish","4":"has-post-thumbnail","6":"store-butik24","7":"product_brand-nedis","8":"product_cat-computer-og-netvaerk","9":"product_tag-computer-og-netvaerk","10":"product_tag-nedis","11":"pa_maerke-nedis","13":"first","14":"instock","15":"product-type-external"},"_links":{"self":[{"href":"https:\/\/www.pricetornado.com\/da\/wp-json\/wp\/v2\/product\/449952","targetHints":{"allow":["GET"]}}],"collection":[{"href":"https:\/\/www.pricetornado.com\/da\/wp-json\/wp\/v2\/product"}],"about":[{"href":"https:\/\/www.pricetornado.com\/da\/wp-json\/wp\/v2\/types\/product"}],"wp:featuredmedia":[{"embeddable":true,"href":"https:\/\/www.pricetornado.com\/da\/wp-json\/"}],"wp:attachment":[{"href":"https:\/\/www.pricetornado.com\/da\/wp-json\/wp\/v2\/media?parent=449952"}],"wp:term":[{"taxonomy":"store","embeddable":true,"href":"https:\/\/www.pricetornado.com\/da\/wp-json\/wp\/v2\/store?post=449952"},{"taxonomy":"product_brand","embeddable":true,"href":"https:\/\/www.pricetornado.com\/da\/wp-json\/wp\/v2\/product_brand?post=449952"},{"taxonomy":"product_cat","embeddable":true,"href":"https:\/\/www.pricetornado.com\/da\/wp-json\/wp\/v2\/product_cat?post=449952"},{"taxonomy":"product_tag","embeddable":true,"href":"https:\/\/www.pricetornado.com\/da\/wp-json\/wp\/v2\/product_tag?post=449952"}],"curies":[{"name":"wp","href":"https:\/\/api.w.org\/{rel}","templated":true}]}}