{"id":449951,"date":"2025-02-23T16:21:28","date_gmt":"2025-02-23T15:21:28","guid":{"rendered":"https:\/\/www.pricetornado.com\/da\/produkt\/nedis-kat-6-kabel-rj45-han-rj45-han-s-ftp-20-0-m-runde-lszh-hvid-konvolut-ccgp85221wt200\/"},"modified":"2026-05-01T03:00:18","modified_gmt":"2026-05-01T01:00:18","slug":"nedis-kat-6-kabel-rj45-han-rj45-han-s-ftp-20-0-m-runde-lszh-hvid-konvolut-ccgp85221wt200","status":"publish","type":"product","link":"https:\/\/www.pricetornado.com\/da\/produkt\/nedis-kat-6-kabel-rj45-han-rj45-han-s-ftp-20-0-m-runde-lszh-hvid-konvolut-ccgp85221wt200\/","title":{"rendered":"Nedis &#8211; Kat 6 kabel | RJ45 Han | RJ45 Han | S\/FTP | 20.0 m | Runde | LSZH | Hvid | Konvolut &#8211; CCGP85221WT200"},"content":{"rendered":"<p>K\u00f8b billig Nedis &#8211; Kat 6 kabel | RJ45 Han | RJ45 Han | S\/FTP | 20.0 m | Runde | LSZH | Hvid | Konvolut &#8211; CCGP85221WT200!<br \/>\nDette kabel er ideelt til at forbinde din pc til hjemmenetv\u00e6rket og sikrer en stabil og hurtig internetforbindelse. Uanset om du arbejder, streamer eller spiller online, f\u00e5r du p\u00e5lidelig ydeevne, hver gang du tilslutter.Kablet er fremstillet med solide kobberledere for p\u00e5lidelig signaloverf\u00f8rsel og lang levetid. Den fleksible, runde kabelkonstruktion g\u00f8r det let at installere, f\u00f8re og beskytter effektivt mod skader ved b\u00f8jning eller tr\u00e6k. Kappen er lavet af LSZH-materiale (Low Smoke Zero Halogen), som minimerer udviklingen af r\u00f8g og skadelige gasser ved brand \u2013 et sikkert valg til hjemmet og kontoret.S\/FTP dobbeltafsk\u00e6rmning (screened\/foiled twisted pair) beskytter mod elektromagnetisk interferens og reducerer krydstale, hvilket sikrer stabil og klar dataoverf\u00f8rsel \u2013 ideelt i st\u00f8jende omgivelser.Underst\u00f8tter datahastigheder op til 1 Gbps ved 250 MHz, hvilket er perfekt til Gigabit Ethernet-forbindelser.Forgyldte RJ45-stik modvirker oxidation og sikrer en p\u00e5lidelig og langvarig forbindelse.Moldede strain reliefs p\u00e5 stikenderne forhindrer skader ved gentagen b\u00f8jning og letter installationen.Med h\u00f8j sikkerhed, robust konstruktion og avancerede teknologiske l\u00f8sninger er dette kabel det ideelle valg til dig, der \u00f8nsker en stabil, sikker og effektiv netv\u00e6rksforbindelse \u2013 hver dag.<\/p>\n<p>Sammenlign priser p\u00e5 Nedis &#8211; Kat 6 kabel | RJ45 Han | RJ45 Han | S\/FTP | 20.0 m | Runde | LSZH | Hvid | Konvolut &#8211; CCGP85221WT200 og k\u00f8b online til den billigste pris, samt p\u00e5 tilbud!\u00a0\u00a0Tjek den bedste pris, produkt beskrivelse, video, test, anmeldelser osv.<\/p>\n<p><strong>Brand: <\/strong>Nedis<br \/>\n<strong>EAN: <\/strong>5412810278572<br \/>\n<strong>Producentens varenr.:<\/strong> 5412810278572<\/p>\n<p><strong>P.S.<\/strong><br \/>\nTilmeld dig til &#8220;Opret Gratis Prisfald Alarm&#8221;, og bliv underrettet med det samme om prisfald p\u00e5 Nedis &#8211; Kat 6 kabel | RJ45 Han | RJ45 Han | S\/FTP | 20.0 m | Runde | LSZH | Hvid | Konvolut &#8211; CCGP85221WT200, og f\u00e5 den billigste pris!<\/p>\n<p>&nbsp;<\/p>\n<p>&nbsp;<\/p>\n","protected":false},"excerpt":{"rendered":"<p>K\u00f8b billig Nedis &#8211; Kat 6 kabel | RJ45 Han | RJ45 Han | S\/FTP | 20.0 m | Runde | LSZH | Hvid | Konvolut &#8211; CCGP85221WT200! Dette kabel er ideelt til at forbinde din pc til hjemmenetv\u00e6rket og sikrer en stabil og hurtig internetforbindelse. Uanset om du arbejder, streamer eller spiller online, f\u00e5r [&hellip;]<\/p>\n","protected":false},"featured_media":999980000004499510,"template":"","meta":[],"store":[1272516],"product_brand":[1272517],"product_cat":[1275232],"product_tag":[1275233,1275178],"class_list":{"0":"post-449951","1":"product","2":"type-product","3":"status-publish","4":"has-post-thumbnail","6":"store-butik24","7":"product_brand-nedis","8":"product_cat-computer-og-netvaerk","9":"product_tag-computer-og-netvaerk","10":"product_tag-nedis","11":"pa_maerke-nedis","13":"first","14":"instock","15":"product-type-external"},"_links":{"self":[{"href":"https:\/\/www.pricetornado.com\/da\/wp-json\/wp\/v2\/product\/449951","targetHints":{"allow":["GET"]}}],"collection":[{"href":"https:\/\/www.pricetornado.com\/da\/wp-json\/wp\/v2\/product"}],"about":[{"href":"https:\/\/www.pricetornado.com\/da\/wp-json\/wp\/v2\/types\/product"}],"wp:featuredmedia":[{"embeddable":true,"href":"https:\/\/www.pricetornado.com\/da\/wp-json\/"}],"wp:attachment":[{"href":"https:\/\/www.pricetornado.com\/da\/wp-json\/wp\/v2\/media?parent=449951"}],"wp:term":[{"taxonomy":"store","embeddable":true,"href":"https:\/\/www.pricetornado.com\/da\/wp-json\/wp\/v2\/store?post=449951"},{"taxonomy":"product_brand","embeddable":true,"href":"https:\/\/www.pricetornado.com\/da\/wp-json\/wp\/v2\/product_brand?post=449951"},{"taxonomy":"product_cat","embeddable":true,"href":"https:\/\/www.pricetornado.com\/da\/wp-json\/wp\/v2\/product_cat?post=449951"},{"taxonomy":"product_tag","embeddable":true,"href":"https:\/\/www.pricetornado.com\/da\/wp-json\/wp\/v2\/product_tag?post=449951"}],"curies":[{"name":"wp","href":"https:\/\/api.w.org\/{rel}","templated":true}]}}