{"id":449950,"date":"2025-02-21T22:52:19","date_gmt":"2025-02-21T21:52:19","guid":{"rendered":"https:\/\/www.pricetornado.com\/da\/produkt\/nedis-kat-6-kabel-rj45-han-rj45-han-s-ftp-15-0-m-runde-lszh-roed-konvolut-ccgp85221rd150\/"},"modified":"2026-05-01T03:00:17","modified_gmt":"2026-05-01T01:00:17","slug":"nedis-kat-6-kabel-rj45-han-rj45-han-s-ftp-15-0-m-runde-lszh-roed-konvolut-ccgp85221rd150","status":"publish","type":"product","link":"https:\/\/www.pricetornado.com\/da\/produkt\/nedis-kat-6-kabel-rj45-han-rj45-han-s-ftp-15-0-m-runde-lszh-roed-konvolut-ccgp85221rd150\/","title":{"rendered":"Nedis &#8211; Kat 6 kabel | RJ45 Han | RJ45 Han | S\/FTP | 15.0 m | Runde | LSZH | R\u00f8d | Konvolut &#8211; CCGP85221RD150"},"content":{"rendered":"<p>K\u00f8b billig Nedis &#8211; Kat 6 kabel | RJ45 Han | RJ45 Han | S\/FTP | 15.0 m | Runde | LSZH | R\u00f8d | Konvolut &#8211; CCGP85221RD150!<br \/>\nDette netv\u00e6rkskabel er ideelt til at forbinde din pc direkte til hjemmenetv\u00e6rket og sikrer p\u00e5lidelig, hurtig og sikker dataoverf\u00f8rsel. Med en l\u00e6ngde p\u00e5 15 meter f\u00e5r du fleksibilitet til placering og let routing i b\u00e5de hjem og kontor.LSZH-kappen giver ekstra sikkerhed ved at reducere r\u00f8g og halogenudledning under brand. Samtidig beskytter S\/FTP-sk\u00e6rmningen effektivt signalerne mod forstyrrelser, s\u00e5 du f\u00e5r en stabil og kontinuerlig netv\u00e6rksforbindelse.Dette kabel kombinerer fleksibilitet, sikkerhed og h\u00f8j ydeevne og er den ideelle l\u00f8sning til at forbinde din pc til hjemmenetv\u00e6rket med optimal hastighed og stabilitet.<\/p>\n<p>Sammenlign priser p\u00e5 Nedis &#8211; Kat 6 kabel | RJ45 Han | RJ45 Han | S\/FTP | 15.0 m | Runde | LSZH | R\u00f8d | Konvolut &#8211; CCGP85221RD150 og k\u00f8b online til den billigste pris, samt p\u00e5 tilbud!\u00a0\u00a0Tjek den bedste pris, produkt beskrivelse, video, test, anmeldelser osv.<\/p>\n<p><strong>Brand: <\/strong>Nedis<br \/>\n<strong>EAN: <\/strong>5412810278176<br \/>\n<strong>Producentens varenr.:<\/strong> 5412810278176<\/p>\n<p><strong>P.S.<\/strong><br \/>\nTilmeld dig til &#8220;Opret Gratis Prisfald Alarm&#8221;, og bliv underrettet med det samme om prisfald p\u00e5 Nedis &#8211; Kat 6 kabel | RJ45 Han | RJ45 Han | S\/FTP | 15.0 m | Runde | LSZH | R\u00f8d | Konvolut &#8211; CCGP85221RD150, og f\u00e5 den billigste pris!<\/p>\n<p>&nbsp;<\/p>\n<p>&nbsp;<\/p>\n","protected":false},"excerpt":{"rendered":"<p>K\u00f8b billig Nedis &#8211; Kat 6 kabel | RJ45 Han | RJ45 Han | S\/FTP | 15.0 m | Runde | LSZH | R\u00f8d | Konvolut &#8211; CCGP85221RD150! Dette netv\u00e6rkskabel er ideelt til at forbinde din pc direkte til hjemmenetv\u00e6rket og sikrer p\u00e5lidelig, hurtig og sikker dataoverf\u00f8rsel. Med en l\u00e6ngde p\u00e5 15 meter f\u00e5r du [&hellip;]<\/p>\n","protected":false},"featured_media":999980000004499500,"template":"","meta":[],"store":[1272516],"product_brand":[1272517],"product_cat":[1275232],"product_tag":[1275233,1275178],"class_list":{"0":"post-449950","1":"product","2":"type-product","3":"status-publish","4":"has-post-thumbnail","6":"store-butik24","7":"product_brand-nedis","8":"product_cat-computer-og-netvaerk","9":"product_tag-computer-og-netvaerk","10":"product_tag-nedis","11":"pa_maerke-nedis","13":"first","14":"instock","15":"product-type-external"},"_links":{"self":[{"href":"https:\/\/www.pricetornado.com\/da\/wp-json\/wp\/v2\/product\/449950","targetHints":{"allow":["GET"]}}],"collection":[{"href":"https:\/\/www.pricetornado.com\/da\/wp-json\/wp\/v2\/product"}],"about":[{"href":"https:\/\/www.pricetornado.com\/da\/wp-json\/wp\/v2\/types\/product"}],"wp:featuredmedia":[{"embeddable":true,"href":"https:\/\/www.pricetornado.com\/da\/wp-json\/"}],"wp:attachment":[{"href":"https:\/\/www.pricetornado.com\/da\/wp-json\/wp\/v2\/media?parent=449950"}],"wp:term":[{"taxonomy":"store","embeddable":true,"href":"https:\/\/www.pricetornado.com\/da\/wp-json\/wp\/v2\/store?post=449950"},{"taxonomy":"product_brand","embeddable":true,"href":"https:\/\/www.pricetornado.com\/da\/wp-json\/wp\/v2\/product_brand?post=449950"},{"taxonomy":"product_cat","embeddable":true,"href":"https:\/\/www.pricetornado.com\/da\/wp-json\/wp\/v2\/product_cat?post=449950"},{"taxonomy":"product_tag","embeddable":true,"href":"https:\/\/www.pricetornado.com\/da\/wp-json\/wp\/v2\/product_tag?post=449950"}],"curies":[{"name":"wp","href":"https:\/\/api.w.org\/{rel}","templated":true}]}}