{"id":449949,"date":"2025-02-22T04:05:30","date_gmt":"2025-02-22T03:05:30","guid":{"rendered":"https:\/\/www.pricetornado.com\/da\/produkt\/nedis-kat-6-kabel-rj45-han-rj45-han-s-ftp-15-0-m-runde-lszh-pink-plastikpose-ccgp85221pk150\/"},"modified":"2026-04-29T02:26:43","modified_gmt":"2026-04-29T00:26:43","slug":"nedis-kat-6-kabel-rj45-han-rj45-han-s-ftp-15-0-m-runde-lszh-pink-plastikpose-ccgp85221pk150","status":"publish","type":"product","link":"https:\/\/www.pricetornado.com\/da\/produkt\/nedis-kat-6-kabel-rj45-han-rj45-han-s-ftp-15-0-m-runde-lszh-pink-plastikpose-ccgp85221pk150\/","title":{"rendered":"Nedis &#8211; Kat 6 kabel | RJ45 Han | RJ45 Han | S\/FTP | 15.0 m | Runde | LSZH | Pink | Plastikpose &#8211; CCGP85221PK150"},"content":{"rendered":"<p>K\u00f8b billig Nedis &#8211; Kat 6 kabel | RJ45 Han | RJ45 Han | S\/FTP | 15.0 m | Runde | LSZH | Pink | Plastikpose &#8211; CCGP85221PK150!<br \/>\nDette Cat6 netv\u00e6rkskabel er ideelt til at tilslutte din pc til hjemmenetv\u00e6rket. Med en l\u00e6ngde p\u00e5 15 meter f\u00e5r du fleksibilitet til at ops\u00e6tte dit udstyr, hvor det passer dig \u2013 ogs\u00e5 i st\u00f8rre rum, uden at g\u00e5 p\u00e5 kompromis med signalstyrken.Kablet er udstyret med CAT6 S\/FTP-sk\u00e6rmning, der effektivt beskytter mod elektromagnetisk interferens og sikrer en stabil dataoverf\u00f8rsel. Det underst\u00f8tter hastigheder op til 1000 Mbps og en b\u00e5ndbredde p\u00e5 250 MHz, hvilket g\u00f8r det velegnet til kr\u00e6vende netv\u00e6rksopgaver.Kablets PVC-jakke har LSZH (Low Smoke Zero Halogen) klassifikation, hvilket betyder, at det udleder minimal r\u00f8g og ingen halogener i tilf\u00e6lde af brand. Dette \u00f8ger brandsikkerheden og beskytter b\u00e5de mennesker og udstyr i lukkede rum som hjem og kontorer.Med dette Cat6 netv\u00e6rkskabel f\u00e5r du en effektiv, sikker og fremtidssikret l\u00f8sning til dit hjemmenetv\u00e6rk, der lever op til moderne standarder for hastighed og brandsikkerhed.<\/p>\n<p>Sammenlign priser p\u00e5 Nedis &#8211; Kat 6 kabel | RJ45 Han | RJ45 Han | S\/FTP | 15.0 m | Runde | LSZH | Pink | Plastikpose &#8211; CCGP85221PK150 og k\u00f8b online til den billigste pris, samt p\u00e5 tilbud!\u00a0\u00a0Tjek den bedste pris, produkt beskrivelse, video, test, anmeldelser osv.<\/p>\n<p><strong>Brand: <\/strong>Nedis<br \/>\n<strong>EAN: <\/strong>5412810278046<br \/>\n<strong>Producentens varenr.:<\/strong> 5412810278046<\/p>\n<p><strong>P.S.<\/strong><br \/>\nTilmeld dig til &#8220;Opret Gratis Prisfald Alarm&#8221;, og bliv underrettet med det samme om prisfald p\u00e5 Nedis &#8211; Kat 6 kabel | RJ45 Han | RJ45 Han | S\/FTP | 15.0 m | Runde | LSZH | Pink | Plastikpose &#8211; CCGP85221PK150, og f\u00e5 den billigste pris!<\/p>\n<p>&nbsp;<\/p>\n<p>&nbsp;<\/p>\n","protected":false},"excerpt":{"rendered":"<p>K\u00f8b billig Nedis &#8211; Kat 6 kabel | RJ45 Han | RJ45 Han | S\/FTP | 15.0 m | Runde | LSZH | Pink | Plastikpose &#8211; CCGP85221PK150! Dette Cat6 netv\u00e6rkskabel er ideelt til at tilslutte din pc til hjemmenetv\u00e6rket. Med en l\u00e6ngde p\u00e5 15 meter f\u00e5r du fleksibilitet til at ops\u00e6tte dit udstyr, hvor [&hellip;]<\/p>\n","protected":false},"featured_media":999980000004499490,"template":"","meta":[],"store":[1272516],"product_brand":[1272517],"product_cat":[1275232],"product_tag":[1275233,1275178],"class_list":{"0":"post-449949","1":"product","2":"type-product","3":"status-publish","4":"has-post-thumbnail","6":"store-butik24","7":"product_brand-nedis","8":"product_cat-computer-og-netvaerk","9":"product_tag-computer-og-netvaerk","10":"product_tag-nedis","11":"pa_maerke-nedis","13":"first","14":"instock","15":"product-type-external"},"_links":{"self":[{"href":"https:\/\/www.pricetornado.com\/da\/wp-json\/wp\/v2\/product\/449949","targetHints":{"allow":["GET"]}}],"collection":[{"href":"https:\/\/www.pricetornado.com\/da\/wp-json\/wp\/v2\/product"}],"about":[{"href":"https:\/\/www.pricetornado.com\/da\/wp-json\/wp\/v2\/types\/product"}],"wp:featuredmedia":[{"embeddable":true,"href":"https:\/\/www.pricetornado.com\/da\/wp-json\/"}],"wp:attachment":[{"href":"https:\/\/www.pricetornado.com\/da\/wp-json\/wp\/v2\/media?parent=449949"}],"wp:term":[{"taxonomy":"store","embeddable":true,"href":"https:\/\/www.pricetornado.com\/da\/wp-json\/wp\/v2\/store?post=449949"},{"taxonomy":"product_brand","embeddable":true,"href":"https:\/\/www.pricetornado.com\/da\/wp-json\/wp\/v2\/product_brand?post=449949"},{"taxonomy":"product_cat","embeddable":true,"href":"https:\/\/www.pricetornado.com\/da\/wp-json\/wp\/v2\/product_cat?post=449949"},{"taxonomy":"product_tag","embeddable":true,"href":"https:\/\/www.pricetornado.com\/da\/wp-json\/wp\/v2\/product_tag?post=449949"}],"curies":[{"name":"wp","href":"https:\/\/api.w.org\/{rel}","templated":true}]}}