{"id":449944,"date":"2025-02-21T19:31:14","date_gmt":"2025-02-21T18:31:14","guid":{"rendered":"https:\/\/www.pricetornado.com\/da\/produkt\/nedis-cat5e-netvaerkskabel-sf-utp-rj45-han-rj45-han-20-0-m-runde-pvc-gul-plastikpose-ccgp85121ye200\/"},"modified":"2026-05-01T03:00:17","modified_gmt":"2026-05-01T01:00:17","slug":"nedis-cat5e-netvaerkskabel-sf-utp-rj45-han-rj45-han-20-0-m-runde-pvc-gul-plastikpose-ccgp85121ye200","status":"publish","type":"product","link":"https:\/\/www.pricetornado.com\/da\/produkt\/nedis-cat5e-netvaerkskabel-sf-utp-rj45-han-rj45-han-20-0-m-runde-pvc-gul-plastikpose-ccgp85121ye200\/","title":{"rendered":"Nedis &#8211; CAT5e netv\u00e6rkskabel | SF\/UTP | RJ45 Han | RJ45 Han | 20.0 m | Runde | PVC | Gul | Plastikpose &#8211; CCGP85121YE200"},"content":{"rendered":"<p>K\u00f8b billig Nedis &#8211; CAT5e netv\u00e6rkskabel | SF\/UTP | RJ45 Han | RJ45 Han | 20.0 m | Runde | PVC | Gul | Plastikpose &#8211; CCGP85121YE200!<br \/>\nDette netv\u00e6rkskabel er ideelt til tilslutning af din pc til hjemmenetv\u00e6rket. Med en l\u00e6ngde p\u00e5 20 meter giver kablet dig fleksibilitet til at forbinde enheder p\u00e5 tv\u00e6rs af st\u00f8rre afstande i hjemmet, uden at g\u00e5 p\u00e5 kompromis med signalstyrken. Det runde design g\u00f8r installation og kabelh\u00e5ndtering nemmere.Kablet har en robust ydre kappe i PVC, der beskytter mod daglig slitage og sikrer lang levetid. Begge ender er udstyret med lige RJ45 han-stik for nem og p\u00e5lidelig tilslutning, og guldpletterede kontakter giver \u00f8get korrosionsbeskyttelse og stabilitet.SF\/UTP-sk\u00e6rmning minimerer elektromagnetiske forstyrrelser og sikrer stabil dataoverf\u00f8rsel.Underst\u00f8tter datahastigheder op til 1 Gbps ved 100 MHz.20 meter l\u00e6ngde g\u00f8r den velegnet til st\u00f8rre hjem eller kontormilj\u00f8er.Rundt kabeldesign for nem routing og installation.Leveres i plastpose for ekstra beskyttelse under transport og opbevaring.V\u00e6lg dette netv\u00e6rkskabel, hvis du \u00f8nsker en holdbar og effektiv l\u00f8sning til dit hjemmenetv\u00e6rk, hvor b\u00e5de stabilitet og hastighed er prioriteret.<\/p>\n<p>Sammenlign priser p\u00e5 Nedis &#8211; CAT5e netv\u00e6rkskabel | SF\/UTP | RJ45 Han | RJ45 Han | 20.0 m | Runde | PVC | Gul | Plastikpose &#8211; CCGP85121YE200 og k\u00f8b online til den billigste pris, samt p\u00e5 tilbud!\u00a0\u00a0Tjek den bedste pris, produkt beskrivelse, video, test, anmeldelser osv.<\/p>\n<p><strong>Brand: <\/strong>Nedis<br \/>\n<strong>EAN: <\/strong>5412810276776<br \/>\n<strong>Producentens varenr.:<\/strong> 5412810276776<\/p>\n<p><strong>P.S.<\/strong><br \/>\nTilmeld dig til &#8220;Opret Gratis Prisfald Alarm&#8221;, og bliv underrettet med det samme om prisfald p\u00e5 Nedis &#8211; CAT5e netv\u00e6rkskabel | SF\/UTP | RJ45 Han | RJ45 Han | 20.0 m | Runde | PVC | Gul | Plastikpose &#8211; CCGP85121YE200, og f\u00e5 den billigste pris!<\/p>\n<p>&nbsp;<\/p>\n<p>&nbsp;<\/p>\n","protected":false},"excerpt":{"rendered":"<p>K\u00f8b billig Nedis &#8211; CAT5e netv\u00e6rkskabel | SF\/UTP | RJ45 Han | RJ45 Han | 20.0 m | Runde | PVC | Gul | Plastikpose &#8211; CCGP85121YE200! Dette netv\u00e6rkskabel er ideelt til tilslutning af din pc til hjemmenetv\u00e6rket. Med en l\u00e6ngde p\u00e5 20 meter giver kablet dig fleksibilitet til at forbinde enheder p\u00e5 tv\u00e6rs af [&hellip;]<\/p>\n","protected":false},"featured_media":999980000004499440,"template":"","meta":[],"store":[1272516],"product_brand":[1272517],"product_cat":[1275232],"product_tag":[1275233,1275178],"class_list":{"0":"post-449944","1":"product","2":"type-product","3":"status-publish","4":"has-post-thumbnail","6":"store-butik24","7":"product_brand-nedis","8":"product_cat-computer-og-netvaerk","9":"product_tag-computer-og-netvaerk","10":"product_tag-nedis","11":"pa_maerke-nedis","13":"first","14":"instock","15":"product-type-external"},"_links":{"self":[{"href":"https:\/\/www.pricetornado.com\/da\/wp-json\/wp\/v2\/product\/449944","targetHints":{"allow":["GET"]}}],"collection":[{"href":"https:\/\/www.pricetornado.com\/da\/wp-json\/wp\/v2\/product"}],"about":[{"href":"https:\/\/www.pricetornado.com\/da\/wp-json\/wp\/v2\/types\/product"}],"wp:featuredmedia":[{"embeddable":true,"href":"https:\/\/www.pricetornado.com\/da\/wp-json\/"}],"wp:attachment":[{"href":"https:\/\/www.pricetornado.com\/da\/wp-json\/wp\/v2\/media?parent=449944"}],"wp:term":[{"taxonomy":"store","embeddable":true,"href":"https:\/\/www.pricetornado.com\/da\/wp-json\/wp\/v2\/store?post=449944"},{"taxonomy":"product_brand","embeddable":true,"href":"https:\/\/www.pricetornado.com\/da\/wp-json\/wp\/v2\/product_brand?post=449944"},{"taxonomy":"product_cat","embeddable":true,"href":"https:\/\/www.pricetornado.com\/da\/wp-json\/wp\/v2\/product_cat?post=449944"},{"taxonomy":"product_tag","embeddable":true,"href":"https:\/\/www.pricetornado.com\/da\/wp-json\/wp\/v2\/product_tag?post=449944"}],"curies":[{"name":"wp","href":"https:\/\/api.w.org\/{rel}","templated":true}]}}