{"id":449943,"date":"2025-02-26T11:26:37","date_gmt":"2025-02-26T10:26:37","guid":{"rendered":"https:\/\/www.pricetornado.com\/da\/produkt\/nedis-cat5e-netvaerkskabel-sf-utp-rj45-han-rj45-han-15-0-m-runde-pvc-blaa-konvolut-ccgp85121bu150\/"},"modified":"2026-04-29T02:26:21","modified_gmt":"2026-04-29T00:26:21","slug":"nedis-cat5e-netvaerkskabel-sf-utp-rj45-han-rj45-han-15-0-m-runde-pvc-blaa-konvolut-ccgp85121bu150","status":"publish","type":"product","link":"https:\/\/www.pricetornado.com\/da\/produkt\/nedis-cat5e-netvaerkskabel-sf-utp-rj45-han-rj45-han-15-0-m-runde-pvc-blaa-konvolut-ccgp85121bu150\/","title":{"rendered":"Nedis &#8211; CAT5e netv\u00e6rkskabel | SF\/UTP | RJ45 Han | RJ45 Han | 15.0 m | Runde | PVC | Bl\u00e5 | Konvolut &#8211; CCGP85121BU150"},"content":{"rendered":"<p>K\u00f8b billig Nedis &#8211; CAT5e netv\u00e6rkskabel | SF\/UTP | RJ45 Han | RJ45 Han | 15.0 m | Runde | PVC | Bl\u00e5 | Konvolut &#8211; CCGP85121BU150!<br \/>\nDette netv\u00e6rkskabel g\u00f8r det nemt at tilslutte din pc til hjemmenetv\u00e6rket og sikrer en stabil dataforbindelse. Kablet er ideelt til situationer, hvor udstyret ikke st\u00e5r t\u00e6t p\u00e5 routeren eller switchen og har en praktisk l\u00e6ngde, der giver god r\u00e6kkevidde.Kablet er udstyret med SF\/UTP afsk\u00e6rmning \u2013 en kombination af folie og fletning \u2013 der effektivt beskytter mod st\u00f8j og forstyrrelser fra b\u00e5de h\u00f8j- og lavfrekvente signaler. Denne afsk\u00e6rmning reducerer interferens og beskytter kablet mod mekaniske p\u00e5virkninger som vibrationer, hvilket giver en mere stabil og p\u00e5lidelig netv\u00e6rksforbindelse.Kablet underst\u00f8tter CAT5e-standard og sikrer hastigheder p\u00e5 op til 1 Gbps (1000 Mbps) p\u00e5 str\u00e6kninger op til 15 meter. Det er velegnet til netv\u00e6rksmilj\u00f8er, hvor der stilles krav til hurtig og stabil dataoverf\u00f8rsel ved b\u00e5de 10, 100 og 1000 Mbps.Rundt design, som er let at h\u00e5ndtere og installere i b\u00e5de sm\u00e5 og store rum.PVC-yderskede for fleksibel og robust beskyttelse under normale installationsforhold.RJ45 hanstik i begge ender giver nem og direkte plug-and-play tilslutning til netv\u00e6rksudstyr.Med dette netv\u00e6rkskabel f\u00e5r du en p\u00e5lidelig, hurtig og praktisk l\u00f8sning til dit hjemmenetv\u00e6rk, hvor b\u00e5de hastighed og signalstabilitet er i fokus.<\/p>\n<p>Sammenlign priser p\u00e5 Nedis &#8211; CAT5e netv\u00e6rkskabel | SF\/UTP | RJ45 Han | RJ45 Han | 15.0 m | Runde | PVC | Bl\u00e5 | Konvolut &#8211; CCGP85121BU150 og k\u00f8b online til den billigste pris, samt p\u00e5 tilbud!\u00a0\u00a0Tjek den bedste pris, produkt beskrivelse, video, test, anmeldelser osv.<\/p>\n<p><strong>Brand: <\/strong>Nedis<br \/>\n<strong>EAN: <\/strong>5412810276042<br \/>\n<strong>Producentens varenr.:<\/strong> 5412810276042<\/p>\n<p><strong>P.S.<\/strong><br \/>\nTilmeld dig til &#8220;Opret Gratis Prisfald Alarm&#8221;, og bliv underrettet med det samme om prisfald p\u00e5 Nedis &#8211; CAT5e netv\u00e6rkskabel | SF\/UTP | RJ45 Han | RJ45 Han | 15.0 m | Runde | PVC | Bl\u00e5 | Konvolut &#8211; CCGP85121BU150, og f\u00e5 den billigste pris!<\/p>\n<p>&nbsp;<\/p>\n<p>&nbsp;<\/p>\n","protected":false},"excerpt":{"rendered":"<p>K\u00f8b billig Nedis &#8211; CAT5e netv\u00e6rkskabel | SF\/UTP | RJ45 Han | RJ45 Han | 15.0 m | Runde | PVC | Bl\u00e5 | Konvolut &#8211; CCGP85121BU150! Dette netv\u00e6rkskabel g\u00f8r det nemt at tilslutte din pc til hjemmenetv\u00e6rket og sikrer en stabil dataforbindelse. Kablet er ideelt til situationer, hvor udstyret ikke st\u00e5r t\u00e6t p\u00e5 routeren [&hellip;]<\/p>\n","protected":false},"featured_media":999980000004499430,"template":"","meta":[],"store":[1272516],"product_brand":[1272517],"product_cat":[1275232],"product_tag":[1275233,1275178],"class_list":{"0":"post-449943","1":"product","2":"type-product","3":"status-publish","4":"has-post-thumbnail","6":"store-butik24","7":"product_brand-nedis","8":"product_cat-computer-og-netvaerk","9":"product_tag-computer-og-netvaerk","10":"product_tag-nedis","11":"pa_maerke-nedis","13":"first","14":"instock","15":"product-type-external"},"_links":{"self":[{"href":"https:\/\/www.pricetornado.com\/da\/wp-json\/wp\/v2\/product\/449943","targetHints":{"allow":["GET"]}}],"collection":[{"href":"https:\/\/www.pricetornado.com\/da\/wp-json\/wp\/v2\/product"}],"about":[{"href":"https:\/\/www.pricetornado.com\/da\/wp-json\/wp\/v2\/types\/product"}],"wp:featuredmedia":[{"embeddable":true,"href":"https:\/\/www.pricetornado.com\/da\/wp-json\/"}],"wp:attachment":[{"href":"https:\/\/www.pricetornado.com\/da\/wp-json\/wp\/v2\/media?parent=449943"}],"wp:term":[{"taxonomy":"store","embeddable":true,"href":"https:\/\/www.pricetornado.com\/da\/wp-json\/wp\/v2\/store?post=449943"},{"taxonomy":"product_brand","embeddable":true,"href":"https:\/\/www.pricetornado.com\/da\/wp-json\/wp\/v2\/product_brand?post=449943"},{"taxonomy":"product_cat","embeddable":true,"href":"https:\/\/www.pricetornado.com\/da\/wp-json\/wp\/v2\/product_cat?post=449943"},{"taxonomy":"product_tag","embeddable":true,"href":"https:\/\/www.pricetornado.com\/da\/wp-json\/wp\/v2\/product_tag?post=449943"}],"curies":[{"name":"wp","href":"https:\/\/api.w.org\/{rel}","templated":true}]}}