{"id":449942,"date":"2025-02-20T18:45:52","date_gmt":"2025-02-20T17:45:52","guid":{"rendered":"https:\/\/www.pricetornado.com\/da\/produkt\/nedis-dvi-kabel-dvi-i-245-pin-han-dvi-i-245-pin-han-2560x1600-nikkelplateret-2-00-m-lige-pvc-sort-konvolut-ccgp32050bk20\/"},"modified":"2026-04-30T02:50:00","modified_gmt":"2026-04-30T00:50:00","slug":"nedis-dvi-kabel-dvi-i-245-pin-han-dvi-i-245-pin-han-2560x1600-nikkelplateret-2-00-m-lige-pvc-sort-konvolut-ccgp32050bk20","status":"publish","type":"product","link":"https:\/\/www.pricetornado.com\/da\/produkt\/nedis-dvi-kabel-dvi-i-245-pin-han-dvi-i-245-pin-han-2560x1600-nikkelplateret-2-00-m-lige-pvc-sort-konvolut-ccgp32050bk20\/","title":{"rendered":"Nedis &#8211; DVI-kabel | DVI-I 24+5-Pin Han | DVI-I 24+5-Pin Han | 2560&#215;1600 | Nikkelplateret | 2.00 m | Lige | PVC | Sort | Konvolut &#8211; CCGP32050BK20"},"content":{"rendered":"<p>K\u00f8b billig Nedis &#8211; DVI-kabel | DVI-I 24+5-Pin Han | DVI-I 24+5-Pin Han | 2560&#215;1600 | Nikkelplateret | 2.00 m | Lige | PVC | Sort | Konvolut &#8211; CCGP32050BK20!<br \/>\nMed dette DVI-I-kabel kan du nemt overf\u00f8re digitale signaler mellem for eksempel en computer og en LCD-sk\u00e6rm. Kablet er ideelt til sk\u00e6rme, der underst\u00f8tter op til 2560&#215;1600 opl\u00f8sning, hvilket sikrer skarpe og klare billeder.Kablet er udstyret med en ydre kappe i robust PVC, der beskytter de indvendige komponenter. De bare kobberledere sikrer optimal ledningsevne og stabil signaltransmission, mens nikkelbelagte stik \u00f8ger korrosionsbestandigheden og sikrer p\u00e5lidelig overf\u00f8rsel.Dette kabel er et p\u00e5lideligt valg til b\u00e5de hjemme- og kontorbrug, hvor det giver en stabil forbindelse og h\u00f8j billedkvalitet.Med sin h\u00f8je opl\u00f8sningsunderst\u00f8ttelse og kvalitetsmaterialer sikrer kablet, at du f\u00e5r en fejlfri digital signaloverf\u00f8rsel med skarpe og detaljerede billeder.<\/p>\n<p>Sammenlign priser p\u00e5 Nedis &#8211; DVI-kabel | DVI-I 24+5-Pin Han | DVI-I 24+5-Pin Han | 2560&#215;1600 | Nikkelplateret | 2.00 m | Lige | PVC | Sort | Konvolut &#8211; CCGP32050BK20 og k\u00f8b online til den billigste pris, samt p\u00e5 tilbud!\u00a0\u00a0Tjek den bedste pris, produkt beskrivelse, video, test, anmeldelser osv.<\/p>\n<p><strong>Brand: <\/strong>Nedis<br \/>\n<strong>EAN: <\/strong>5412810275328<br \/>\n<strong>Producentens varenr.:<\/strong> 5412810275328<\/p>\n<p><strong>P.S.<\/strong><br \/>\nTilmeld dig til &#8220;Opret Gratis Prisfald Alarm&#8221;, og bliv underrettet med det samme om prisfald p\u00e5 Nedis &#8211; DVI-kabel | DVI-I 24+5-Pin Han | DVI-I 24+5-Pin Han | 2560&#215;1600 | Nikkelplateret | 2.00 m | Lige | PVC | Sort | Konvolut &#8211; CCGP32050BK20, og f\u00e5 den billigste pris!<\/p>\n<p>&nbsp;<\/p>\n<p>&nbsp;<\/p>\n","protected":false},"excerpt":{"rendered":"<p>K\u00f8b billig Nedis &#8211; DVI-kabel | DVI-I 24+5-Pin Han | DVI-I 24+5-Pin Han | 2560&#215;1600 | Nikkelplateret | 2.00 m | Lige | PVC | Sort | Konvolut &#8211; CCGP32050BK20! Med dette DVI-I-kabel kan du nemt overf\u00f8re digitale signaler mellem for eksempel en computer og en LCD-sk\u00e6rm. Kablet er ideelt til sk\u00e6rme, der underst\u00f8tter op [&hellip;]<\/p>\n","protected":false},"featured_media":999980000004499420,"template":"","meta":[],"store":[1272516],"product_brand":[1272517],"product_cat":[1275232],"product_tag":[1275233,1275178],"class_list":{"0":"post-449942","1":"product","2":"type-product","3":"status-publish","4":"has-post-thumbnail","6":"store-butik24","7":"product_brand-nedis","8":"product_cat-computer-og-netvaerk","9":"product_tag-computer-og-netvaerk","10":"product_tag-nedis","11":"pa_maerke-nedis","13":"first","14":"instock","15":"product-type-external"},"_links":{"self":[{"href":"https:\/\/www.pricetornado.com\/da\/wp-json\/wp\/v2\/product\/449942","targetHints":{"allow":["GET"]}}],"collection":[{"href":"https:\/\/www.pricetornado.com\/da\/wp-json\/wp\/v2\/product"}],"about":[{"href":"https:\/\/www.pricetornado.com\/da\/wp-json\/wp\/v2\/types\/product"}],"wp:featuredmedia":[{"embeddable":true,"href":"https:\/\/www.pricetornado.com\/da\/wp-json\/"}],"wp:attachment":[{"href":"https:\/\/www.pricetornado.com\/da\/wp-json\/wp\/v2\/media?parent=449942"}],"wp:term":[{"taxonomy":"store","embeddable":true,"href":"https:\/\/www.pricetornado.com\/da\/wp-json\/wp\/v2\/store?post=449942"},{"taxonomy":"product_brand","embeddable":true,"href":"https:\/\/www.pricetornado.com\/da\/wp-json\/wp\/v2\/product_brand?post=449942"},{"taxonomy":"product_cat","embeddable":true,"href":"https:\/\/www.pricetornado.com\/da\/wp-json\/wp\/v2\/product_cat?post=449942"},{"taxonomy":"product_tag","embeddable":true,"href":"https:\/\/www.pricetornado.com\/da\/wp-json\/wp\/v2\/product_tag?post=449942"}],"curies":[{"name":"wp","href":"https:\/\/api.w.org\/{rel}","templated":true}]}}