{"id":449941,"date":"2025-02-25T17:59:39","date_gmt":"2025-02-25T16:59:39","guid":{"rendered":"https:\/\/www.pricetornado.com\/da\/produkt\/nedis-usb-kabel-usb-3-2-gen-1-usb-c-han-usb-c-han-60-w-4k60hz-5-gbps-guldplateret-2-00-m-runde-pvc-sort-box-ccbw64700at20\/"},"modified":"2026-04-29T02:26:09","modified_gmt":"2026-04-29T00:26:09","slug":"nedis-usb-kabel-usb-3-2-gen-1-usb-c-han-usb-c-han-60-w-4k60hz-5-gbps-guldplateret-2-00-m-runde-pvc-sort-box-ccbw64700at20","status":"publish","type":"product","link":"https:\/\/www.pricetornado.com\/da\/produkt\/nedis-usb-kabel-usb-3-2-gen-1-usb-c-han-usb-c-han-60-w-4k60hz-5-gbps-guldplateret-2-00-m-runde-pvc-sort-box-ccbw64700at20\/","title":{"rendered":"Nedis &#8211; USB-kabel | USB 3.2 Gen 1 | USB-C\u2122 Han | USB-C\u2122 Han | 60 W | 4K@60Hz | 5 Gbps | Guldplateret | 2.00 m | Runde | PVC | Sort | Box &#8211; CCBW64700AT20"},"content":{"rendered":"<p>K\u00f8b billig Nedis &#8211; USB-kabel | USB 3.2 Gen 1 | USB-C\u2122 Han | USB-C\u2122 Han | 60 W | 4K@60Hz | 5 Gbps | Guldplateret | 2.00 m | Runde | PVC | Sort | Box &#8211; CCBW64700AT20!<br \/>\nTilslut dine mobilenheder til pc eller MacBook med dette robuste USB-C 3.2 Gen 1-kabel, og f\u00e5 den ultimative tilslutningsl\u00f8sning for opladning, dataoverf\u00f8rsel og video. Kablet leverer lynhurtig dataoverf\u00f8rsel op til 5 Gbps og effektiv opladning med op til 60 W str\u00f8m (3 A), hvilket g\u00f8r det ideelt til b\u00e5de daglig brug og professionelle behov. Desuden underst\u00f8ttes overf\u00f8rsel af video i 4K-opl\u00f8sning ved 60 Hz for skarpe og flydende billeder.Kablet er udstyret med reversible USB-C han-stik, som g\u00f8r det nemt at tilslutte i begge retninger. Designet er rundt og fleksibelt med 2 meters l\u00e6ngde, hvilket giver frihed og mobilitet uden filtrede kabler. Yderjakken er fremstillet af slidst\u00e6rk PVC for fleksibilitet og grundl\u00e6ggende beskyttelse, mens indvendige kobberledere sikrer fremragende elektrisk ledningsevne for b\u00e5de data og str\u00f8m. Kinkbeskyttelse minimerer risikoen for b\u00f8jeskader og forl\u00e6nger kablets levetid.Underst\u00f8tter USB 3.2 Gen 1 med dataoverf\u00f8rsel op til 5 GbpsMed dette USB-C-kabel f\u00e5r du en p\u00e5lidelig og alsidig l\u00f8sning til b\u00e5de opladning, dataoverf\u00f8rsel og sk\u00e6rmtilslutning \u2013 perfekt til b\u00e5de hjemmet og kontoret.<\/p>\n<p>Sammenlign priser p\u00e5 Nedis &#8211; USB-kabel | USB 3.2 Gen 1 | USB-C\u2122 Han | USB-C\u2122 Han | 60 W | 4K@60Hz | 5 Gbps | Guldplateret | 2.00 m | Runde | PVC | Sort | Box &#8211; CCBW64700AT20 og k\u00f8b online til den billigste pris, samt p\u00e5 tilbud!\u00a0\u00a0Tjek den bedste pris, produkt beskrivelse, video, test, anmeldelser osv.<\/p>\n<p><strong>Brand: <\/strong>Nedis<br \/>\n<strong>EAN: <\/strong>5412810272266<br \/>\n<strong>Producentens varenr.:<\/strong> 5412810272266<\/p>\n<p><strong>P.S.<\/strong><br \/>\nTilmeld dig til &#8220;Opret Gratis Prisfald Alarm&#8221;, og bliv underrettet med det samme om prisfald p\u00e5 Nedis &#8211; USB-kabel | USB 3.2 Gen 1 | USB-C\u2122 Han | USB-C\u2122 Han | 60 W | 4K@60Hz | 5 Gbps | Guldplateret | 2.00 m | Runde | PVC | Sort | Box &#8211; CCBW64700AT20, og f\u00e5 den billigste pris!<\/p>\n<p>&nbsp;<\/p>\n<p>&nbsp;<\/p>\n","protected":false},"excerpt":{"rendered":"<p>K\u00f8b billig Nedis &#8211; USB-kabel | USB 3.2 Gen 1 | USB-C\u2122 Han | USB-C\u2122 Han | 60 W | 4K@60Hz | 5 Gbps | Guldplateret | 2.00 m | Runde | PVC | Sort | Box &#8211; CCBW64700AT20! Tilslut dine mobilenheder til pc eller MacBook med dette robuste USB-C 3.2 Gen 1-kabel, og f\u00e5 [&hellip;]<\/p>\n","protected":false},"featured_media":0,"template":"","meta":[],"store":[1272516],"product_brand":[1272517],"product_cat":[1275232],"product_tag":[1275233,1275178],"class_list":{"0":"post-449941","1":"product","2":"type-product","3":"status-publish","5":"store-butik24","6":"product_brand-nedis","7":"product_cat-computer-og-netvaerk","8":"product_tag-computer-og-netvaerk","9":"product_tag-nedis","10":"pa_maerke-nedis","12":"first","13":"instock","14":"product-type-external"},"_links":{"self":[{"href":"https:\/\/www.pricetornado.com\/da\/wp-json\/wp\/v2\/product\/449941","targetHints":{"allow":["GET"]}}],"collection":[{"href":"https:\/\/www.pricetornado.com\/da\/wp-json\/wp\/v2\/product"}],"about":[{"href":"https:\/\/www.pricetornado.com\/da\/wp-json\/wp\/v2\/types\/product"}],"wp:attachment":[{"href":"https:\/\/www.pricetornado.com\/da\/wp-json\/wp\/v2\/media?parent=449941"}],"wp:term":[{"taxonomy":"store","embeddable":true,"href":"https:\/\/www.pricetornado.com\/da\/wp-json\/wp\/v2\/store?post=449941"},{"taxonomy":"product_brand","embeddable":true,"href":"https:\/\/www.pricetornado.com\/da\/wp-json\/wp\/v2\/product_brand?post=449941"},{"taxonomy":"product_cat","embeddable":true,"href":"https:\/\/www.pricetornado.com\/da\/wp-json\/wp\/v2\/product_cat?post=449941"},{"taxonomy":"product_tag","embeddable":true,"href":"https:\/\/www.pricetornado.com\/da\/wp-json\/wp\/v2\/product_tag?post=449941"}],"curies":[{"name":"wp","href":"https:\/\/api.w.org\/{rel}","templated":true}]}}