{"id":449939,"date":"2025-02-24T15:03:19","date_gmt":"2025-02-24T14:03:19","guid":{"rendered":"https:\/\/www.pricetornado.com\/da\/produkt\/nedis-high-speed-hdmi-kabel-med-ethernet-hdmi-stik-hdmi-stik-4k60hz-arc-18-gbps-0-50-m-runde-pvc-antracit-box-cvbw34000at05\/"},"modified":"2026-04-29T02:25:58","modified_gmt":"2026-04-29T00:25:58","slug":"nedis-high-speed-hdmi-kabel-med-ethernet-hdmi-stik-hdmi-stik-4k60hz-arc-18-gbps-0-50-m-runde-pvc-antracit-box-cvbw34000at05","status":"publish","type":"product","link":"https:\/\/www.pricetornado.com\/da\/produkt\/nedis-high-speed-hdmi-kabel-med-ethernet-hdmi-stik-hdmi-stik-4k60hz-arc-18-gbps-0-50-m-runde-pvc-antracit-box-cvbw34000at05\/","title":{"rendered":"Nedis &#8211; High Speed HDMI \u2122 kabel med Ethernet | HDMI\u2122 Stik | HDMI\u2122 Stik | 4K@60Hz | ARC | 18 Gbps | 0.50 m | Runde | PVC | Antracit | Box &#8211; CVBW34000AT05"},"content":{"rendered":"<p>K\u00f8b billig Nedis &#8211; High Speed HDMI \u2122 kabel med Ethernet | HDMI\u2122 Stik | HDMI\u2122 Stik | 4K@60Hz | ARC | 18 Gbps | 0.50 m | Runde | PVC | Antracit | Box &#8211; CVBW34000AT05!<br \/>\nDette HDMI-kabel g\u00f8r det nemt at tilslutte en Blu-ray-afspiller, medieafspiller eller spillekonsol til et HDTV, s\u00e5 du kan nyde video i HD- og 4K-opl\u00f8sning. Med underst\u00f8ttelse af High Speed HDMI med Ethernet f\u00e5r du stabil forbindelse og netv\u00e6rksfunktionalitet mellem kompatible enheder.Kablet underst\u00f8tter 4K-opl\u00f8sning ved 60Hz for ultraskarpe og flydende billeder. Med en b\u00e5ndbredde p\u00e5 18 Gbps sikrer det hurtig og p\u00e5lidelig overf\u00f8rsel af b\u00e5de billed- og lydsignaler. Audio Return Channel (ARC) forbedrer lydoplevelsen ved tilslutning til kompatibelt lydudstyr.HDMI-kablet er fremstillet af slidst\u00e6rkt og fleksibelt PVC-materiale, hvilket \u00f8ger holdbarheden og g\u00f8r det nemt at h\u00e5ndtere. Den runde kabelprofil og kompakte l\u00e6ngde p\u00e5 0,50 meter g\u00f8r installationen enkel og praktisk, ogs\u00e5 hvor pladsen er trang.Med dette HDMI-kabel f\u00e5r du en holdbar og h\u00f8jtydende l\u00f8sning til at forbinde dine hjemmeelektronik-enheder med fokus p\u00e5 maksimal billed- og lydkvalitet, fleksibilitet og brugervenlighed.<\/p>\n<p>Sammenlign priser p\u00e5 Nedis &#8211; High Speed HDMI \u2122 kabel med Ethernet | HDMI\u2122 Stik | HDMI\u2122 Stik | 4K@60Hz | ARC | 18 Gbps | 0.50 m | Runde | PVC | Antracit | Box &#8211; CVBW34000AT05 og k\u00f8b online til den billigste pris, samt p\u00e5 tilbud!\u00a0\u00a0Tjek den bedste pris, produkt beskrivelse, video, test, anmeldelser osv.<\/p>\n<p><strong>Brand: <\/strong>Nedis<br \/>\n<strong>EAN: <\/strong>5412810269716<br \/>\n<strong>Producentens varenr.:<\/strong> 5412810269716<\/p>\n<p><strong>P.S.<\/strong><br \/>\nTilmeld dig til &#8220;Opret Gratis Prisfald Alarm&#8221;, og bliv underrettet med det samme om prisfald p\u00e5 Nedis &#8211; High Speed HDMI \u2122 kabel med Ethernet | HDMI\u2122 Stik | HDMI\u2122 Stik | 4K@60Hz | ARC | 18 Gbps | 0.50 m | Runde | PVC | Antracit | Box &#8211; CVBW34000AT05, og f\u00e5 den billigste pris!<\/p>\n<p>&nbsp;<\/p>\n<p>&nbsp;<\/p>\n","protected":false},"excerpt":{"rendered":"<p>K\u00f8b billig Nedis &#8211; High Speed HDMI \u2122 kabel med Ethernet | HDMI\u2122 Stik | HDMI\u2122 Stik | 4K@60Hz | ARC | 18 Gbps | 0.50 m | Runde | PVC | Antracit | Box &#8211; CVBW34000AT05! Dette HDMI-kabel g\u00f8r det nemt at tilslutte en Blu-ray-afspiller, medieafspiller eller spillekonsol til et HDTV, s\u00e5 du kan [&hellip;]<\/p>\n","protected":false},"featured_media":0,"template":"","meta":[],"store":[1272516],"product_brand":[1272517],"product_cat":[1275230],"product_tag":[1275178,1275231],"class_list":{"0":"post-449939","1":"product","2":"type-product","3":"status-publish","5":"store-butik24","6":"product_brand-nedis","7":"product_cat-video","8":"product_tag-nedis","9":"product_tag-video","10":"pa_maerke-nedis","12":"first","13":"instock","14":"product-type-external"},"_links":{"self":[{"href":"https:\/\/www.pricetornado.com\/da\/wp-json\/wp\/v2\/product\/449939","targetHints":{"allow":["GET"]}}],"collection":[{"href":"https:\/\/www.pricetornado.com\/da\/wp-json\/wp\/v2\/product"}],"about":[{"href":"https:\/\/www.pricetornado.com\/da\/wp-json\/wp\/v2\/types\/product"}],"wp:attachment":[{"href":"https:\/\/www.pricetornado.com\/da\/wp-json\/wp\/v2\/media?parent=449939"}],"wp:term":[{"taxonomy":"store","embeddable":true,"href":"https:\/\/www.pricetornado.com\/da\/wp-json\/wp\/v2\/store?post=449939"},{"taxonomy":"product_brand","embeddable":true,"href":"https:\/\/www.pricetornado.com\/da\/wp-json\/wp\/v2\/product_brand?post=449939"},{"taxonomy":"product_cat","embeddable":true,"href":"https:\/\/www.pricetornado.com\/da\/wp-json\/wp\/v2\/product_cat?post=449939"},{"taxonomy":"product_tag","embeddable":true,"href":"https:\/\/www.pricetornado.com\/da\/wp-json\/wp\/v2\/product_tag?post=449939"}],"curies":[{"name":"wp","href":"https:\/\/api.w.org\/{rel}","templated":true}]}}