{"id":449938,"date":"2025-02-20T00:09:30","date_gmt":"2025-02-19T23:09:30","guid":{"rendered":"https:\/\/www.pricetornado.com\/da\/produkt\/nedis-displayport-adapter-displayport-han-vga-hun-1080p-guldplateret-lige-runde-abs-antracit-box-ccbw37935at\/"},"modified":"2026-04-29T02:25:54","modified_gmt":"2026-04-29T00:25:54","slug":"nedis-displayport-adapter-displayport-han-vga-hun-1080p-guldplateret-lige-runde-abs-antracit-box-ccbw37935at","status":"publish","type":"product","link":"https:\/\/www.pricetornado.com\/da\/produkt\/nedis-displayport-adapter-displayport-han-vga-hun-1080p-guldplateret-lige-runde-abs-antracit-box-ccbw37935at\/","title":{"rendered":"Nedis &#8211; DisplayPort adapter | DisplayPort Han | VGA Hun | 1080p | Guldplateret | Lige | Runde | ABS | Antracit | Box &#8211; CCBW37935AT"},"content":{"rendered":"<p>K\u00f8b billig Nedis &#8211; DisplayPort adapter | DisplayPort Han | VGA Hun | 1080p | Guldplateret | Lige | Runde | ABS | Antracit | Box &#8211; CCBW37935AT!<br \/>\nMed denne adapter kan du nemt forbinde en pc med DisplayPort-udgang til en projektor eller sk\u00e6rm med VGA-indgang. Den underst\u00f8tter opl\u00f8sninger op til 1080p, som sikrer et klart og detaljeret billede, og er ideel til stabile forbindelser mellem DisplayPort-enheder og VGA-sk\u00e6rme eller projektorer.Adapteren er fremstillet med et hus i robust ABS-plast, hvilket g\u00f8r den s\u00e6rligt modstandsdygtig over for slid og daglig brug. De 24 karat forgyldte kontakter forbedrer signaloverf\u00f8rslen, modvirker korrosion og giver ekstra lang levetid.Det kompakte og enkle design sikrer nem tilslutning uden at optage un\u00f8dvendig plads.Adapteren er designet til p\u00e5lidelig ydeevne ved hyppig brug og fokuserer p\u00e5 at levere en stabil og effektiv forbindelse mellem DisplayPort-kilder og VGA-sk\u00e6rme eller projektorer. Produktet har ingen ekstra funktioner som vandt\u00e6thed eller energibesparende elementer.<\/p>\n<p>Sammenlign priser p\u00e5 Nedis &#8211; DisplayPort adapter | DisplayPort Han | VGA Hun | 1080p | Guldplateret | Lige | Runde | ABS | Antracit | Box &#8211; CCBW37935AT og k\u00f8b online til den billigste pris, samt p\u00e5 tilbud!\u00a0\u00a0Tjek den bedste pris, produkt beskrivelse, video, test, anmeldelser osv.<\/p>\n<p><strong>Brand: <\/strong>Nedis<br \/>\n<strong>EAN: <\/strong>5412810265411<br \/>\n<strong>Producentens varenr.:<\/strong> 5412810265411<\/p>\n<p><strong>P.S.<\/strong><br \/>\nTilmeld dig til &#8220;Opret Gratis Prisfald Alarm&#8221;, og bliv underrettet med det samme om prisfald p\u00e5 Nedis &#8211; DisplayPort adapter | DisplayPort Han | VGA Hun | 1080p | Guldplateret | Lige | Runde | ABS | Antracit | Box &#8211; CCBW37935AT, og f\u00e5 den billigste pris!<\/p>\n<p>&nbsp;<\/p>\n<p>&nbsp;<\/p>\n","protected":false},"excerpt":{"rendered":"<p>K\u00f8b billig Nedis &#8211; DisplayPort adapter | DisplayPort Han | VGA Hun | 1080p | Guldplateret | Lige | Runde | ABS | Antracit | Box &#8211; CCBW37935AT! Med denne adapter kan du nemt forbinde en pc med DisplayPort-udgang til en projektor eller sk\u00e6rm med VGA-indgang. Den underst\u00f8tter opl\u00f8sninger op til 1080p, som sikrer et [&hellip;]<\/p>\n","protected":false},"featured_media":999980000004499380,"template":"","meta":[],"store":[1272516],"product_brand":[1272517],"product_cat":[1275232],"product_tag":[1275233,1275178],"class_list":{"0":"post-449938","1":"product","2":"type-product","3":"status-publish","4":"has-post-thumbnail","6":"store-butik24","7":"product_brand-nedis","8":"product_cat-computer-og-netvaerk","9":"product_tag-computer-og-netvaerk","10":"product_tag-nedis","11":"pa_maerke-nedis","13":"first","14":"instock","15":"product-type-external"},"_links":{"self":[{"href":"https:\/\/www.pricetornado.com\/da\/wp-json\/wp\/v2\/product\/449938","targetHints":{"allow":["GET"]}}],"collection":[{"href":"https:\/\/www.pricetornado.com\/da\/wp-json\/wp\/v2\/product"}],"about":[{"href":"https:\/\/www.pricetornado.com\/da\/wp-json\/wp\/v2\/types\/product"}],"wp:featuredmedia":[{"embeddable":true,"href":"https:\/\/www.pricetornado.com\/da\/wp-json\/"}],"wp:attachment":[{"href":"https:\/\/www.pricetornado.com\/da\/wp-json\/wp\/v2\/media?parent=449938"}],"wp:term":[{"taxonomy":"store","embeddable":true,"href":"https:\/\/www.pricetornado.com\/da\/wp-json\/wp\/v2\/store?post=449938"},{"taxonomy":"product_brand","embeddable":true,"href":"https:\/\/www.pricetornado.com\/da\/wp-json\/wp\/v2\/product_brand?post=449938"},{"taxonomy":"product_cat","embeddable":true,"href":"https:\/\/www.pricetornado.com\/da\/wp-json\/wp\/v2\/product_cat?post=449938"},{"taxonomy":"product_tag","embeddable":true,"href":"https:\/\/www.pricetornado.com\/da\/wp-json\/wp\/v2\/product_tag?post=449938"}],"curies":[{"name":"wp","href":"https:\/\/api.w.org\/{rel}","templated":true}]}}