{"id":449937,"date":"2025-02-21T04:26:38","date_gmt":"2025-02-21T03:26:38","guid":{"rendered":"https:\/\/www.pricetornado.com\/da\/produkt\/nedis-displayport-adapter-displayport-han-hdmi-udgang-4k30hz-guldplateret-lige-runde-abs-plastik-antracit-box-ccbw37915at\/"},"modified":"2026-04-29T02:25:49","modified_gmt":"2026-04-29T00:25:49","slug":"nedis-displayport-adapter-displayport-han-hdmi-udgang-4k30hz-guldplateret-lige-runde-abs-plastik-antracit-box-ccbw37915at","status":"publish","type":"product","link":"https:\/\/www.pricetornado.com\/da\/produkt\/nedis-displayport-adapter-displayport-han-hdmi-udgang-4k30hz-guldplateret-lige-runde-abs-plastik-antracit-box-ccbw37915at\/","title":{"rendered":"Nedis &#8211; DisplayPort adapter | DisplayPort Han | HDMI \u2122 -udgang | 4K@30Hz | Guldplateret | Lige | Runde | ABS | Plastik | Antracit | Box &#8211; CCBW37915AT"},"content":{"rendered":"<p>K\u00f8b billig Nedis &#8211; DisplayPort adapter | DisplayPort Han | HDMI \u2122 -udgang | 4K@30Hz | Guldplateret | Lige | Runde | ABS | Plastik | Antracit | Box &#8211; CCBW37915AT!<br \/>\nForbind nemt din pc til et HDTV, monitor eller projektor med denne DisplayPort til HDMI adapter. Adapteren tilbyder en enkel plug-and-play-l\u00f8sning uden behov for l\u00f8se kabler, hvilket g\u00f8r installationen hurtig og ukompliceret.Adapteren underst\u00f8tter op til 4K-opl\u00f8sning ved 30 Hz, s\u00e5 du kan nyde skarpt og klart billede ved tilslutning af dine enheder. Ideel til b\u00e5de hjemme- og kontorbrug.Guldplader p\u00e5 kontakterne sikrer optimal ledningsevne og beskytter mod korrosion, hvilket giver langvarig og stabil ydeevne.Let og robust hus i ABS-plastik og plastik med antracitfarvet finish betyder nem transport og diskret udseende.Lige og rund adapterform giver enkel og stabil tilslutning uden besv\u00e6r.Det kompakte og lette design g\u00f8r adapteren nem at have med p\u00e5 farten og sikrer, at du hurtigt kan tilslutte dine enheder n\u00e5r som helst.<\/p>\n<p>Sammenlign priser p\u00e5 Nedis &#8211; DisplayPort adapter | DisplayPort Han | HDMI \u2122 -udgang | 4K@30Hz | Guldplateret | Lige | Runde | ABS | Plastik | Antracit | Box &#8211; CCBW37915AT og k\u00f8b online til den billigste pris, samt p\u00e5 tilbud!\u00a0\u00a0Tjek den bedste pris, produkt beskrivelse, video, test, anmeldelser osv.<\/p>\n<p><strong>Brand: <\/strong>Nedis<br \/>\n<strong>EAN: <\/strong>5412810265404<br \/>\n<strong>Producentens varenr.:<\/strong> 5412810265404<\/p>\n<p><strong>P.S.<\/strong><br \/>\nTilmeld dig til &#8220;Opret Gratis Prisfald Alarm&#8221;, og bliv underrettet med det samme om prisfald p\u00e5 Nedis &#8211; DisplayPort adapter | DisplayPort Han | HDMI \u2122 -udgang | 4K@30Hz | Guldplateret | Lige | Runde | ABS | Plastik | Antracit | Box &#8211; CCBW37915AT, og f\u00e5 den billigste pris!<\/p>\n<p>&nbsp;<\/p>\n<p>&nbsp;<\/p>\n","protected":false},"excerpt":{"rendered":"<p>K\u00f8b billig Nedis &#8211; DisplayPort adapter | DisplayPort Han | HDMI \u2122 -udgang | 4K@30Hz | Guldplateret | Lige | Runde | ABS | Plastik | Antracit | Box &#8211; CCBW37915AT! Forbind nemt din pc til et HDTV, monitor eller projektor med denne DisplayPort til HDMI adapter. Adapteren tilbyder en enkel plug-and-play-l\u00f8sning uden behov for [&hellip;]<\/p>\n","protected":false},"featured_media":0,"template":"","meta":[],"store":[1272516],"product_brand":[1272517],"product_cat":[1275232],"product_tag":[1275233,1275178],"class_list":{"0":"post-449937","1":"product","2":"type-product","3":"status-publish","5":"store-butik24","6":"product_brand-nedis","7":"product_cat-computer-og-netvaerk","8":"product_tag-computer-og-netvaerk","9":"product_tag-nedis","10":"pa_maerke-nedis","12":"first","13":"instock","14":"product-type-external"},"_links":{"self":[{"href":"https:\/\/www.pricetornado.com\/da\/wp-json\/wp\/v2\/product\/449937","targetHints":{"allow":["GET"]}}],"collection":[{"href":"https:\/\/www.pricetornado.com\/da\/wp-json\/wp\/v2\/product"}],"about":[{"href":"https:\/\/www.pricetornado.com\/da\/wp-json\/wp\/v2\/types\/product"}],"wp:attachment":[{"href":"https:\/\/www.pricetornado.com\/da\/wp-json\/wp\/v2\/media?parent=449937"}],"wp:term":[{"taxonomy":"store","embeddable":true,"href":"https:\/\/www.pricetornado.com\/da\/wp-json\/wp\/v2\/store?post=449937"},{"taxonomy":"product_brand","embeddable":true,"href":"https:\/\/www.pricetornado.com\/da\/wp-json\/wp\/v2\/product_brand?post=449937"},{"taxonomy":"product_cat","embeddable":true,"href":"https:\/\/www.pricetornado.com\/da\/wp-json\/wp\/v2\/product_cat?post=449937"},{"taxonomy":"product_tag","embeddable":true,"href":"https:\/\/www.pricetornado.com\/da\/wp-json\/wp\/v2\/product_tag?post=449937"}],"curies":[{"name":"wp","href":"https:\/\/api.w.org\/{rel}","templated":true}]}}