{"id":449936,"date":"2025-02-21T20:47:04","date_gmt":"2025-02-21T19:47:04","guid":{"rendered":"https:\/\/www.pricetornado.com\/da\/produkt\/nedis-satellit-antennekabel-f-han-quick-f-han-quick-guldplateret-90-db-75-ohm-enkelt-afskaermet-5-00-m-runde-pvc-hvid-box-csbw41000wt50\/"},"modified":"2026-04-29T02:25:45","modified_gmt":"2026-04-29T00:25:45","slug":"nedis-satellit-antennekabel-f-han-quick-f-han-quick-guldplateret-90-db-75-ohm-enkelt-afskaermet-5-00-m-runde-pvc-hvid-box-csbw41000wt50","status":"publish","type":"product","link":"https:\/\/www.pricetornado.com\/da\/produkt\/nedis-satellit-antennekabel-f-han-quick-f-han-quick-guldplateret-90-db-75-ohm-enkelt-afskaermet-5-00-m-runde-pvc-hvid-box-csbw41000wt50\/","title":{"rendered":"Nedis &#8211; Satellit &#038; Antennekabel | F Han Quick | F Han Quick | Guldplateret | 90 dB | 75 Ohm | Enkelt afsk\u00e6rmet | 5.00 m | Runde | PVC | Hvid | Box &#8211; CSBW41000WT50"},"content":{"rendered":"<p>K\u00f8b billig Nedis &#8211; Satellit &#038; Antennekabel | F Han Quick | F Han Quick | Guldplateret | 90 dB | 75 Ohm | Enkelt afsk\u00e6rmet | 5.00 m | Runde | PVC | Hvid | Box &#8211; CSBW41000WT50!<br \/>\nKablet bruges til tilslutning af en parabolantenne til en LNB eller en TV-modtagerboks, s\u00e5 du kan modtage antennesignaler stabilt og p\u00e5lideligt. Med F han-quick connectors i begge ender f\u00e5r du en hurtig og sikker forbindelse uden kompliceret montering.Kablets ydre kappe er lavet af slidst\u00e6rkt PVC, hvilket sikrer god holdbarhed til daglig brug. Det runde kabeldesign med en l\u00e6ngde p\u00e5 5 meter g\u00f8r installation og ledningsf\u00f8ring let og fleksibel.Dette kabel sikrer p\u00e5lidelig overf\u00f8rsel af antennesignaler med h\u00f8j kvalitet og nem installation. De praktiske egenskaber g\u00f8r det til et ideelt valg til b\u00e5de antenne- og paraboltilslutninger i hjemmet.Bestil dit antenne- og satellitkabel i dag og f\u00e5 en bedre tv-oplevelse med stabilt signal.<\/p>\n<p>Sammenlign priser p\u00e5 Nedis &#8211; Satellit &#038; Antennekabel | F Han Quick | F Han Quick | Guldplateret | 90 dB | 75 Ohm | Enkelt afsk\u00e6rmet | 5.00 m | Runde | PVC | Hvid | Box &#8211; CSBW41000WT50 og k\u00f8b online til den billigste pris, samt p\u00e5 tilbud!\u00a0\u00a0Tjek den bedste pris, produkt beskrivelse, video, test, anmeldelser osv.<\/p>\n<p><strong>Brand: <\/strong>Nedis<br \/>\n<strong>EAN: <\/strong>5412810265312<br \/>\n<strong>Producentens varenr.:<\/strong> 5412810265312<\/p>\n<p><strong>P.S.<\/strong><br \/>\nTilmeld dig til &#8220;Opret Gratis Prisfald Alarm&#8221;, og bliv underrettet med det samme om prisfald p\u00e5 Nedis &#8211; Satellit &#038; Antennekabel | F Han Quick | F Han Quick | Guldplateret | 90 dB | 75 Ohm | Enkelt afsk\u00e6rmet | 5.00 m | Runde | PVC | Hvid | Box &#8211; CSBW41000WT50, og f\u00e5 den billigste pris!<\/p>\n<p>&nbsp;<\/p>\n<p>&nbsp;<\/p>\n","protected":false},"excerpt":{"rendered":"<p>K\u00f8b billig Nedis &#8211; Satellit &#038; Antennekabel | F Han Quick | F Han Quick | Guldplateret | 90 dB | 75 Ohm | Enkelt afsk\u00e6rmet | 5.00 m | Runde | PVC | Hvid | Box &#8211; CSBW41000WT50! Kablet bruges til tilslutning af en parabolantenne til en LNB eller en TV-modtagerboks, s\u00e5 du kan [&hellip;]<\/p>\n","protected":false},"featured_media":999980000004499360,"template":"","meta":[],"store":[1272516],"product_brand":[1272517],"product_cat":[1275230],"product_tag":[1275178,1275231],"class_list":{"0":"post-449936","1":"product","2":"type-product","3":"status-publish","4":"has-post-thumbnail","6":"store-butik24","7":"product_brand-nedis","8":"product_cat-video","9":"product_tag-nedis","10":"product_tag-video","11":"pa_maerke-nedis","13":"first","14":"instock","15":"product-type-external"},"_links":{"self":[{"href":"https:\/\/www.pricetornado.com\/da\/wp-json\/wp\/v2\/product\/449936","targetHints":{"allow":["GET"]}}],"collection":[{"href":"https:\/\/www.pricetornado.com\/da\/wp-json\/wp\/v2\/product"}],"about":[{"href":"https:\/\/www.pricetornado.com\/da\/wp-json\/wp\/v2\/types\/product"}],"wp:featuredmedia":[{"embeddable":true,"href":"https:\/\/www.pricetornado.com\/da\/wp-json\/"}],"wp:attachment":[{"href":"https:\/\/www.pricetornado.com\/da\/wp-json\/wp\/v2\/media?parent=449936"}],"wp:term":[{"taxonomy":"store","embeddable":true,"href":"https:\/\/www.pricetornado.com\/da\/wp-json\/wp\/v2\/store?post=449936"},{"taxonomy":"product_brand","embeddable":true,"href":"https:\/\/www.pricetornado.com\/da\/wp-json\/wp\/v2\/product_brand?post=449936"},{"taxonomy":"product_cat","embeddable":true,"href":"https:\/\/www.pricetornado.com\/da\/wp-json\/wp\/v2\/product_cat?post=449936"},{"taxonomy":"product_tag","embeddable":true,"href":"https:\/\/www.pricetornado.com\/da\/wp-json\/wp\/v2\/product_tag?post=449936"}],"curies":[{"name":"wp","href":"https:\/\/api.w.org\/{rel}","templated":true}]}}