{"id":449932,"date":"2025-02-25T01:40:32","date_gmt":"2025-02-25T00:40:32","guid":{"rendered":"https:\/\/www.pricetornado.com\/da\/produkt\/nedis-stereo-audio-kabel-2x-rca-hanstik-2x-rca-hanstik-guldplateret-5-00-m-runde-antracit-box-cabw24200at50\/"},"modified":"2026-04-30T02:31:28","modified_gmt":"2026-04-30T00:31:28","slug":"nedis-stereo-audio-kabel-2x-rca-hanstik-2x-rca-hanstik-guldplateret-5-00-m-runde-antracit-box-cabw24200at50","status":"publish","type":"product","link":"https:\/\/www.pricetornado.com\/da\/produkt\/nedis-stereo-audio-kabel-2x-rca-hanstik-2x-rca-hanstik-guldplateret-5-00-m-runde-antracit-box-cabw24200at50\/","title":{"rendered":"Nedis &#8211; Stereo Audio kabel | 2x RCA Hanstik | 2x RCA Hanstik | Guldplateret | 5.00 m | Runde | Antracit | Box &#8211; CABW24200AT50"},"content":{"rendered":"<p>K\u00f8b billig Nedis &#8211; Stereo Audio kabel | 2x RCA Hanstik | 2x RCA Hanstik | Guldplateret | 5.00 m | Runde | Antracit | Box &#8211; CABW24200AT50!<br \/>\nDette kabel er ideelt til tilslutning af dit TV til et hjemmebiografsystem for at optimere lydoplevelsen i dit hjem. Den 5 meter lange kabel giver fleksibilitet i placeringen af dine enheder og sikrer p\u00e5lidelig forbindelse.Kablet er udstyret med guldplaterede RCA hanstik i begge ender, hvilket forbedrer signaloverf\u00f8rslen, modvirker korrosion og sikrer stabil og klar lyd.Med en rund kabelprofil i antracitfarvet PVC er kablet b\u00e5de robust og fleksibelt. Den fleksible strain relief beskytter mod kabelbrud og \u00f8ger holdbarheden under daglig brug.F\u00e5 en p\u00e5lidelig og praktisk l\u00f8sning til forbedret lyd mellem dit TV og hjemmebiografsystem med dette kvalitetskabel. Bestil i dag og oplev mere detaljeret og kraftfuld lyd derhjemme.<\/p>\n<p>Sammenlign priser p\u00e5 Nedis &#8211; Stereo Audio kabel | 2x RCA Hanstik | 2x RCA Hanstik | Guldplateret | 5.00 m | Runde | Antracit | Box &#8211; CABW24200AT50 og k\u00f8b online til den billigste pris, samt p\u00e5 tilbud!\u00a0\u00a0Tjek den bedste pris, produkt beskrivelse, video, test, anmeldelser osv.<\/p>\n<p><strong>Brand: <\/strong>Nedis<br \/>\n<strong>EAN: <\/strong>5412810265114<br \/>\n<strong>Producentens varenr.:<\/strong> 5412810265114<\/p>\n<p><strong>P.S.<\/strong><br \/>\nTilmeld dig til &#8220;Opret Gratis Prisfald Alarm&#8221;, og bliv underrettet med det samme om prisfald p\u00e5 Nedis &#8211; Stereo Audio kabel | 2x RCA Hanstik | 2x RCA Hanstik | Guldplateret | 5.00 m | Runde | Antracit | Box &#8211; CABW24200AT50, og f\u00e5 den billigste pris!<\/p>\n<p>&nbsp;<\/p>\n<p>&nbsp;<\/p>\n","protected":false},"excerpt":{"rendered":"<p>K\u00f8b billig Nedis &#8211; Stereo Audio kabel | 2x RCA Hanstik | 2x RCA Hanstik | Guldplateret | 5.00 m | Runde | Antracit | Box &#8211; CABW24200AT50! Dette kabel er ideelt til tilslutning af dit TV til et hjemmebiografsystem for at optimere lydoplevelsen i dit hjem. Den 5 meter lange kabel giver fleksibilitet i [&hellip;]<\/p>\n","protected":false},"featured_media":999980000004499320,"template":"","meta":[],"store":[1272516],"product_brand":[1272517],"product_cat":[1272472],"product_tag":[1272746,1275178],"class_list":{"0":"post-449932","1":"product","2":"type-product","3":"status-publish","4":"has-post-thumbnail","6":"store-butik24","7":"product_brand-nedis","8":"product_cat-lyd","9":"product_tag-lyd","10":"product_tag-nedis","11":"pa_maerke-nedis","13":"first","14":"instock","15":"product-type-external"},"_links":{"self":[{"href":"https:\/\/www.pricetornado.com\/da\/wp-json\/wp\/v2\/product\/449932","targetHints":{"allow":["GET"]}}],"collection":[{"href":"https:\/\/www.pricetornado.com\/da\/wp-json\/wp\/v2\/product"}],"about":[{"href":"https:\/\/www.pricetornado.com\/da\/wp-json\/wp\/v2\/types\/product"}],"wp:featuredmedia":[{"embeddable":true,"href":"https:\/\/www.pricetornado.com\/da\/wp-json\/"}],"wp:attachment":[{"href":"https:\/\/www.pricetornado.com\/da\/wp-json\/wp\/v2\/media?parent=449932"}],"wp:term":[{"taxonomy":"store","embeddable":true,"href":"https:\/\/www.pricetornado.com\/da\/wp-json\/wp\/v2\/store?post=449932"},{"taxonomy":"product_brand","embeddable":true,"href":"https:\/\/www.pricetornado.com\/da\/wp-json\/wp\/v2\/product_brand?post=449932"},{"taxonomy":"product_cat","embeddable":true,"href":"https:\/\/www.pricetornado.com\/da\/wp-json\/wp\/v2\/product_cat?post=449932"},{"taxonomy":"product_tag","embeddable":true,"href":"https:\/\/www.pricetornado.com\/da\/wp-json\/wp\/v2\/product_tag?post=449932"}],"curies":[{"name":"wp","href":"https:\/\/api.w.org\/{rel}","templated":true}]}}