{"id":449931,"date":"2025-02-25T09:17:24","date_gmt":"2025-02-25T08:17:24","guid":{"rendered":"https:\/\/www.pricetornado.com\/da\/produkt\/nedis-stereo-audio-kabel-2x-rca-hanstik-2x-rca-hanstik-guldplateret-3-00-m-runde-antracit-box-cabw24200at30\/"},"modified":"2026-04-29T02:25:24","modified_gmt":"2026-04-29T00:25:24","slug":"nedis-stereo-audio-kabel-2x-rca-hanstik-2x-rca-hanstik-guldplateret-3-00-m-runde-antracit-box-cabw24200at30","status":"publish","type":"product","link":"https:\/\/www.pricetornado.com\/da\/produkt\/nedis-stereo-audio-kabel-2x-rca-hanstik-2x-rca-hanstik-guldplateret-3-00-m-runde-antracit-box-cabw24200at30\/","title":{"rendered":"Nedis &#8211; Stereo Audio kabel | 2x RCA Hanstik | 2x RCA Hanstik | Guldplateret | 3.00 m | Runde | Antracit | Box &#8211; CABW24200AT30"},"content":{"rendered":"<p>K\u00f8b billig Nedis &#8211; Stereo Audio kabel | 2x RCA Hanstik | 2x RCA Hanstik | Guldplateret | 3.00 m | Runde | Antracit | Box &#8211; CABW24200AT30!<br \/>\nDette stereo audiokabel er ideelt til tilslutning af TV til hjemmebiografsystem og optimerer lydoplevelsen. Med en l\u00e6ngde p\u00e5 3 meter kan du let placere og tilslutte dine enheder, uden at g\u00e5 p\u00e5 kompromis med lydkvaliteten.Kablet er udstyret med 24-karat guldplaterede RCA hanstik (2x til 2x), som sikrer optimal lydtransmission og beskytter mod korrosion. Den runde kabelkonstruktion samt en yderkappe af PVC giver solid beskyttelse og g\u00f8r installationen enkel, selv i forskellige ops\u00e6tninger.Med fleksibel strain relief ved stikforbindelserne undg\u00e5s kabelbrud, hvilket \u00f8ger kabellets levetid og g\u00f8r det lettere at h\u00e5ndtere under tilslutning og daglig brug.V\u00e6lg dette stereo audiokabel, n\u00e5r du \u00f8nsker en holdbar og p\u00e5lidelig forbindelse mellem TV og hjemmebiografsystem med fokus p\u00e5 klar lyd og lang levetid.<\/p>\n<p>Sammenlign priser p\u00e5 Nedis &#8211; Stereo Audio kabel | 2x RCA Hanstik | 2x RCA Hanstik | Guldplateret | 3.00 m | Runde | Antracit | Box &#8211; CABW24200AT30 og k\u00f8b online til den billigste pris, samt p\u00e5 tilbud!\u00a0\u00a0Tjek den bedste pris, produkt beskrivelse, video, test, anmeldelser osv.<\/p>\n<p><strong>Brand: <\/strong>Nedis<br \/>\n<strong>EAN: <\/strong>5412810265107<br \/>\n<strong>Producentens varenr.:<\/strong> 5412810265107<\/p>\n<p><strong>P.S.<\/strong><br \/>\nTilmeld dig til &#8220;Opret Gratis Prisfald Alarm&#8221;, og bliv underrettet med det samme om prisfald p\u00e5 Nedis &#8211; Stereo Audio kabel | 2x RCA Hanstik | 2x RCA Hanstik | Guldplateret | 3.00 m | Runde | Antracit | Box &#8211; CABW24200AT30, og f\u00e5 den billigste pris!<\/p>\n<p>&nbsp;<\/p>\n<p>&nbsp;<\/p>\n","protected":false},"excerpt":{"rendered":"<p>K\u00f8b billig Nedis &#8211; Stereo Audio kabel | 2x RCA Hanstik | 2x RCA Hanstik | Guldplateret | 3.00 m | Runde | Antracit | Box &#8211; CABW24200AT30! Dette stereo audiokabel er ideelt til tilslutning af TV til hjemmebiografsystem og optimerer lydoplevelsen. Med en l\u00e6ngde p\u00e5 3 meter kan du let placere og tilslutte dine [&hellip;]<\/p>\n","protected":false},"featured_media":999980000004499310,"template":"","meta":[],"store":[1272516],"product_brand":[1272517],"product_cat":[1272472],"product_tag":[1272746,1275178],"class_list":{"0":"post-449931","1":"product","2":"type-product","3":"status-publish","4":"has-post-thumbnail","6":"store-butik24","7":"product_brand-nedis","8":"product_cat-lyd","9":"product_tag-lyd","10":"product_tag-nedis","11":"pa_maerke-nedis","13":"first","14":"instock","15":"product-type-external"},"_links":{"self":[{"href":"https:\/\/www.pricetornado.com\/da\/wp-json\/wp\/v2\/product\/449931","targetHints":{"allow":["GET"]}}],"collection":[{"href":"https:\/\/www.pricetornado.com\/da\/wp-json\/wp\/v2\/product"}],"about":[{"href":"https:\/\/www.pricetornado.com\/da\/wp-json\/wp\/v2\/types\/product"}],"wp:featuredmedia":[{"embeddable":true,"href":"https:\/\/www.pricetornado.com\/da\/wp-json\/"}],"wp:attachment":[{"href":"https:\/\/www.pricetornado.com\/da\/wp-json\/wp\/v2\/media?parent=449931"}],"wp:term":[{"taxonomy":"store","embeddable":true,"href":"https:\/\/www.pricetornado.com\/da\/wp-json\/wp\/v2\/store?post=449931"},{"taxonomy":"product_brand","embeddable":true,"href":"https:\/\/www.pricetornado.com\/da\/wp-json\/wp\/v2\/product_brand?post=449931"},{"taxonomy":"product_cat","embeddable":true,"href":"https:\/\/www.pricetornado.com\/da\/wp-json\/wp\/v2\/product_cat?post=449931"},{"taxonomy":"product_tag","embeddable":true,"href":"https:\/\/www.pricetornado.com\/da\/wp-json\/wp\/v2\/product_tag?post=449931"}],"curies":[{"name":"wp","href":"https:\/\/api.w.org\/{rel}","templated":true}]}}