{"id":449927,"date":"2025-02-27T20:59:56","date_gmt":"2025-02-27T19:59:56","guid":{"rendered":"https:\/\/www.pricetornado.com\/da\/produkt\/nedis-stereo-audio-kabel-3-5-mm-hanstik-2x-rca-hanstik-guldplateret-3-00-m-runde-antracit-box-cabw22200at30\/"},"modified":"2026-04-30T02:49:57","modified_gmt":"2026-04-30T00:49:57","slug":"nedis-stereo-audio-kabel-3-5-mm-hanstik-2x-rca-hanstik-guldplateret-3-00-m-runde-antracit-box-cabw22200at30","status":"publish","type":"product","link":"https:\/\/www.pricetornado.com\/da\/produkt\/nedis-stereo-audio-kabel-3-5-mm-hanstik-2x-rca-hanstik-guldplateret-3-00-m-runde-antracit-box-cabw22200at30\/","title":{"rendered":"Nedis &#8211; Stereo Audio kabel | 3.5 mm Hanstik | 2x RCA Hanstik | Guldplateret | 3.00 m | Runde | Antracit | Box &#8211; CABW22200AT30"},"content":{"rendered":"<p>K\u00f8b billig Nedis &#8211; Stereo Audio kabel | 3.5 mm Hanstik | 2x RCA Hanstik | Guldplateret | 3.00 m | Runde | Antracit | Box &#8211; CABW22200AT30!<br \/>\nDette lydkabel g\u00f8r det nemt at forbinde din smartphone, tablet eller anden enhed med 3,5 mm lydudgang til et hjemmebiografsystem eller andet lydudstyr med 2x RCA indgange. Oplev stereolyd i h\u00f8j kvalitet uden behov for ekstra adaptere.Kablet m\u00e5ler 3 meter og har en rund, let konstruktion p\u00e5 ca. 79 gram, hvilket g\u00f8r det nemt at h\u00e5ndtere og transportere. Det er udstyret med en fleksibel PVC-mantel (5,0 x 2,5 mm), som sikrer b\u00e5de god isolering og lang holdbarhed. Indvendigt bruges CCS- eller OFC-ledere (7 x 0,12 mm eller 12 x 0,12 mm, AWG 26-28) for optimal signaloverf\u00f8rsel.Kablet er udstyret med lige hanstik i b\u00e5de 3,5 mm og 2x RCA, hvor kontakterne enten er nikkel- eller guldbelagte. Guldbel\u00e6gningen hj\u00e6lper med at forbedre signalintegriteten og modvirker korrosion for langvarig, stabil brug. Stikkene er monteret i enten PVC- eller aluminiumshuse for ekstra robusthed.(Ca.) 79 gram letv\u00e6gt for nem transportDette kabel er en praktisk og kvalitetsbevidst l\u00f8sning til at opn\u00e5 fremragende stereolyd mellem dine mobile enheder og dit lydudstyr i hjemmet.<\/p>\n<p>Sammenlign priser p\u00e5 Nedis &#8211; Stereo Audio kabel | 3.5 mm Hanstik | 2x RCA Hanstik | Guldplateret | 3.00 m | Runde | Antracit | Box &#8211; CABW22200AT30 og k\u00f8b online til den billigste pris, samt p\u00e5 tilbud!\u00a0\u00a0Tjek den bedste pris, produkt beskrivelse, video, test, anmeldelser osv.<\/p>\n<p><strong>Brand: <\/strong>Nedis<br \/>\n<strong>EAN: <\/strong>5412810265039<br \/>\n<strong>Producentens varenr.:<\/strong> 5412810265039<\/p>\n<p><strong>P.S.<\/strong><br \/>\nTilmeld dig til &#8220;Opret Gratis Prisfald Alarm&#8221;, og bliv underrettet med det samme om prisfald p\u00e5 Nedis &#8211; Stereo Audio kabel | 3.5 mm Hanstik | 2x RCA Hanstik | Guldplateret | 3.00 m | Runde | Antracit | Box &#8211; CABW22200AT30, og f\u00e5 den billigste pris!<\/p>\n<p>&nbsp;<\/p>\n<p>&nbsp;<\/p>\n","protected":false},"excerpt":{"rendered":"<p>K\u00f8b billig Nedis &#8211; Stereo Audio kabel | 3.5 mm Hanstik | 2x RCA Hanstik | Guldplateret | 3.00 m | Runde | Antracit | Box &#8211; CABW22200AT30! Dette lydkabel g\u00f8r det nemt at forbinde din smartphone, tablet eller anden enhed med 3,5 mm lydudgang til et hjemmebiografsystem eller andet lydudstyr med 2x RCA indgange. [&hellip;]<\/p>\n","protected":false},"featured_media":999980000004499270,"template":"","meta":[],"store":[1272516],"product_brand":[1272517],"product_cat":[1272472],"product_tag":[1272746,1275178],"class_list":{"0":"post-449927","1":"product","2":"type-product","3":"status-publish","4":"has-post-thumbnail","6":"store-butik24","7":"product_brand-nedis","8":"product_cat-lyd","9":"product_tag-lyd","10":"product_tag-nedis","11":"pa_maerke-nedis","13":"first","14":"instock","15":"product-type-external"},"_links":{"self":[{"href":"https:\/\/www.pricetornado.com\/da\/wp-json\/wp\/v2\/product\/449927","targetHints":{"allow":["GET"]}}],"collection":[{"href":"https:\/\/www.pricetornado.com\/da\/wp-json\/wp\/v2\/product"}],"about":[{"href":"https:\/\/www.pricetornado.com\/da\/wp-json\/wp\/v2\/types\/product"}],"wp:featuredmedia":[{"embeddable":true,"href":"https:\/\/www.pricetornado.com\/da\/wp-json\/"}],"wp:attachment":[{"href":"https:\/\/www.pricetornado.com\/da\/wp-json\/wp\/v2\/media?parent=449927"}],"wp:term":[{"taxonomy":"store","embeddable":true,"href":"https:\/\/www.pricetornado.com\/da\/wp-json\/wp\/v2\/store?post=449927"},{"taxonomy":"product_brand","embeddable":true,"href":"https:\/\/www.pricetornado.com\/da\/wp-json\/wp\/v2\/product_brand?post=449927"},{"taxonomy":"product_cat","embeddable":true,"href":"https:\/\/www.pricetornado.com\/da\/wp-json\/wp\/v2\/product_cat?post=449927"},{"taxonomy":"product_tag","embeddable":true,"href":"https:\/\/www.pricetornado.com\/da\/wp-json\/wp\/v2\/product_tag?post=449927"}],"curies":[{"name":"wp","href":"https:\/\/api.w.org\/{rel}","templated":true}]}}