{"id":449925,"date":"2025-02-26T04:06:42","date_gmt":"2025-02-26T03:06:42","guid":{"rendered":"https:\/\/www.pricetornado.com\/da\/produkt\/nedis-kabel-management-aerme-1-stk-maksimal-tykkelse-paa-kabel-30-mm-nylon-sort-cmsl0030bk200\/"},"modified":"2026-04-29T02:24:30","modified_gmt":"2026-04-29T00:24:30","slug":"nedis-kabel-management-aerme-1-stk-maksimal-tykkelse-paa-kabel-30-mm-nylon-sort-cmsl0030bk200","status":"publish","type":"product","link":"https:\/\/www.pricetornado.com\/da\/produkt\/nedis-kabel-management-aerme-1-stk-maksimal-tykkelse-paa-kabel-30-mm-nylon-sort-cmsl0030bk200\/","title":{"rendered":"Nedis &#8211; Kabel Management | \u00c6rme | 1 stk. | Maksimal tykkelse p\u00e5 kabel: 30 mm | Nylon | Sort &#8211; CMSL0030BK200"},"content":{"rendered":"<p>K\u00f8b billig Nedis &#8211; Kabel Management | \u00c6rme | 1 stk. | Maksimal tykkelse p\u00e5 kabel: 30 mm | Nylon | Sort &#8211; CMSL0030BK200!<br \/>\nDenne flettede kabelstr\u00f8mpe fra Nedis er velegnet til at samle blottede kabler, elkabler eller ledninger i bundter for at beskytte dem mod snavs eller skader. Den flettede kabelstr\u00f8mpe lukkes automatisk, efter kablerne er lagt i. Kabler og ledninger kan tilf\u00f8jes eller fjernes flere gange. Kabelstr\u00f8mpen er kendetegnet ved h\u00f8j modstandsdygtighed over for slid og varme. L\u00e6ngden p\u00e5 den flettede kabelstr\u00f8mpe kan afkortes individuelt ved hj\u00e6lp af en varmekniv.<\/p>\n<p>Sammenlign priser p\u00e5 Nedis &#8211; Kabel Management | \u00c6rme | 1 stk. | Maksimal tykkelse p\u00e5 kabel: 30 mm | Nylon | Sort &#8211; CMSL0030BK200 og k\u00f8b online til den billigste pris, samt p\u00e5 tilbud!\u00a0\u00a0Tjek den bedste pris, produkt beskrivelse, video, test, anmeldelser osv.<\/p>\n<p><strong>Brand: <\/strong>Nedis<br \/>\n<strong>EAN: <\/strong>5412810406067<br \/>\n<strong>Producentens varenr.:<\/strong> 5412810406067<\/p>\n<p><strong>P.S.<\/strong><br \/>\nTilmeld dig til &#8220;Opret Gratis Prisfald Alarm&#8221;, og bliv underrettet med det samme om prisfald p\u00e5 Nedis &#8211; Kabel Management | \u00c6rme | 1 stk. | Maksimal tykkelse p\u00e5 kabel: 30 mm | Nylon | Sort &#8211; CMSL0030BK200, og f\u00e5 den billigste pris!<\/p>\n<p>&nbsp;<\/p>\n<p>&nbsp;<\/p>\n","protected":false},"excerpt":{"rendered":"<p>K\u00f8b billig Nedis &#8211; Kabel Management | \u00c6rme | 1 stk. | Maksimal tykkelse p\u00e5 kabel: 30 mm | Nylon | Sort &#8211; CMSL0030BK200! Denne flettede kabelstr\u00f8mpe fra Nedis er velegnet til at samle blottede kabler, elkabler eller ledninger i bundter for at beskytte dem mod snavs eller skader. Den flettede kabelstr\u00f8mpe lukkes automatisk, efter [&hellip;]<\/p>\n","protected":false},"featured_media":999980000004499250,"template":"","meta":[],"store":[1272516],"product_brand":[1272517],"product_cat":[1275235],"product_tag":[1275236,1275178],"class_list":{"0":"post-449925","1":"product","2":"type-product","3":"status-publish","4":"has-post-thumbnail","6":"store-butik24","7":"product_brand-nedis","8":"product_cat-kablerstyring","9":"product_tag-kablerstyring","10":"product_tag-nedis","11":"pa_maerke-nedis","13":"first","14":"instock","15":"product-type-external"},"_links":{"self":[{"href":"https:\/\/www.pricetornado.com\/da\/wp-json\/wp\/v2\/product\/449925","targetHints":{"allow":["GET"]}}],"collection":[{"href":"https:\/\/www.pricetornado.com\/da\/wp-json\/wp\/v2\/product"}],"about":[{"href":"https:\/\/www.pricetornado.com\/da\/wp-json\/wp\/v2\/types\/product"}],"wp:featuredmedia":[{"embeddable":true,"href":"https:\/\/www.pricetornado.com\/da\/wp-json\/"}],"wp:attachment":[{"href":"https:\/\/www.pricetornado.com\/da\/wp-json\/wp\/v2\/media?parent=449925"}],"wp:term":[{"taxonomy":"store","embeddable":true,"href":"https:\/\/www.pricetornado.com\/da\/wp-json\/wp\/v2\/store?post=449925"},{"taxonomy":"product_brand","embeddable":true,"href":"https:\/\/www.pricetornado.com\/da\/wp-json\/wp\/v2\/product_brand?post=449925"},{"taxonomy":"product_cat","embeddable":true,"href":"https:\/\/www.pricetornado.com\/da\/wp-json\/wp\/v2\/product_cat?post=449925"},{"taxonomy":"product_tag","embeddable":true,"href":"https:\/\/www.pricetornado.com\/da\/wp-json\/wp\/v2\/product_tag?post=449925"}],"curies":[{"name":"wp","href":"https:\/\/api.w.org\/{rel}","templated":true}]}}