{"id":449922,"date":"2025-02-27T14:38:11","date_gmt":"2025-02-27T13:38:11","guid":{"rendered":"https:\/\/www.pricetornado.com\/da\/produkt\/nedis-digital-audio-switch-4-vejs-indgang-til-lyd-video-dataforbindelser-dc-power-4x-toslink-audio-video-dataforbindelser-output-toslink-female-fjernbetjening-manual-trykkn\/"},"modified":"2026-04-30T02:49:55","modified_gmt":"2026-04-30T00:49:55","slug":"nedis-digital-audio-switch-4-vejs-indgang-til-lyd-video-dataforbindelser-dc-power-4x-toslink-audio-video-dataforbindelser-output-toslink-female-fjernbetjening-manual-trykkn","status":"publish","type":"product","link":"https:\/\/www.pricetornado.com\/da\/produkt\/nedis-digital-audio-switch-4-vejs-indgang-til-lyd-video-dataforbindelser-dc-power-4x-toslink-audio-video-dataforbindelser-output-toslink-female-fjernbetjening-manual-trykkn\/","title":{"rendered":"Nedis &#8211; Digital Audio Switch | 4-vejs | Indgang til lyd- \/ video- \/ dataforbindelser: DC Power \/ 4x TosLink | Audio \/ video \/ dataforbindelser output: TosLink Female | Fjernbetjening \/ Manual \/ Trykknap | Metal | Sort &#8211; ASWI2514BK"},"content":{"rendered":"<p>K\u00f8b billig Nedis &#8211; Digital Audio Switch | 4-vejs | Indgang til lyd- \/ video- \/ dataforbindelser: DC Power \/ 4x TosLink | Audio \/ video \/ dataforbindelser output: TosLink Female | Fjernbetjening \/ Manual \/ Trykknap | Metal | Sort &#8211; ASWI2514BK!<br \/>\nDenne Nedis 4-vejs TosLink-switch er designet til at give mulighed for at v\u00e6lge lydsignaler mellem 4 digitale optiske indgange og 1 udgang ved hj\u00e6lp af TosLink-kabler (optiske). Det maksimalt underst\u00f8ttede l\u00e6ngde p\u00e5 det optiske fiberkabel er 5,0 m, hvor det stadig giver en p\u00e5lidelig og tabsfri lydsignaloverf\u00f8rsel. Det betyder, at alle originale data p\u00e5 dine enheder bevares. Produktets kompakte design sikrer praktisk opbevaring og g\u00f8r, at det passer ind i dit hjem. Du beh\u00f8ver ikke at v\u00e6re elektriker for at installere eller betjene denne 4-vejs TosLink-switch, da dette udstyr er ekstremt nemt at bruge. Derfor er det et ideelt produkt til lydswitching, enten hjemme eller professionelt.<\/p>\n<p>Sammenlign priser p\u00e5 Nedis &#8211; Digital Audio Switch | 4-vejs | Indgang til lyd- \/ video- \/ dataforbindelser: DC Power \/ 4x TosLink | Audio \/ video \/ dataforbindelser output: TosLink Female | Fjernbetjening \/ Manual \/ Trykknap | Metal | Sort &#8211; ASWI2514BK og k\u00f8b online til den billigste pris, samt p\u00e5 tilbud!\u00a0\u00a0Tjek den bedste pris, produkt beskrivelse, video, test, anmeldelser osv.<\/p>\n<p><strong>Brand: <\/strong>Nedis<br \/>\n<strong>EAN: <\/strong>5412810403783<br \/>\n<strong>Producentens varenr.:<\/strong> 5412810403783<\/p>\n<p><strong>P.S.<\/strong><br \/>\nTilmeld dig til &#8220;Opret Gratis Prisfald Alarm&#8221;, og bliv underrettet med det samme om prisfald p\u00e5 Nedis &#8211; Digital Audio Switch | 4-vejs | Indgang til lyd- \/ video- \/ dataforbindelser: DC Power \/ 4x TosLink | Audio \/ video \/ dataforbindelser output: TosLink Female | Fjernbetjening \/ Manual \/ Trykknap | Metal | Sort &#8211; ASWI2514BK, og f\u00e5 den billigste pris!<\/p>\n<p>&nbsp;<\/p>\n<p>&nbsp;<\/p>\n","protected":false},"excerpt":{"rendered":"<p>K\u00f8b billig Nedis &#8211; Digital Audio Switch | 4-vejs | Indgang til lyd- \/ video- \/ dataforbindelser: DC Power \/ 4x TosLink | Audio \/ video \/ dataforbindelser output: TosLink Female | Fjernbetjening \/ Manual \/ Trykknap | Metal | Sort &#8211; ASWI2514BK! Denne Nedis 4-vejs TosLink-switch er designet til at give mulighed for at [&hellip;]<\/p>\n","protected":false},"featured_media":999980000004499220,"template":"","meta":[],"store":[1272516],"product_brand":[1272517],"product_cat":[1272472],"product_tag":[1272746,1275178],"class_list":{"0":"post-449922","1":"product","2":"type-product","3":"status-publish","4":"has-post-thumbnail","6":"store-butik24","7":"product_brand-nedis","8":"product_cat-lyd","9":"product_tag-lyd","10":"product_tag-nedis","11":"pa_maerke-nedis","13":"first","14":"instock","15":"product-type-external"},"_links":{"self":[{"href":"https:\/\/www.pricetornado.com\/da\/wp-json\/wp\/v2\/product\/449922","targetHints":{"allow":["GET"]}}],"collection":[{"href":"https:\/\/www.pricetornado.com\/da\/wp-json\/wp\/v2\/product"}],"about":[{"href":"https:\/\/www.pricetornado.com\/da\/wp-json\/wp\/v2\/types\/product"}],"wp:featuredmedia":[{"embeddable":true,"href":"https:\/\/www.pricetornado.com\/da\/wp-json\/"}],"wp:attachment":[{"href":"https:\/\/www.pricetornado.com\/da\/wp-json\/wp\/v2\/media?parent=449922"}],"wp:term":[{"taxonomy":"store","embeddable":true,"href":"https:\/\/www.pricetornado.com\/da\/wp-json\/wp\/v2\/store?post=449922"},{"taxonomy":"product_brand","embeddable":true,"href":"https:\/\/www.pricetornado.com\/da\/wp-json\/wp\/v2\/product_brand?post=449922"},{"taxonomy":"product_cat","embeddable":true,"href":"https:\/\/www.pricetornado.com\/da\/wp-json\/wp\/v2\/product_cat?post=449922"},{"taxonomy":"product_tag","embeddable":true,"href":"https:\/\/www.pricetornado.com\/da\/wp-json\/wp\/v2\/product_tag?post=449922"}],"curies":[{"name":"wp","href":"https:\/\/api.w.org\/{rel}","templated":true}]}}