{"id":449920,"date":"2025-02-27T16:30:48","date_gmt":"2025-02-27T15:30:48","guid":{"rendered":"https:\/\/www.pricetornado.com\/da\/produkt\/nedis-video-transmitter-1-veje-indgang-til-lyd-video-dataforbindelser-toslink-female-audio-video-dataforbindelser-output-2x-toslink-trykknap-metal-sort-aspl2512bk\/"},"modified":"2026-04-30T02:49:54","modified_gmt":"2026-04-30T00:49:54","slug":"nedis-video-transmitter-1-veje-indgang-til-lyd-video-dataforbindelser-toslink-female-audio-video-dataforbindelser-output-2x-toslink-trykknap-metal-sort-aspl2512bk","status":"publish","type":"product","link":"https:\/\/www.pricetornado.com\/da\/produkt\/nedis-video-transmitter-1-veje-indgang-til-lyd-video-dataforbindelser-toslink-female-audio-video-dataforbindelser-output-2x-toslink-trykknap-metal-sort-aspl2512bk\/","title":{"rendered":"Nedis &#8211; Video Transmitter | 1-veje | Indgang til lyd- \/ video- \/ dataforbindelser: TosLink Female | Audio \/ video \/ dataforbindelser output: 2x TosLink | Trykknap | Metal | Sort &#8211; ASPL2512BK"},"content":{"rendered":"<p>K\u00f8b billig Nedis &#8211; Video Transmitter | 1-veje | Indgang til lyd- \/ video- \/ dataforbindelser: TosLink Female | Audio \/ video \/ dataforbindelser output: 2x TosLink | Trykknap | Metal | Sort &#8211; ASPL2512BK!<br \/>\nDenne digitale optiske 2-vejs lydsplitter fra Nedis er udviklet til at overf\u00f8re dit digitale lydsignal fra \u00e9n indgang til to udgange ved hj\u00e6lp af Toslink-kabler. Det maksimalt underst\u00f8ttede l\u00e6ngde p\u00e5 lyslederkablet er 5,0 m, hvor det stadig giver en p\u00e5lidelig og tabsfri lydsignaltransmission. Produktet er kompakt og nemt at installere. Hvilket g\u00f8r det ideelt til b\u00e5de privat- og professionel lyddeling.<\/p>\n<p>Sammenlign priser p\u00e5 Nedis &#8211; Video Transmitter | 1-veje | Indgang til lyd- \/ video- \/ dataforbindelser: TosLink Female | Audio \/ video \/ dataforbindelser output: 2x TosLink | Trykknap | Metal | Sort &#8211; ASPL2512BK og k\u00f8b online til den billigste pris, samt p\u00e5 tilbud!\u00a0\u00a0Tjek den bedste pris, produkt beskrivelse, video, test, anmeldelser osv.<\/p>\n<p><strong>Brand: <\/strong>Nedis<br \/>\n<strong>EAN: <\/strong>5412810403769<br \/>\n<strong>Producentens varenr.:<\/strong> 5412810403769<\/p>\n<p><strong>P.S.<\/strong><br \/>\nTilmeld dig til &#8220;Opret Gratis Prisfald Alarm&#8221;, og bliv underrettet med det samme om prisfald p\u00e5 Nedis &#8211; Video Transmitter | 1-veje | Indgang til lyd- \/ video- \/ dataforbindelser: TosLink Female | Audio \/ video \/ dataforbindelser output: 2x TosLink | Trykknap | Metal | Sort &#8211; ASPL2512BK, og f\u00e5 den billigste pris!<\/p>\n<p>&nbsp;<\/p>\n<p>&nbsp;<\/p>\n","protected":false},"excerpt":{"rendered":"<p>K\u00f8b billig Nedis &#8211; Video Transmitter | 1-veje | Indgang til lyd- \/ video- \/ dataforbindelser: TosLink Female | Audio \/ video \/ dataforbindelser output: 2x TosLink | Trykknap | Metal | Sort &#8211; ASPL2512BK! Denne digitale optiske 2-vejs lydsplitter fra Nedis er udviklet til at overf\u00f8re dit digitale lydsignal fra \u00e9n indgang til to [&hellip;]<\/p>\n","protected":false},"featured_media":999980000004499200,"template":"","meta":[],"store":[1272516],"product_brand":[1272517],"product_cat":[1272472],"product_tag":[1272746,1275178],"class_list":{"0":"post-449920","1":"product","2":"type-product","3":"status-publish","4":"has-post-thumbnail","6":"store-butik24","7":"product_brand-nedis","8":"product_cat-lyd","9":"product_tag-lyd","10":"product_tag-nedis","11":"pa_maerke-nedis","13":"first","14":"instock","15":"product-type-external"},"_links":{"self":[{"href":"https:\/\/www.pricetornado.com\/da\/wp-json\/wp\/v2\/product\/449920","targetHints":{"allow":["GET"]}}],"collection":[{"href":"https:\/\/www.pricetornado.com\/da\/wp-json\/wp\/v2\/product"}],"about":[{"href":"https:\/\/www.pricetornado.com\/da\/wp-json\/wp\/v2\/types\/product"}],"wp:featuredmedia":[{"embeddable":true,"href":"https:\/\/www.pricetornado.com\/da\/wp-json\/"}],"wp:attachment":[{"href":"https:\/\/www.pricetornado.com\/da\/wp-json\/wp\/v2\/media?parent=449920"}],"wp:term":[{"taxonomy":"store","embeddable":true,"href":"https:\/\/www.pricetornado.com\/da\/wp-json\/wp\/v2\/store?post=449920"},{"taxonomy":"product_brand","embeddable":true,"href":"https:\/\/www.pricetornado.com\/da\/wp-json\/wp\/v2\/product_brand?post=449920"},{"taxonomy":"product_cat","embeddable":true,"href":"https:\/\/www.pricetornado.com\/da\/wp-json\/wp\/v2\/product_cat?post=449920"},{"taxonomy":"product_tag","embeddable":true,"href":"https:\/\/www.pricetornado.com\/da\/wp-json\/wp\/v2\/product_tag?post=449920"}],"curies":[{"name":"wp","href":"https:\/\/api.w.org\/{rel}","templated":true}]}}