{"id":449918,"date":"2025-02-24T11:39:21","date_gmt":"2025-02-24T10:39:21","guid":{"rendered":"https:\/\/www.pricetornado.com\/da\/produkt\/nedis-usb-kabel-usb-3-2-gen-1-usb-a-han-usb-c-han-60-w-5-gbps-nikkelplateret-2-00-m-runde-pvc-hvid-box-ccgw61600wt20\/"},"modified":"2026-04-29T02:23:54","modified_gmt":"2026-04-29T00:23:54","slug":"nedis-usb-kabel-usb-3-2-gen-1-usb-a-han-usb-c-han-60-w-5-gbps-nikkelplateret-2-00-m-runde-pvc-hvid-box-ccgw61600wt20","status":"publish","type":"product","link":"https:\/\/www.pricetornado.com\/da\/produkt\/nedis-usb-kabel-usb-3-2-gen-1-usb-a-han-usb-c-han-60-w-5-gbps-nikkelplateret-2-00-m-runde-pvc-hvid-box-ccgw61600wt20\/","title":{"rendered":"Nedis &#8211; USB-kabel | USB 3.2 Gen 1 | USB-A Han | USB-C\u2122 Han | 60 W | 5 Gbps | Nikkelplateret | 2.00 m | Runde | PVC | Hvid | Box &#8211; CCGW61600WT20"},"content":{"rendered":"<p>K\u00f8b billig Nedis &#8211; USB-kabel | USB 3.2 Gen 1 | USB-A Han | USB-C\u2122 Han | 60 W | 5 Gbps | Nikkelplateret | 2.00 m | Runde | PVC | Hvid | Box &#8211; CCGW61600WT20!<br \/>\nSlut mobile enheder til din pc, b\u00e6rbare computer, oplader eller powerbank med dette NedisUSB-C\u2122 3.2 Gen 1-kabel, og oplev den ultimative tilslutningsl\u00f8sning i \u00e9t kabel. Er perfekt egnet til opladning og dataoverf\u00f8rsel ved ultrah\u00f8je hastigheder.<\/p>\n<p>Sammenlign priser p\u00e5 Nedis &#8211; USB-kabel | USB 3.2 Gen 1 | USB-A Han | USB-C\u2122 Han | 60 W | 5 Gbps | Nikkelplateret | 2.00 m | Runde | PVC | Hvid | Box &#8211; CCGW61600WT20 og k\u00f8b online til den billigste pris, samt p\u00e5 tilbud!\u00a0\u00a0Tjek den bedste pris, produkt beskrivelse, video, test, anmeldelser osv.<\/p>\n<p><strong>Brand: <\/strong>Nedis<br \/>\n<strong>EAN: <\/strong>5412810317745<br \/>\n<strong>Producentens varenr.:<\/strong> 5412810317745<\/p>\n<p><strong>P.S.<\/strong><br \/>\nTilmeld dig til &#8220;Opret Gratis Prisfald Alarm&#8221;, og bliv underrettet med det samme om prisfald p\u00e5 Nedis &#8211; USB-kabel | USB 3.2 Gen 1 | USB-A Han | USB-C\u2122 Han | 60 W | 5 Gbps | Nikkelplateret | 2.00 m | Runde | PVC | Hvid | Box &#8211; CCGW61600WT20, og f\u00e5 den billigste pris!<\/p>\n<p>&nbsp;<\/p>\n<p>&nbsp;<\/p>\n","protected":false},"excerpt":{"rendered":"<p>K\u00f8b billig Nedis &#8211; USB-kabel | USB 3.2 Gen 1 | USB-A Han | USB-C\u2122 Han | 60 W | 5 Gbps | Nikkelplateret | 2.00 m | Runde | PVC | Hvid | Box &#8211; CCGW61600WT20! Slut mobile enheder til din pc, b\u00e6rbare computer, oplader eller powerbank med dette NedisUSB-C\u2122 3.2 Gen 1-kabel, og [&hellip;]<\/p>\n","protected":false},"featured_media":0,"template":"","meta":[],"store":[1272516],"product_brand":[1272517],"product_cat":[1275232],"product_tag":[1275233,1275178],"class_list":{"0":"post-449918","1":"product","2":"type-product","3":"status-publish","5":"store-butik24","6":"product_brand-nedis","7":"product_cat-computer-og-netvaerk","8":"product_tag-computer-og-netvaerk","9":"product_tag-nedis","10":"pa_maerke-nedis","12":"first","13":"instock","14":"product-type-external"},"_links":{"self":[{"href":"https:\/\/www.pricetornado.com\/da\/wp-json\/wp\/v2\/product\/449918","targetHints":{"allow":["GET"]}}],"collection":[{"href":"https:\/\/www.pricetornado.com\/da\/wp-json\/wp\/v2\/product"}],"about":[{"href":"https:\/\/www.pricetornado.com\/da\/wp-json\/wp\/v2\/types\/product"}],"wp:attachment":[{"href":"https:\/\/www.pricetornado.com\/da\/wp-json\/wp\/v2\/media?parent=449918"}],"wp:term":[{"taxonomy":"store","embeddable":true,"href":"https:\/\/www.pricetornado.com\/da\/wp-json\/wp\/v2\/store?post=449918"},{"taxonomy":"product_brand","embeddable":true,"href":"https:\/\/www.pricetornado.com\/da\/wp-json\/wp\/v2\/product_brand?post=449918"},{"taxonomy":"product_cat","embeddable":true,"href":"https:\/\/www.pricetornado.com\/da\/wp-json\/wp\/v2\/product_cat?post=449918"},{"taxonomy":"product_tag","embeddable":true,"href":"https:\/\/www.pricetornado.com\/da\/wp-json\/wp\/v2\/product_tag?post=449918"}],"curies":[{"name":"wp","href":"https:\/\/api.w.org\/{rel}","templated":true}]}}