{"id":449917,"date":"2025-02-21T09:49:21","date_gmt":"2025-02-21T08:49:21","guid":{"rendered":"https:\/\/www.pricetornado.com\/da\/produkt\/nedis-high-speed-hdmi-kabel-med-ethernet-hdmi-stik-hdmi-stik-4k60hz-arc-18-gbps-15-0-m-runde-pvc-sort-label-cvgl34060bk150\/"},"modified":"2026-04-29T02:23:50","modified_gmt":"2026-04-29T00:23:50","slug":"nedis-high-speed-hdmi-kabel-med-ethernet-hdmi-stik-hdmi-stik-4k60hz-arc-18-gbps-15-0-m-runde-pvc-sort-label-cvgl34060bk150","status":"publish","type":"product","link":"https:\/\/www.pricetornado.com\/da\/produkt\/nedis-high-speed-hdmi-kabel-med-ethernet-hdmi-stik-hdmi-stik-4k60hz-arc-18-gbps-15-0-m-runde-pvc-sort-label-cvgl34060bk150\/","title":{"rendered":"Nedis &#8211; High Speed HDMI \u2122 kabel med Ethernet | HDMI\u2122 Stik | HDMI\u2122 Stik | 4K@60Hz | ARC | 18 Gbps | 15.0 m | Runde | PVC | Sort | Label &#8211; CVGL34060BK150"},"content":{"rendered":"<p>K\u00f8b billig Nedis &#8211; High Speed HDMI \u2122 kabel med Ethernet | HDMI\u2122 Stik | HDMI\u2122 Stik | 4K@60Hz | ARC | 18 Gbps | 15.0 m | Runde | PVC | Sort | Label &#8211; CVGL34060BK150!<br \/>\nDenne h\u00f8yhastighets-HDMI-kabelen med Ethernet passer til \u00e5 koble sammen enheter til et nettverk og er klarer videooppl\u00f8sning p\u00e5 4K og 1080p, inkludert avansert skjermteknologi som f.eks. 3D og Deep Color.<\/p>\n<p>Sammenlign priser p\u00e5 Nedis &#8211; High Speed HDMI \u2122 kabel med Ethernet | HDMI\u2122 Stik | HDMI\u2122 Stik | 4K@60Hz | ARC | 18 Gbps | 15.0 m | Runde | PVC | Sort | Label &#8211; CVGL34060BK150 og k\u00f8b online til den billigste pris, samt p\u00e5 tilbud!\u00a0\u00a0Tjek den bedste pris, produkt beskrivelse, video, test, anmeldelser osv.<\/p>\n<p><strong>Brand: <\/strong>Nedis<br \/>\n<strong>EAN: <\/strong>5412810454648<br \/>\n<strong>Producentens varenr.:<\/strong> 5412810454648<\/p>\n<p><strong>P.S.<\/strong><br \/>\nTilmeld dig til &#8220;Opret Gratis Prisfald Alarm&#8221;, og bliv underrettet med det samme om prisfald p\u00e5 Nedis &#8211; High Speed HDMI \u2122 kabel med Ethernet | HDMI\u2122 Stik | HDMI\u2122 Stik | 4K@60Hz | ARC | 18 Gbps | 15.0 m | Runde | PVC | Sort | Label &#8211; CVGL34060BK150, og f\u00e5 den billigste pris!<\/p>\n<p>&nbsp;<\/p>\n<p>&nbsp;<\/p>\n","protected":false},"excerpt":{"rendered":"<p>K\u00f8b billig Nedis &#8211; High Speed HDMI \u2122 kabel med Ethernet | HDMI\u2122 Stik | HDMI\u2122 Stik | 4K@60Hz | ARC | 18 Gbps | 15.0 m | Runde | PVC | Sort | Label &#8211; CVGL34060BK150! Denne h\u00f8yhastighets-HDMI-kabelen med Ethernet passer til \u00e5 koble sammen enheter til et nettverk og er klarer videooppl\u00f8sning p\u00e5 [&hellip;]<\/p>\n","protected":false},"featured_media":0,"template":"","meta":[],"store":[1272516],"product_brand":[1272517],"product_cat":[1275230],"product_tag":[1275178,1275231],"class_list":{"0":"post-449917","1":"product","2":"type-product","3":"status-publish","5":"store-butik24","6":"product_brand-nedis","7":"product_cat-video","8":"product_tag-nedis","9":"product_tag-video","10":"pa_maerke-nedis","12":"first","13":"instock","14":"product-type-external"},"_links":{"self":[{"href":"https:\/\/www.pricetornado.com\/da\/wp-json\/wp\/v2\/product\/449917","targetHints":{"allow":["GET"]}}],"collection":[{"href":"https:\/\/www.pricetornado.com\/da\/wp-json\/wp\/v2\/product"}],"about":[{"href":"https:\/\/www.pricetornado.com\/da\/wp-json\/wp\/v2\/types\/product"}],"wp:attachment":[{"href":"https:\/\/www.pricetornado.com\/da\/wp-json\/wp\/v2\/media?parent=449917"}],"wp:term":[{"taxonomy":"store","embeddable":true,"href":"https:\/\/www.pricetornado.com\/da\/wp-json\/wp\/v2\/store?post=449917"},{"taxonomy":"product_brand","embeddable":true,"href":"https:\/\/www.pricetornado.com\/da\/wp-json\/wp\/v2\/product_brand?post=449917"},{"taxonomy":"product_cat","embeddable":true,"href":"https:\/\/www.pricetornado.com\/da\/wp-json\/wp\/v2\/product_cat?post=449917"},{"taxonomy":"product_tag","embeddable":true,"href":"https:\/\/www.pricetornado.com\/da\/wp-json\/wp\/v2\/product_tag?post=449917"}],"curies":[{"name":"wp","href":"https:\/\/api.w.org\/{rel}","templated":true}]}}