{"id":449911,"date":"2025-02-23T09:20:59","date_gmt":"2025-02-23T08:20:59","guid":{"rendered":"https:\/\/www.pricetornado.com\/da\/produkt\/nedis-usb-kabel-usb-2-0-usb-c-han-usb-c-han-60-w-480-mbps-nikkelplateret-1-50-m-runde-silikone-sort-box-ccgb60820bk15\/"},"modified":"2026-04-29T02:23:25","modified_gmt":"2026-04-29T00:23:25","slug":"nedis-usb-kabel-usb-2-0-usb-c-han-usb-c-han-60-w-480-mbps-nikkelplateret-1-50-m-runde-silikone-sort-box-ccgb60820bk15","status":"publish","type":"product","link":"https:\/\/www.pricetornado.com\/da\/produkt\/nedis-usb-kabel-usb-2-0-usb-c-han-usb-c-han-60-w-480-mbps-nikkelplateret-1-50-m-runde-silikone-sort-box-ccgb60820bk15\/","title":{"rendered":"Nedis &#8211; USB-kabel | USB 2.0 | USB-C\u2122 Han | USB-C\u2122 Han | 60 W | 480 Mbps | Nikkelplateret | 1.50 m | Runde | Silikone | Sort | Box &#8211; CCGB60820BK15"},"content":{"rendered":"<p>K\u00f8b billig Nedis &#8211; USB-kabel | USB 2.0 | USB-C\u2122 Han | USB-C\u2122 Han | 60 W | 480 Mbps | Nikkelplateret | 1.50 m | Runde | Silikone | Sort | Box &#8211; CCGB60820BK15!<br \/>\nDette fleksible USB-silikonekabel er ideelt til opladning og synkronisering af din smartphone eller tablet. Silikonefinishen f\u00f8les imponerende bl\u00f8d, og kablet vikler sig ikke ind, selv n\u00e5r det opbevares i en taske, lomme eller rullet rundt om en b\u00e6rbar oplader.Dette USB 2.0-kabel er velegnet til dataoverf\u00f8rsel med hastigheder p\u00e5 op til 480 Mbit\/s og har en maksimal udgangseffekt p\u00e5 60 W. Det underst\u00f8tter opladning af alle USB- C\u2122-enheder.<\/p>\n<p>Sammenlign priser p\u00e5 Nedis &#8211; USB-kabel | USB 2.0 | USB-C\u2122 Han | USB-C\u2122 Han | 60 W | 480 Mbps | Nikkelplateret | 1.50 m | Runde | Silikone | Sort | Box &#8211; CCGB60820BK15 og k\u00f8b online til den billigste pris, samt p\u00e5 tilbud!\u00a0\u00a0Tjek den bedste pris, produkt beskrivelse, video, test, anmeldelser osv.<\/p>\n<p><strong>Brand: <\/strong>Nedis<br \/>\n<strong>EAN: <\/strong>5412810417957<br \/>\n<strong>Producentens varenr.:<\/strong> 5412810417957<\/p>\n<p><strong>P.S.<\/strong><br \/>\nTilmeld dig til &#8220;Opret Gratis Prisfald Alarm&#8221;, og bliv underrettet med det samme om prisfald p\u00e5 Nedis &#8211; USB-kabel | USB 2.0 | USB-C\u2122 Han | USB-C\u2122 Han | 60 W | 480 Mbps | Nikkelplateret | 1.50 m | Runde | Silikone | Sort | Box &#8211; CCGB60820BK15, og f\u00e5 den billigste pris!<\/p>\n<p>&nbsp;<\/p>\n<p>&nbsp;<\/p>\n","protected":false},"excerpt":{"rendered":"<p>K\u00f8b billig Nedis &#8211; USB-kabel | USB 2.0 | USB-C\u2122 Han | USB-C\u2122 Han | 60 W | 480 Mbps | Nikkelplateret | 1.50 m | Runde | Silikone | Sort | Box &#8211; CCGB60820BK15! Dette fleksible USB-silikonekabel er ideelt til opladning og synkronisering af din smartphone eller tablet. Silikonefinishen f\u00f8les imponerende bl\u00f8d, og kablet [&hellip;]<\/p>\n","protected":false},"featured_media":0,"template":"","meta":[],"store":[1272516],"product_brand":[1272517],"product_cat":[1275232],"product_tag":[1275233,1275178],"class_list":{"0":"post-449911","1":"product","2":"type-product","3":"status-publish","5":"store-butik24","6":"product_brand-nedis","7":"product_cat-computer-og-netvaerk","8":"product_tag-computer-og-netvaerk","9":"product_tag-nedis","10":"pa_maerke-nedis","12":"first","13":"instock","14":"product-type-external"},"_links":{"self":[{"href":"https:\/\/www.pricetornado.com\/da\/wp-json\/wp\/v2\/product\/449911","targetHints":{"allow":["GET"]}}],"collection":[{"href":"https:\/\/www.pricetornado.com\/da\/wp-json\/wp\/v2\/product"}],"about":[{"href":"https:\/\/www.pricetornado.com\/da\/wp-json\/wp\/v2\/types\/product"}],"wp:attachment":[{"href":"https:\/\/www.pricetornado.com\/da\/wp-json\/wp\/v2\/media?parent=449911"}],"wp:term":[{"taxonomy":"store","embeddable":true,"href":"https:\/\/www.pricetornado.com\/da\/wp-json\/wp\/v2\/store?post=449911"},{"taxonomy":"product_brand","embeddable":true,"href":"https:\/\/www.pricetornado.com\/da\/wp-json\/wp\/v2\/product_brand?post=449911"},{"taxonomy":"product_cat","embeddable":true,"href":"https:\/\/www.pricetornado.com\/da\/wp-json\/wp\/v2\/product_cat?post=449911"},{"taxonomy":"product_tag","embeddable":true,"href":"https:\/\/www.pricetornado.com\/da\/wp-json\/wp\/v2\/product_tag?post=449911"}],"curies":[{"name":"wp","href":"https:\/\/api.w.org\/{rel}","templated":true}]}}