{"id":449909,"date":"2025-02-23T18:53:44","date_gmt":"2025-02-23T17:53:44","guid":{"rendered":"https:\/\/www.pricetornado.com\/da\/produkt\/nedis-high-speed-hdmi-kabel-med-ethernet-hdmi-stik-hdmi-udgang-8k60hz-earc-48-gbps-1-00-m-runde-pvc-antracit-box-cvbw35090at10\/"},"modified":"2026-04-29T02:23:18","modified_gmt":"2026-04-29T00:23:18","slug":"nedis-high-speed-hdmi-kabel-med-ethernet-hdmi-stik-hdmi-udgang-8k60hz-earc-48-gbps-1-00-m-runde-pvc-antracit-box-cvbw35090at10","status":"publish","type":"product","link":"https:\/\/www.pricetornado.com\/da\/produkt\/nedis-high-speed-hdmi-kabel-med-ethernet-hdmi-stik-hdmi-udgang-8k60hz-earc-48-gbps-1-00-m-runde-pvc-antracit-box-cvbw35090at10\/","title":{"rendered":"Nedis &#8211; High Speed HDMI \u2122 kabel med Ethernet | HDMI\u2122 Stik | HDMI \u2122 -udgang | 8K@60Hz | eARC | 48 Gbps | 1.00 m | Runde | PVC | Antracit | Box &#8211; CVBW35090AT10"},"content":{"rendered":"<p>K\u00f8b billig Nedis &#8211; High Speed HDMI \u2122 kabel med Ethernet | HDMI\u2122 Stik | HDMI \u2122 -udgang | 8K@60Hz | eARC | 48 Gbps | 1.00 m | Runde | PVC | Antracit | Box &#8211; CVBW35090AT10!<br \/>\nForl\u00e6ngerkablet er velegnet til at udvide din eksisterende HDMI\u2122-ops\u00e6tning til at n\u00e5 l\u00e6ngere ud.Underst\u00f8tter videoopl\u00f8sninger p\u00e5 8K og er bagudkompatibel ogs\u00e5 med avancerede sk\u00e6rmteknologier som f.eks. 3D og eARC.<\/p>\n<p>Sammenlign priser p\u00e5 Nedis &#8211; High Speed HDMI \u2122 kabel med Ethernet | HDMI\u2122 Stik | HDMI \u2122 -udgang | 8K@60Hz | eARC | 48 Gbps | 1.00 m | Runde | PVC | Antracit | Box &#8211; CVBW35090AT10 og k\u00f8b online til den billigste pris, samt p\u00e5 tilbud!\u00a0\u00a0Tjek den bedste pris, produkt beskrivelse, video, test, anmeldelser osv.<\/p>\n<p><strong>Brand: <\/strong>Nedis<br \/>\n<strong>EAN: <\/strong>5412810412150<br \/>\n<strong>Producentens varenr.:<\/strong> 5412810412150<\/p>\n<p><strong>P.S.<\/strong><br \/>\nTilmeld dig til &#8220;Opret Gratis Prisfald Alarm&#8221;, og bliv underrettet med det samme om prisfald p\u00e5 Nedis &#8211; High Speed HDMI \u2122 kabel med Ethernet | HDMI\u2122 Stik | HDMI \u2122 -udgang | 8K@60Hz | eARC | 48 Gbps | 1.00 m | Runde | PVC | Antracit | Box &#8211; CVBW35090AT10, og f\u00e5 den billigste pris!<\/p>\n<p>&nbsp;<\/p>\n<p>&nbsp;<\/p>\n","protected":false},"excerpt":{"rendered":"<p>K\u00f8b billig Nedis &#8211; High Speed HDMI \u2122 kabel med Ethernet | HDMI\u2122 Stik | HDMI \u2122 -udgang | 8K@60Hz | eARC | 48 Gbps | 1.00 m | Runde | PVC | Antracit | Box &#8211; CVBW35090AT10! Forl\u00e6ngerkablet er velegnet til at udvide din eksisterende HDMI\u2122-ops\u00e6tning til at n\u00e5 l\u00e6ngere ud.Underst\u00f8tter videoopl\u00f8sninger p\u00e5 8K [&hellip;]<\/p>\n","protected":false},"featured_media":0,"template":"","meta":[],"store":[1272516],"product_brand":[1272517],"product_cat":[1275230],"product_tag":[1275178,1275231],"class_list":{"0":"post-449909","1":"product","2":"type-product","3":"status-publish","5":"store-butik24","6":"product_brand-nedis","7":"product_cat-video","8":"product_tag-nedis","9":"product_tag-video","10":"pa_maerke-nedis","12":"first","13":"instock","14":"product-type-external"},"_links":{"self":[{"href":"https:\/\/www.pricetornado.com\/da\/wp-json\/wp\/v2\/product\/449909","targetHints":{"allow":["GET"]}}],"collection":[{"href":"https:\/\/www.pricetornado.com\/da\/wp-json\/wp\/v2\/product"}],"about":[{"href":"https:\/\/www.pricetornado.com\/da\/wp-json\/wp\/v2\/types\/product"}],"wp:attachment":[{"href":"https:\/\/www.pricetornado.com\/da\/wp-json\/wp\/v2\/media?parent=449909"}],"wp:term":[{"taxonomy":"store","embeddable":true,"href":"https:\/\/www.pricetornado.com\/da\/wp-json\/wp\/v2\/store?post=449909"},{"taxonomy":"product_brand","embeddable":true,"href":"https:\/\/www.pricetornado.com\/da\/wp-json\/wp\/v2\/product_brand?post=449909"},{"taxonomy":"product_cat","embeddable":true,"href":"https:\/\/www.pricetornado.com\/da\/wp-json\/wp\/v2\/product_cat?post=449909"},{"taxonomy":"product_tag","embeddable":true,"href":"https:\/\/www.pricetornado.com\/da\/wp-json\/wp\/v2\/product_tag?post=449909"}],"curies":[{"name":"wp","href":"https:\/\/api.w.org\/{rel}","templated":true}]}}