{"id":449892,"date":"2025-02-25T12:35:47","date_gmt":"2025-02-25T11:35:47","guid":{"rendered":"https:\/\/www.pricetornado.com\/da\/produkt\/nedis-hdmi-kabel-hdmi-stik-dvi-d-24-1-pin-han-1080p-nikkelplateret-3-00-m-lige-pvc-sort-label-ccgl34800bk30\/"},"modified":"2026-04-29T02:17:42","modified_gmt":"2026-04-29T00:17:42","slug":"nedis-hdmi-kabel-hdmi-stik-dvi-d-24-1-pin-han-1080p-nikkelplateret-3-00-m-lige-pvc-sort-label-ccgl34800bk30","status":"publish","type":"product","link":"https:\/\/www.pricetornado.com\/da\/produkt\/nedis-hdmi-kabel-hdmi-stik-dvi-d-24-1-pin-han-1080p-nikkelplateret-3-00-m-lige-pvc-sort-label-ccgl34800bk30\/","title":{"rendered":"Nedis &#8211; HDMI\u2122 kabel | HDMI\u2122 Stik | DVI-D 24 + 1-pin han | 1080p | Nikkelplateret | 3.00 m | Lige | PVC | Sort | Label &#8211; CCGL34800BK30"},"content":{"rendered":"<p>K\u00f8b billig Nedis &#8211; HDMI\u2122 kabel | HDMI\u2122 Stik | DVI-D 24 + 1-pin han | 1080p | Nikkelplateret | 3.00 m | Lige | PVC | Sort | Label &#8211; CCGL34800BK30!<br \/>\nDette kabel er beregnet til sammenkobling af de to mest anvendte digitale stik. V\u00e6r opm\u00e6rksom p\u00e5, at DVI udelukkende kan overf\u00f8re video, ikke lyd. F.eks. DVD-afspiller, hjemmebiosystem, LCD TV og PLASMA TV.<\/p>\n<p>Sammenlign priser p\u00e5 Nedis &#8211; HDMI\u2122 kabel | HDMI\u2122 Stik | DVI-D 24 + 1-pin han | 1080p | Nikkelplateret | 3.00 m | Lige | PVC | Sort | Label &#8211; CCGL34800BK30 og k\u00f8b online til den billigste pris, samt p\u00e5 tilbud!\u00a0\u00a0Tjek den bedste pris, produkt beskrivelse, video, test, anmeldelser osv.<\/p>\n<p><strong>Brand: <\/strong>Nedis<br \/>\n<strong>EAN: <\/strong>5412810420742<br \/>\n<strong>Producentens varenr.:<\/strong> 5412810420742<\/p>\n<p><strong>P.S.<\/strong><br \/>\nTilmeld dig til &#8220;Opret Gratis Prisfald Alarm&#8221;, og bliv underrettet med det samme om prisfald p\u00e5 Nedis &#8211; HDMI\u2122 kabel | HDMI\u2122 Stik | DVI-D 24 + 1-pin han | 1080p | Nikkelplateret | 3.00 m | Lige | PVC | Sort | Label &#8211; CCGL34800BK30, og f\u00e5 den billigste pris!<\/p>\n<p>&nbsp;<\/p>\n<p>&nbsp;<\/p>\n","protected":false},"excerpt":{"rendered":"<p>K\u00f8b billig Nedis &#8211; HDMI\u2122 kabel | HDMI\u2122 Stik | DVI-D 24 + 1-pin han | 1080p | Nikkelplateret | 3.00 m | Lige | PVC | Sort | Label &#8211; CCGL34800BK30! Dette kabel er beregnet til sammenkobling af de to mest anvendte digitale stik. V\u00e6r opm\u00e6rksom p\u00e5, at DVI udelukkende kan overf\u00f8re video, ikke [&hellip;]<\/p>\n","protected":false},"featured_media":0,"template":"","meta":[],"store":[1272516],"product_brand":[1272517],"product_cat":[1275230],"product_tag":[1275178,1275231],"class_list":{"0":"post-449892","1":"product","2":"type-product","3":"status-publish","5":"store-butik24","6":"product_brand-nedis","7":"product_cat-video","8":"product_tag-nedis","9":"product_tag-video","10":"pa_maerke-nedis","12":"first","13":"instock","14":"product-type-external"},"_links":{"self":[{"href":"https:\/\/www.pricetornado.com\/da\/wp-json\/wp\/v2\/product\/449892","targetHints":{"allow":["GET"]}}],"collection":[{"href":"https:\/\/www.pricetornado.com\/da\/wp-json\/wp\/v2\/product"}],"about":[{"href":"https:\/\/www.pricetornado.com\/da\/wp-json\/wp\/v2\/types\/product"}],"wp:attachment":[{"href":"https:\/\/www.pricetornado.com\/da\/wp-json\/wp\/v2\/media?parent=449892"}],"wp:term":[{"taxonomy":"store","embeddable":true,"href":"https:\/\/www.pricetornado.com\/da\/wp-json\/wp\/v2\/store?post=449892"},{"taxonomy":"product_brand","embeddable":true,"href":"https:\/\/www.pricetornado.com\/da\/wp-json\/wp\/v2\/product_brand?post=449892"},{"taxonomy":"product_cat","embeddable":true,"href":"https:\/\/www.pricetornado.com\/da\/wp-json\/wp\/v2\/product_cat?post=449892"},{"taxonomy":"product_tag","embeddable":true,"href":"https:\/\/www.pricetornado.com\/da\/wp-json\/wp\/v2\/product_tag?post=449892"}],"curies":[{"name":"wp","href":"https:\/\/api.w.org\/{rel}","templated":true}]}}