{"id":449890,"date":"2025-02-25T22:02:14","date_gmt":"2025-02-25T21:02:14","guid":{"rendered":"https:\/\/www.pricetornado.com\/da\/produkt\/nedis-dvi-kabel-dvi-d-24-1-pin-han-dvi-d-24-1-pin-han-2560x1600-nikkelplateret-2-00-m-lige-pvc-sort-label-ccgl32001bk20\/"},"modified":"2026-05-04T03:10:25","modified_gmt":"2026-05-04T01:10:25","slug":"nedis-dvi-kabel-dvi-d-24-1-pin-han-dvi-d-24-1-pin-han-2560x1600-nikkelplateret-2-00-m-lige-pvc-sort-label-ccgl32001bk20","status":"publish","type":"product","link":"https:\/\/www.pricetornado.com\/da\/produkt\/nedis-dvi-kabel-dvi-d-24-1-pin-han-dvi-d-24-1-pin-han-2560x1600-nikkelplateret-2-00-m-lige-pvc-sort-label-ccgl32001bk20\/","title":{"rendered":"Nedis &#8211; DVI-kabel | DVI-D 24 + 1-pin han | DVI-D 24 + 1-pin han | 2560&#215;1600 | Nikkelplateret | 2.00 m | Lige | PVC | Sort | Label &#8211; CCGL32001BK20"},"content":{"rendered":"<p>K\u00f8b billig Nedis &#8211; DVI-kabel | DVI-D 24 + 1-pin han | DVI-D 24 + 1-pin han | 2560&#215;1600 | Nikkelplateret | 2.00 m | Lige | PVC | Sort | Label &#8211; CCGL32001BK20!<br \/>\nDu kan bruge dette DVI Dual Link-kabel til at forbinde en computer med DVI-udgang til et tv, en sk\u00e6rm eller en projektor med DVI-indgang. Passer til opl\u00f8sninger p\u00e5 op til 2560 x 1600 @ 60 Hz (WQXGA) eller 3840 x 2400 @ 30 Hz (WQUXGA).Et DVI-kabel bruges kun til at overf\u00f8re billeder. Med Dual Link oprettes der to parallelle forbindelser, hvilket fordobler b\u00e5ndbredden. Der kan opn\u00e5s h\u00f8jere opl\u00f8sning med et dobbelt link (Dual Link) end med et enkelt link (Single Link).<\/p>\n<p>Sammenlign priser p\u00e5 Nedis &#8211; DVI-kabel | DVI-D 24 + 1-pin han | DVI-D 24 + 1-pin han | 2560&#215;1600 | Nikkelplateret | 2.00 m | Lige | PVC | Sort | Label &#8211; CCGL32001BK20 og k\u00f8b online til den billigste pris, samt p\u00e5 tilbud!\u00a0\u00a0Tjek den bedste pris, produkt beskrivelse, video, test, anmeldelser osv.<\/p>\n<p><strong>Brand: <\/strong>Nedis<br \/>\n<strong>EAN: <\/strong>5412810420674<br \/>\n<strong>Producentens varenr.:<\/strong> 5412810420674<\/p>\n<p><strong>P.S.<\/strong><br \/>\nTilmeld dig til &#8220;Opret Gratis Prisfald Alarm&#8221;, og bliv underrettet med det samme om prisfald p\u00e5 Nedis &#8211; DVI-kabel | DVI-D 24 + 1-pin han | DVI-D 24 + 1-pin han | 2560&#215;1600 | Nikkelplateret | 2.00 m | Lige | PVC | Sort | Label &#8211; CCGL32001BK20, og f\u00e5 den billigste pris!<\/p>\n<p>&nbsp;<\/p>\n<p>&nbsp;<\/p>\n","protected":false},"excerpt":{"rendered":"<p>K\u00f8b billig Nedis &#8211; DVI-kabel | DVI-D 24 + 1-pin han | DVI-D 24 + 1-pin han | 2560&#215;1600 | Nikkelplateret | 2.00 m | Lige | PVC | Sort | Label &#8211; CCGL32001BK20! Du kan bruge dette DVI Dual Link-kabel til at forbinde en computer med DVI-udgang til et tv, en sk\u00e6rm eller en [&hellip;]<\/p>\n","protected":false},"featured_media":999980000004498900,"template":"","meta":[],"store":[1272516],"product_brand":[1272517],"product_cat":[1275232],"product_tag":[1275233,1275178],"class_list":{"0":"post-449890","1":"product","2":"type-product","3":"status-publish","4":"has-post-thumbnail","6":"store-butik24","7":"product_brand-nedis","8":"product_cat-computer-og-netvaerk","9":"product_tag-computer-og-netvaerk","10":"product_tag-nedis","11":"pa_maerke-nedis","13":"first","14":"instock","15":"product-type-external"},"_links":{"self":[{"href":"https:\/\/www.pricetornado.com\/da\/wp-json\/wp\/v2\/product\/449890","targetHints":{"allow":["GET"]}}],"collection":[{"href":"https:\/\/www.pricetornado.com\/da\/wp-json\/wp\/v2\/product"}],"about":[{"href":"https:\/\/www.pricetornado.com\/da\/wp-json\/wp\/v2\/types\/product"}],"wp:featuredmedia":[{"embeddable":true,"href":"https:\/\/www.pricetornado.com\/da\/wp-json\/"}],"wp:attachment":[{"href":"https:\/\/www.pricetornado.com\/da\/wp-json\/wp\/v2\/media?parent=449890"}],"wp:term":[{"taxonomy":"store","embeddable":true,"href":"https:\/\/www.pricetornado.com\/da\/wp-json\/wp\/v2\/store?post=449890"},{"taxonomy":"product_brand","embeddable":true,"href":"https:\/\/www.pricetornado.com\/da\/wp-json\/wp\/v2\/product_brand?post=449890"},{"taxonomy":"product_cat","embeddable":true,"href":"https:\/\/www.pricetornado.com\/da\/wp-json\/wp\/v2\/product_cat?post=449890"},{"taxonomy":"product_tag","embeddable":true,"href":"https:\/\/www.pricetornado.com\/da\/wp-json\/wp\/v2\/product_tag?post=449890"}],"curies":[{"name":"wp","href":"https:\/\/api.w.org\/{rel}","templated":true}]}}