{"id":449887,"date":"2025-02-20T13:03:52","date_gmt":"2025-02-20T12:03:52","guid":{"rendered":"https:\/\/www.pricetornado.com\/da\/produkt\/nedis-analog-lyd-switch-4-port-ports-indgang-til-lyd-video-dataforbindelser-1x-3-5-mm-audio-input-3x-2x-rca-female-audio-video-dataforbindelser-output-1x-2x-rca-female-ma\/"},"modified":"2026-04-29T02:17:21","modified_gmt":"2026-04-29T00:17:21","slug":"nedis-analog-lyd-switch-4-port-ports-indgang-til-lyd-video-dataforbindelser-1x-3-5-mm-audio-input-3x-2x-rca-female-audio-video-dataforbindelser-output-1x-2x-rca-female-ma","status":"publish","type":"product","link":"https:\/\/www.pricetornado.com\/da\/produkt\/nedis-analog-lyd-switch-4-port-ports-indgang-til-lyd-video-dataforbindelser-1x-3-5-mm-audio-input-3x-2x-rca-female-audio-video-dataforbindelser-output-1x-2x-rca-female-ma\/","title":{"rendered":"Nedis &#8211; Analog lyd switch | 4-Port port(s) | Indgang til lyd- \/ video- \/ dataforbindelser: 1x 3.5 mm Audio Input \/ 3x (2x RCA Female) | Audio \/ video \/ dataforbindelser output: 1x (2x RCA Female) | Manual | Metal | Antracit &#8211; ASWI2424AT"},"content":{"rendered":"<p>K\u00f8b billig Nedis &#8211; Analog lyd switch | 4-Port port(s) | Indgang til lyd- \/ video- \/ dataforbindelser: 1x 3.5 mm Audio Input \/ 3x (2x RCA Female) | Audio \/ video \/ dataforbindelser output: 1x (2x RCA Female) | Manual | Metal | Antracit &#8211; ASWI2424AT!<br \/>\nDenne Nedis analoge stereolydkontakt kan bruges til at forbinde tre enheder med RCA stereolydforbindelser og en ekstra enhed via 3,5 mm jackstik til en forst\u00e6rker\/modtager med RCA stereolydforbindelse. Denne switchboks er tovejs og fungerer derfor ogs\u00e5, n\u00e5r du vil tilslutte en enhed til fire forst\u00e6rkere\/modtagere. Kilden kan v\u00e6lges via drejekontakten \u00f8verst.<\/p>\n<p>Sammenlign priser p\u00e5 Nedis &#8211; Analog lyd switch | 4-Port port(s) | Indgang til lyd- \/ video- \/ dataforbindelser: 1x 3.5 mm Audio Input \/ 3x (2x RCA Female) | Audio \/ video \/ dataforbindelser output: 1x (2x RCA Female) | Manual | Metal | Antracit &#8211; ASWI2424AT og k\u00f8b online til den billigste pris, samt p\u00e5 tilbud!\u00a0\u00a0Tjek den bedste pris, produkt beskrivelse, video, test, anmeldelser osv.<\/p>\n<p><strong>Brand: <\/strong>Nedis<br \/>\n<strong>EAN: <\/strong>5412810419616<br \/>\n<strong>Producentens varenr.:<\/strong> 5412810419616<\/p>\n<p><strong>P.S.<\/strong><br \/>\nTilmeld dig til &#8220;Opret Gratis Prisfald Alarm&#8221;, og bliv underrettet med det samme om prisfald p\u00e5 Nedis &#8211; Analog lyd switch | 4-Port port(s) | Indgang til lyd- \/ video- \/ dataforbindelser: 1x 3.5 mm Audio Input \/ 3x (2x RCA Female) | Audio \/ video \/ dataforbindelser output: 1x (2x RCA Female) | Manual | Metal | Antracit &#8211; ASWI2424AT, og f\u00e5 den billigste pris!<\/p>\n<p>&nbsp;<\/p>\n<p>&nbsp;<\/p>\n","protected":false},"excerpt":{"rendered":"<p>K\u00f8b billig Nedis &#8211; Analog lyd switch | 4-Port port(s) | Indgang til lyd- \/ video- \/ dataforbindelser: 1x 3.5 mm Audio Input \/ 3x (2x RCA Female) | Audio \/ video \/ dataforbindelser output: 1x (2x RCA Female) | Manual | Metal | Antracit &#8211; ASWI2424AT! Denne Nedis analoge stereolydkontakt kan bruges til at [&hellip;]<\/p>\n","protected":false},"featured_media":999980000004498870,"template":"","meta":[],"store":[1272516],"product_brand":[1272517],"product_cat":[1272472],"product_tag":[1272746,1275178],"class_list":{"0":"post-449887","1":"product","2":"type-product","3":"status-publish","4":"has-post-thumbnail","6":"store-butik24","7":"product_brand-nedis","8":"product_cat-lyd","9":"product_tag-lyd","10":"product_tag-nedis","11":"pa_maerke-nedis","13":"first","14":"instock","15":"product-type-external"},"_links":{"self":[{"href":"https:\/\/www.pricetornado.com\/da\/wp-json\/wp\/v2\/product\/449887","targetHints":{"allow":["GET"]}}],"collection":[{"href":"https:\/\/www.pricetornado.com\/da\/wp-json\/wp\/v2\/product"}],"about":[{"href":"https:\/\/www.pricetornado.com\/da\/wp-json\/wp\/v2\/types\/product"}],"wp:featuredmedia":[{"embeddable":true,"href":"https:\/\/www.pricetornado.com\/da\/wp-json\/"}],"wp:attachment":[{"href":"https:\/\/www.pricetornado.com\/da\/wp-json\/wp\/v2\/media?parent=449887"}],"wp:term":[{"taxonomy":"store","embeddable":true,"href":"https:\/\/www.pricetornado.com\/da\/wp-json\/wp\/v2\/store?post=449887"},{"taxonomy":"product_brand","embeddable":true,"href":"https:\/\/www.pricetornado.com\/da\/wp-json\/wp\/v2\/product_brand?post=449887"},{"taxonomy":"product_cat","embeddable":true,"href":"https:\/\/www.pricetornado.com\/da\/wp-json\/wp\/v2\/product_cat?post=449887"},{"taxonomy":"product_tag","embeddable":true,"href":"https:\/\/www.pricetornado.com\/da\/wp-json\/wp\/v2\/product_tag?post=449887"}],"curies":[{"name":"wp","href":"https:\/\/api.w.org\/{rel}","templated":true}]}}