{"id":449885,"date":"2025-02-23T17:08:39","date_gmt":"2025-02-23T16:08:39","guid":{"rendered":"https:\/\/www.pricetornado.com\/da\/produkt\/nedis-usb-c-adapter-usb-2-0-usb-c-han-usb-c-hun-3-5-mm-hunstik-0-10-m-runde-nikkelplateret-pvc-hvid-box-ccgb64922wt01\/"},"modified":"2026-04-29T02:17:13","modified_gmt":"2026-04-29T00:17:13","slug":"nedis-usb-c-adapter-usb-2-0-usb-c-han-usb-c-hun-3-5-mm-hunstik-0-10-m-runde-nikkelplateret-pvc-hvid-box-ccgb64922wt01","status":"publish","type":"product","link":"https:\/\/www.pricetornado.com\/da\/produkt\/nedis-usb-c-adapter-usb-2-0-usb-c-han-usb-c-hun-3-5-mm-hunstik-0-10-m-runde-nikkelplateret-pvc-hvid-box-ccgb64922wt01\/","title":{"rendered":"Nedis &#8211; USB-C\u2122 Adapter | USB 2.0 | USB-C\u2122 Han | USB-C\u2122 Hun \/ 3.5 mm Hunstik | 0.10 m | Runde | Nikkelplateret | PVC | Hvid | Box &#8211; CCGB64922WT01"},"content":{"rendered":"<p>K\u00f8b billig Nedis &#8211; USB-C\u2122 Adapter | USB 2.0 | USB-C\u2122 Han | USB-C\u2122 Hun \/ 3.5 mm Hunstik | 0.10 m | Runde | Nikkelplateret | PVC | Hvid | Box &#8211; CCGB64922WT01!<br \/>\nDenne Nedis USB-C-adapter\u2122 giver dig mulighed for at nyde din yndlingsmusik, ringe med din telefon og oplade din enhed p\u00e5 samme tid. Dette adapterkabel konverterer en USB-C-port til en anden USB-C-port sammen med en 3,5 mm lydport. P\u00e5 den m\u00e5de kan du bruge 3.5 mm-porten til at nyde din musik, mens du oplader din smartphone via USB-C-porten. Adapteren er udstyret med integreret DAC-underst\u00f8ttelse, og er ogs\u00e5 velegnet til telefoner med High-Resolution lyd.<\/p>\n<p>Sammenlign priser p\u00e5 Nedis &#8211; USB-C\u2122 Adapter | USB 2.0 | USB-C\u2122 Han | USB-C\u2122 Hun \/ 3.5 mm Hunstik | 0.10 m | Runde | Nikkelplateret | PVC | Hvid | Box &#8211; CCGB64922WT01 og k\u00f8b online til den billigste pris, samt p\u00e5 tilbud!\u00a0\u00a0Tjek den bedste pris, produkt beskrivelse, video, test, anmeldelser osv.<\/p>\n<p><strong>Brand: <\/strong>Nedis<br \/>\n<strong>EAN: <\/strong>5412810419272<br \/>\n<strong>Producentens varenr.:<\/strong> 5412810419272<\/p>\n<p><strong>P.S.<\/strong><br \/>\nTilmeld dig til &#8220;Opret Gratis Prisfald Alarm&#8221;, og bliv underrettet med det samme om prisfald p\u00e5 Nedis &#8211; USB-C\u2122 Adapter | USB 2.0 | USB-C\u2122 Han | USB-C\u2122 Hun \/ 3.5 mm Hunstik | 0.10 m | Runde | Nikkelplateret | PVC | Hvid | Box &#8211; CCGB64922WT01, og f\u00e5 den billigste pris!<\/p>\n<p>&nbsp;<\/p>\n<p>&nbsp;<\/p>\n","protected":false},"excerpt":{"rendered":"<p>K\u00f8b billig Nedis &#8211; USB-C\u2122 Adapter | USB 2.0 | USB-C\u2122 Han | USB-C\u2122 Hun \/ 3.5 mm Hunstik | 0.10 m | Runde | Nikkelplateret | PVC | Hvid | Box &#8211; CCGB64922WT01! Denne Nedis USB-C-adapter\u2122 giver dig mulighed for at nyde din yndlingsmusik, ringe med din telefon og oplade din enhed p\u00e5 samme [&hellip;]<\/p>\n","protected":false},"featured_media":0,"template":"","meta":[],"store":[1272516],"product_brand":[1272517],"product_cat":[1275232],"product_tag":[1275233,1275178],"class_list":{"0":"post-449885","1":"product","2":"type-product","3":"status-publish","5":"store-butik24","6":"product_brand-nedis","7":"product_cat-computer-og-netvaerk","8":"product_tag-computer-og-netvaerk","9":"product_tag-nedis","10":"pa_maerke-nedis","12":"first","13":"instock","14":"product-type-external"},"_links":{"self":[{"href":"https:\/\/www.pricetornado.com\/da\/wp-json\/wp\/v2\/product\/449885","targetHints":{"allow":["GET"]}}],"collection":[{"href":"https:\/\/www.pricetornado.com\/da\/wp-json\/wp\/v2\/product"}],"about":[{"href":"https:\/\/www.pricetornado.com\/da\/wp-json\/wp\/v2\/types\/product"}],"wp:attachment":[{"href":"https:\/\/www.pricetornado.com\/da\/wp-json\/wp\/v2\/media?parent=449885"}],"wp:term":[{"taxonomy":"store","embeddable":true,"href":"https:\/\/www.pricetornado.com\/da\/wp-json\/wp\/v2\/store?post=449885"},{"taxonomy":"product_brand","embeddable":true,"href":"https:\/\/www.pricetornado.com\/da\/wp-json\/wp\/v2\/product_brand?post=449885"},{"taxonomy":"product_cat","embeddable":true,"href":"https:\/\/www.pricetornado.com\/da\/wp-json\/wp\/v2\/product_cat?post=449885"},{"taxonomy":"product_tag","embeddable":true,"href":"https:\/\/www.pricetornado.com\/da\/wp-json\/wp\/v2\/product_tag?post=449885"}],"curies":[{"name":"wp","href":"https:\/\/api.w.org\/{rel}","templated":true}]}}