{"id":449884,"date":"2025-02-25T05:54:31","date_gmt":"2025-02-25T04:54:31","guid":{"rendered":"https:\/\/www.pricetornado.com\/da\/produkt\/nedis-harddisk-adapter-usb-3-2-gen1-2-5-sata-l-ll-lll-usb-drevet-ccgb75100bk05\/"},"modified":"2026-04-30T02:39:48","modified_gmt":"2026-04-30T00:39:48","slug":"nedis-harddisk-adapter-usb-3-2-gen1-2-5-sata-l-ll-lll-usb-drevet-ccgb75100bk05","status":"publish","type":"product","link":"https:\/\/www.pricetornado.com\/da\/produkt\/nedis-harddisk-adapter-usb-3-2-gen1-2-5-sata-l-ll-lll-usb-drevet-ccgb75100bk05\/","title":{"rendered":"Nedis &#8211; Harddisk adapter | USB 3.2 Gen1 | 2.5 &quot; | SATA l, ll, lll | USB Drevet &#8211; CCGB75100BK05"},"content":{"rendered":"<p>K\u00f8b billig Nedis &#8211; Harddisk adapter | USB 3.2 Gen1 | 2.5 &quot; | SATA l, ll, lll | USB Drevet &#8211; CCGB75100BK05!<br \/>\nDette kabel er den perfekte l\u00f8sning for overf\u00f8rsel af filer fra din computer til en eksterne harddisk. Sikkerhedskopi\u00e9r nemt dine gemte oplysninger, dokumenter eller vigtige billeder.Dette nye SATA USB 3.2 Gen 1-kabel giver dig mulighed for at forbinde 2,5&quot; SATA-harddisk eller SSD med en computer via USB-portene.<\/p>\n<p>Sammenlign priser p\u00e5 Nedis &#8211; Harddisk adapter | USB 3.2 Gen1 | 2.5 &quot; | SATA l, ll, lll | USB Drevet &#8211; CCGB75100BK05 og k\u00f8b online til den billigste pris, samt p\u00e5 tilbud!\u00a0\u00a0Tjek den bedste pris, produkt beskrivelse, video, test, anmeldelser osv.<\/p>\n<p><strong>Brand: <\/strong>Nedis<br \/>\n<strong>EAN: <\/strong>5412810418350<br \/>\n<strong>Producentens varenr.:<\/strong> 5412810418350<\/p>\n<p><strong>P.S.<\/strong><br \/>\nTilmeld dig til &#8220;Opret Gratis Prisfald Alarm&#8221;, og bliv underrettet med det samme om prisfald p\u00e5 Nedis &#8211; Harddisk adapter | USB 3.2 Gen1 | 2.5 &quot; | SATA l, ll, lll | USB Drevet &#8211; CCGB75100BK05, og f\u00e5 den billigste pris!<\/p>\n<p>&nbsp;<\/p>\n<p>&nbsp;<\/p>\n","protected":false},"excerpt":{"rendered":"<p>K\u00f8b billig Nedis &#8211; Harddisk adapter | USB 3.2 Gen1 | 2.5 &quot; | SATA l, ll, lll | USB Drevet &#8211; CCGB75100BK05! Dette kabel er den perfekte l\u00f8sning for overf\u00f8rsel af filer fra din computer til en eksterne harddisk. Sikkerhedskopi\u00e9r nemt dine gemte oplysninger, dokumenter eller vigtige billeder.Dette nye SATA USB 3.2 Gen 1-kabel [&hellip;]<\/p>\n","protected":false},"featured_media":999980000004498840,"template":"","meta":[],"store":[1272516],"product_brand":[1272517],"product_cat":[1275232],"product_tag":[1275233,1275178],"class_list":{"0":"post-449884","1":"product","2":"type-product","3":"status-publish","4":"has-post-thumbnail","6":"store-butik24","7":"product_brand-nedis","8":"product_cat-computer-og-netvaerk","9":"product_tag-computer-og-netvaerk","10":"product_tag-nedis","11":"pa_maerke-nedis","13":"first","14":"instock","15":"product-type-external"},"_links":{"self":[{"href":"https:\/\/www.pricetornado.com\/da\/wp-json\/wp\/v2\/product\/449884","targetHints":{"allow":["GET"]}}],"collection":[{"href":"https:\/\/www.pricetornado.com\/da\/wp-json\/wp\/v2\/product"}],"about":[{"href":"https:\/\/www.pricetornado.com\/da\/wp-json\/wp\/v2\/types\/product"}],"wp:featuredmedia":[{"embeddable":true,"href":"https:\/\/www.pricetornado.com\/da\/wp-json\/"}],"wp:attachment":[{"href":"https:\/\/www.pricetornado.com\/da\/wp-json\/wp\/v2\/media?parent=449884"}],"wp:term":[{"taxonomy":"store","embeddable":true,"href":"https:\/\/www.pricetornado.com\/da\/wp-json\/wp\/v2\/store?post=449884"},{"taxonomy":"product_brand","embeddable":true,"href":"https:\/\/www.pricetornado.com\/da\/wp-json\/wp\/v2\/product_brand?post=449884"},{"taxonomy":"product_cat","embeddable":true,"href":"https:\/\/www.pricetornado.com\/da\/wp-json\/wp\/v2\/product_cat?post=449884"},{"taxonomy":"product_tag","embeddable":true,"href":"https:\/\/www.pricetornado.com\/da\/wp-json\/wp\/v2\/product_tag?post=449884"}],"curies":[{"name":"wp","href":"https:\/\/api.w.org\/{rel}","templated":true}]}}