{"id":449883,"date":"2025-02-21T15:48:47","date_gmt":"2025-02-21T14:48:47","guid":{"rendered":"https:\/\/www.pricetornado.com\/da\/produkt\/nedis-usb-netvaerksadapter-usb-3-2-gen-1-2-5-gbps-usb-c-han-rj45-hun-0-20-m-runde-nikkelplateret-tinkobber-sort-box-ccgb64960bk02\/"},"modified":"2026-04-29T02:17:05","modified_gmt":"2026-04-29T00:17:05","slug":"nedis-usb-netvaerksadapter-usb-3-2-gen-1-2-5-gbps-usb-c-han-rj45-hun-0-20-m-runde-nikkelplateret-tinkobber-sort-box-ccgb64960bk02","status":"publish","type":"product","link":"https:\/\/www.pricetornado.com\/da\/produkt\/nedis-usb-netvaerksadapter-usb-3-2-gen-1-2-5-gbps-usb-c-han-rj45-hun-0-20-m-runde-nikkelplateret-tinkobber-sort-box-ccgb64960bk02\/","title":{"rendered":"Nedis &#8211; USB-netv\u00e6rksadapter | USB 3.2 Gen 1 | 2.5 Gbps | USB-C\u2122 Han | RJ45 Hun | 0.20 m | Runde | Nikkelplateret | Tinkobber | Sort | Box &#8211; CCGB64960BK02"},"content":{"rendered":"<p>K\u00f8b billig Nedis &#8211; USB-netv\u00e6rksadapter | USB 3.2 Gen 1 | 2.5 Gbps | USB-C\u2122 Han | RJ45 Hun | 0.20 m | Runde | Nikkelplateret | Tinkobber | Sort | Box &#8211; CCGB64960BK02!<br \/>\nOmdan en USB-C-port til en superhurtig RJ45-port med denne USB 3.2 Gen 1-adapter. Adapteren har en hastighed p\u00e5 2500 Mbps\/2,5 Gbps med den nyeste teknologi. Det giver dig mulighed for at oprette en netv\u00e6rksforbindelse uden at have en tilg\u00e6ngelig netv\u00e6rksport p\u00e5 din enhed.<\/p>\n<p>Sammenlign priser p\u00e5 Nedis &#8211; USB-netv\u00e6rksadapter | USB 3.2 Gen 1 | 2.5 Gbps | USB-C\u2122 Han | RJ45 Hun | 0.20 m | Runde | Nikkelplateret | Tinkobber | Sort | Box &#8211; CCGB64960BK02 og k\u00f8b online til den billigste pris, samt p\u00e5 tilbud!\u00a0\u00a0Tjek den bedste pris, produkt beskrivelse, video, test, anmeldelser osv.<\/p>\n<p><strong>Brand: <\/strong>Nedis<br \/>\n<strong>EAN: <\/strong>5412810418329<br \/>\n<strong>Producentens varenr.:<\/strong> 5412810418329<\/p>\n<p><strong>P.S.<\/strong><br \/>\nTilmeld dig til &#8220;Opret Gratis Prisfald Alarm&#8221;, og bliv underrettet med det samme om prisfald p\u00e5 Nedis &#8211; USB-netv\u00e6rksadapter | USB 3.2 Gen 1 | 2.5 Gbps | USB-C\u2122 Han | RJ45 Hun | 0.20 m | Runde | Nikkelplateret | Tinkobber | Sort | Box &#8211; CCGB64960BK02, og f\u00e5 den billigste pris!<\/p>\n<p>&nbsp;<\/p>\n<p>&nbsp;<\/p>\n","protected":false},"excerpt":{"rendered":"<p>K\u00f8b billig Nedis &#8211; USB-netv\u00e6rksadapter | USB 3.2 Gen 1 | 2.5 Gbps | USB-C\u2122 Han | RJ45 Hun | 0.20 m | Runde | Nikkelplateret | Tinkobber | Sort | Box &#8211; CCGB64960BK02! Omdan en USB-C-port til en superhurtig RJ45-port med denne USB 3.2 Gen 1-adapter. Adapteren har en hastighed p\u00e5 2500 Mbps\/2,5 Gbps [&hellip;]<\/p>\n","protected":false},"featured_media":0,"template":"","meta":[],"store":[1272516],"product_brand":[1272517],"product_cat":[1275232],"product_tag":[1275233,1275178],"class_list":{"0":"post-449883","1":"product","2":"type-product","3":"status-publish","5":"store-butik24","6":"product_brand-nedis","7":"product_cat-computer-og-netvaerk","8":"product_tag-computer-og-netvaerk","9":"product_tag-nedis","10":"pa_maerke-nedis","12":"first","13":"instock","14":"product-type-external"},"_links":{"self":[{"href":"https:\/\/www.pricetornado.com\/da\/wp-json\/wp\/v2\/product\/449883","targetHints":{"allow":["GET"]}}],"collection":[{"href":"https:\/\/www.pricetornado.com\/da\/wp-json\/wp\/v2\/product"}],"about":[{"href":"https:\/\/www.pricetornado.com\/da\/wp-json\/wp\/v2\/types\/product"}],"wp:attachment":[{"href":"https:\/\/www.pricetornado.com\/da\/wp-json\/wp\/v2\/media?parent=449883"}],"wp:term":[{"taxonomy":"store","embeddable":true,"href":"https:\/\/www.pricetornado.com\/da\/wp-json\/wp\/v2\/store?post=449883"},{"taxonomy":"product_brand","embeddable":true,"href":"https:\/\/www.pricetornado.com\/da\/wp-json\/wp\/v2\/product_brand?post=449883"},{"taxonomy":"product_cat","embeddable":true,"href":"https:\/\/www.pricetornado.com\/da\/wp-json\/wp\/v2\/product_cat?post=449883"},{"taxonomy":"product_tag","embeddable":true,"href":"https:\/\/www.pricetornado.com\/da\/wp-json\/wp\/v2\/product_tag?post=449883"}],"curies":[{"name":"wp","href":"https:\/\/api.w.org\/{rel}","templated":true}]}}