{"id":449879,"date":"2025-02-22T12:17:31","date_gmt":"2025-02-22T11:17:31","guid":{"rendered":"https:\/\/www.pricetornado.com\/da\/produkt\/nedis-usb-multi-port-adapter-3-in-1-usb-3-2-gen-1-usb-c-han-hdmi-udgang-usb-a-hun-usb-c-hun-5-gbps-0-10-m-runde-nikkelplateret-pvc-sort-box-c\/"},"modified":"2026-04-29T02:14:14","modified_gmt":"2026-04-29T00:14:14","slug":"nedis-usb-multi-port-adapter-3-in-1-usb-3-2-gen-1-usb-c-han-hdmi-udgang-usb-a-hun-usb-c-hun-5-gbps-0-10-m-runde-nikkelplateret-pvc-sort-box-c","status":"publish","type":"product","link":"https:\/\/www.pricetornado.com\/da\/produkt\/nedis-usb-multi-port-adapter-3-in-1-usb-3-2-gen-1-usb-c-han-hdmi-udgang-usb-a-hun-usb-c-hun-5-gbps-0-10-m-runde-nikkelplateret-pvc-sort-box-c\/","title":{"rendered":"Nedis &#8211; USB Multi-Port Adapter | 3-in-1 | USB 3.2 Gen 1 | USB-C\u2122 Han | HDMI \u2122 -udgang \/ USB-A Hun \/ USB-C\u2122 Hun | 5 Gbps | 0.10 m | Runde | Nikkelplateret | PVC | Sort | Box &#8211; CCGB64770BK01"},"content":{"rendered":"<p>K\u00f8b billig Nedis &#8211; USB Multi-Port Adapter | 3-in-1 | USB 3.2 Gen 1 | USB-C\u2122 Han | HDMI \u2122 -udgang \/ USB-A Hun \/ USB-C\u2122 Hun | 5 Gbps | 0.10 m | Runde | Nikkelplateret | PVC | Sort | Box &#8211; CCGB64770BK01!<br \/>\nDenne Nedis USB 3.2 Gen 1-multiportadapter kan tilsluttes enhver USB-C\u2122-enhed. P\u00e5 den m\u00e5de kan du tilslutte to USB-enheder og \u00e9n HDMI-enhed via \u00e9n enkelt port.HDMI\u2122-udgangen underst\u00f8tter en opl\u00f8sning p\u00e5 4K ved 30 Hz. Multiportadapteren er ogs\u00e5 udstyret med f\u00f8rste generations USB-A og USB-C\u2122 3.2-porte med dataoverf\u00f8rselshastigheder p\u00e5 5 Gbps. USB-C\u2122-portens udgangseffekt er 7,5 W.<\/p>\n<p>Sammenlign priser p\u00e5 Nedis &#8211; USB Multi-Port Adapter | 3-in-1 | USB 3.2 Gen 1 | USB-C\u2122 Han | HDMI \u2122 -udgang \/ USB-A Hun \/ USB-C\u2122 Hun | 5 Gbps | 0.10 m | Runde | Nikkelplateret | PVC | Sort | Box &#8211; CCGB64770BK01 og k\u00f8b online til den billigste pris, samt p\u00e5 tilbud!\u00a0\u00a0Tjek den bedste pris, produkt beskrivelse, video, test, anmeldelser osv.<\/p>\n<p><strong>Brand: <\/strong>Nedis<br \/>\n<strong>EAN: <\/strong>5412810415984<br \/>\n<strong>Producentens varenr.:<\/strong> 5412810415984<\/p>\n<p><strong>P.S.<\/strong><br \/>\nTilmeld dig til &#8220;Opret Gratis Prisfald Alarm&#8221;, og bliv underrettet med det samme om prisfald p\u00e5 Nedis &#8211; USB Multi-Port Adapter | 3-in-1 | USB 3.2 Gen 1 | USB-C\u2122 Han | HDMI \u2122 -udgang \/ USB-A Hun \/ USB-C\u2122 Hun | 5 Gbps | 0.10 m | Runde | Nikkelplateret | PVC | Sort | Box &#8211; CCGB64770BK01, og f\u00e5 den billigste pris!<\/p>\n<p>&nbsp;<\/p>\n<p>&nbsp;<\/p>\n","protected":false},"excerpt":{"rendered":"<p>K\u00f8b billig Nedis &#8211; USB Multi-Port Adapter | 3-in-1 | USB 3.2 Gen 1 | USB-C\u2122 Han | HDMI \u2122 -udgang \/ USB-A Hun \/ USB-C\u2122 Hun | 5 Gbps | 0.10 m | Runde | Nikkelplateret | PVC | Sort | Box &#8211; CCGB64770BK01! Denne Nedis USB 3.2 Gen 1-multiportadapter kan tilsluttes enhver USB-C\u2122-enhed. [&hellip;]<\/p>\n","protected":false},"featured_media":0,"template":"","meta":[],"store":[1272516],"product_brand":[1272517],"product_cat":[1275232],"product_tag":[1275233,1275178],"class_list":{"0":"post-449879","1":"product","2":"type-product","3":"status-publish","5":"store-butik24","6":"product_brand-nedis","7":"product_cat-computer-og-netvaerk","8":"product_tag-computer-og-netvaerk","9":"product_tag-nedis","10":"pa_maerke-nedis","12":"first","13":"instock","14":"product-type-external"},"_links":{"self":[{"href":"https:\/\/www.pricetornado.com\/da\/wp-json\/wp\/v2\/product\/449879","targetHints":{"allow":["GET"]}}],"collection":[{"href":"https:\/\/www.pricetornado.com\/da\/wp-json\/wp\/v2\/product"}],"about":[{"href":"https:\/\/www.pricetornado.com\/da\/wp-json\/wp\/v2\/types\/product"}],"wp:attachment":[{"href":"https:\/\/www.pricetornado.com\/da\/wp-json\/wp\/v2\/media?parent=449879"}],"wp:term":[{"taxonomy":"store","embeddable":true,"href":"https:\/\/www.pricetornado.com\/da\/wp-json\/wp\/v2\/store?post=449879"},{"taxonomy":"product_brand","embeddable":true,"href":"https:\/\/www.pricetornado.com\/da\/wp-json\/wp\/v2\/product_brand?post=449879"},{"taxonomy":"product_cat","embeddable":true,"href":"https:\/\/www.pricetornado.com\/da\/wp-json\/wp\/v2\/product_cat?post=449879"},{"taxonomy":"product_tag","embeddable":true,"href":"https:\/\/www.pricetornado.com\/da\/wp-json\/wp\/v2\/product_tag?post=449879"}],"curies":[{"name":"wp","href":"https:\/\/api.w.org\/{rel}","templated":true}]}}