{"id":449875,"date":"2025-02-24T18:38:24","date_gmt":"2025-02-24T17:38:24","guid":{"rendered":"https:\/\/www.pricetornado.com\/da\/produkt\/nedis-usb-multi-port-adapter-3-in-1-usb-3-2-gen-1-usb-c-han-hdmi-udgang-usb-a-hun-usb-c-hun-5-gbps-0-10-m-runde-nikkelplateret-pvc-graa-box-c\/"},"modified":"2026-04-29T02:13:38","modified_gmt":"2026-04-29T00:13:38","slug":"nedis-usb-multi-port-adapter-3-in-1-usb-3-2-gen-1-usb-c-han-hdmi-udgang-usb-a-hun-usb-c-hun-5-gbps-0-10-m-runde-nikkelplateret-pvc-graa-box-c","status":"publish","type":"product","link":"https:\/\/www.pricetornado.com\/da\/produkt\/nedis-usb-multi-port-adapter-3-in-1-usb-3-2-gen-1-usb-c-han-hdmi-udgang-usb-a-hun-usb-c-hun-5-gbps-0-10-m-runde-nikkelplateret-pvc-graa-box-c\/","title":{"rendered":"Nedis &#8211; USB Multi-Port Adapter | 3-in-1 | USB 3.2 Gen 1 | USB-C\u2122 Han | HDMI \u2122 -udgang \/ USB-A Hun \/ USB-C\u2122 Hun | 5 Gbps | 0.10 m | Runde | Nikkelplateret | PVC | Gr\u00e5 | Box &#8211; CCGB64230GY01"},"content":{"rendered":"<p>K\u00f8b billig Nedis &#8211; USB Multi-Port Adapter | 3-in-1 | USB 3.2 Gen 1 | USB-C\u2122 Han | HDMI \u2122 -udgang \/ USB-A Hun \/ USB-C\u2122 Hun | 5 Gbps | 0.10 m | Runde | Nikkelplateret | PVC | Gr\u00e5 | Box &#8211; CCGB64230GY01!<br \/>\nDenne Multiport-adapter er udstyret med USB-C\u2122 og overf\u00f8rer videosignal via HDMI-udgangen\u2122 og data via USB-A 3.2 Gen 1. str\u00f8mforsyning (100W) udgang. Det kan oplade USB-C-enheder\u2122 inklusive b\u00e6rbare computere, tablets og smartphones. HDMI-porten\u2122 underst\u00f8tter opl\u00f8sninger op til UHD 4K@30Hz videoindhold p\u00e5 HDTV, sk\u00e6rm eller projektorer. Adapteren er velegnet til Windows-computere\/b\u00e6rbare computere og Apple MacBooks og MacBooks Pro og andre USB-C-enheder\u2122.Hubben er busdrevet, s\u00e5 der kr\u00e6ves ingen ekstern str\u00f8madapter. Den lette aluminiumshub har fast tilsluttet kabel, hvilket g\u00f8r den til den perfekte b\u00e6rbare tilf\u00f8jelse til din b\u00e6rbare computer. USB-hubben med 4 porte er fuldt ud Plug &#038; Play, hvilket betyder, at der ikke kr\u00e6ves yderligere driversoftware, s\u00e5 du hurtigt kan komme i gang.<\/p>\n<p>Sammenlign priser p\u00e5 Nedis &#8211; USB Multi-Port Adapter | 3-in-1 | USB 3.2 Gen 1 | USB-C\u2122 Han | HDMI \u2122 -udgang \/ USB-A Hun \/ USB-C\u2122 Hun | 5 Gbps | 0.10 m | Runde | Nikkelplateret | PVC | Gr\u00e5 | Box &#8211; CCGB64230GY01 og k\u00f8b online til den billigste pris, samt p\u00e5 tilbud!\u00a0\u00a0Tjek den bedste pris, produkt beskrivelse, video, test, anmeldelser osv.<\/p>\n<p><strong>Brand: <\/strong>Nedis<br \/>\n<strong>EAN: <\/strong>5412810415496<br \/>\n<strong>Producentens varenr.:<\/strong> 5412810415496<\/p>\n<p><strong>P.S.<\/strong><br \/>\nTilmeld dig til &#8220;Opret Gratis Prisfald Alarm&#8221;, og bliv underrettet med det samme om prisfald p\u00e5 Nedis &#8211; USB Multi-Port Adapter | 3-in-1 | USB 3.2 Gen 1 | USB-C\u2122 Han | HDMI \u2122 -udgang \/ USB-A Hun \/ USB-C\u2122 Hun | 5 Gbps | 0.10 m | Runde | Nikkelplateret | PVC | Gr\u00e5 | Box &#8211; CCGB64230GY01, og f\u00e5 den billigste pris!<\/p>\n<p>&nbsp;<\/p>\n<p>&nbsp;<\/p>\n","protected":false},"excerpt":{"rendered":"<p>K\u00f8b billig Nedis &#8211; USB Multi-Port Adapter | 3-in-1 | USB 3.2 Gen 1 | USB-C\u2122 Han | HDMI \u2122 -udgang \/ USB-A Hun \/ USB-C\u2122 Hun | 5 Gbps | 0.10 m | Runde | Nikkelplateret | PVC | Gr\u00e5 | Box &#8211; CCGB64230GY01! Denne Multiport-adapter er udstyret med USB-C\u2122 og overf\u00f8rer videosignal via [&hellip;]<\/p>\n","protected":false},"featured_media":0,"template":"","meta":[],"store":[1272516],"product_brand":[1272517],"product_cat":[1275232],"product_tag":[1275233,1275178],"class_list":{"0":"post-449875","1":"product","2":"type-product","3":"status-publish","5":"store-butik24","6":"product_brand-nedis","7":"product_cat-computer-og-netvaerk","8":"product_tag-computer-og-netvaerk","9":"product_tag-nedis","10":"pa_maerke-nedis","12":"first","13":"instock","14":"product-type-external"},"_links":{"self":[{"href":"https:\/\/www.pricetornado.com\/da\/wp-json\/wp\/v2\/product\/449875","targetHints":{"allow":["GET"]}}],"collection":[{"href":"https:\/\/www.pricetornado.com\/da\/wp-json\/wp\/v2\/product"}],"about":[{"href":"https:\/\/www.pricetornado.com\/da\/wp-json\/wp\/v2\/types\/product"}],"wp:attachment":[{"href":"https:\/\/www.pricetornado.com\/da\/wp-json\/wp\/v2\/media?parent=449875"}],"wp:term":[{"taxonomy":"store","embeddable":true,"href":"https:\/\/www.pricetornado.com\/da\/wp-json\/wp\/v2\/store?post=449875"},{"taxonomy":"product_brand","embeddable":true,"href":"https:\/\/www.pricetornado.com\/da\/wp-json\/wp\/v2\/product_brand?post=449875"},{"taxonomy":"product_cat","embeddable":true,"href":"https:\/\/www.pricetornado.com\/da\/wp-json\/wp\/v2\/product_cat?post=449875"},{"taxonomy":"product_tag","embeddable":true,"href":"https:\/\/www.pricetornado.com\/da\/wp-json\/wp\/v2\/product_tag?post=449875"}],"curies":[{"name":"wp","href":"https:\/\/api.w.org\/{rel}","templated":true}]}}