{"id":449874,"date":"2025-02-24T05:04:25","date_gmt":"2025-02-24T04:04:25","guid":{"rendered":"https:\/\/www.pricetornado.com\/da\/produkt\/nedis-usb-multi-port-adapter-4-in-1-usb-3-2-gen-1-usb-c-han-hdmi-udgang-rj45-hun-usb-a-hun-usb-c-hun-5-gbps-0-20-m-runde-guldplateret-pvc-antra\/"},"modified":"2026-04-29T02:13:34","modified_gmt":"2026-04-29T00:13:34","slug":"nedis-usb-multi-port-adapter-4-in-1-usb-3-2-gen-1-usb-c-han-hdmi-udgang-rj45-hun-usb-a-hun-usb-c-hun-5-gbps-0-20-m-runde-guldplateret-pvc-antra","status":"publish","type":"product","link":"https:\/\/www.pricetornado.com\/da\/produkt\/nedis-usb-multi-port-adapter-4-in-1-usb-3-2-gen-1-usb-c-han-hdmi-udgang-rj45-hun-usb-a-hun-usb-c-hun-5-gbps-0-20-m-runde-guldplateret-pvc-antra\/","title":{"rendered":"Nedis &#8211; USB Multi-Port Adapter | 4-in-1 | USB 3.2 Gen 1 | USB-C\u2122 Han | HDMI \u2122 -udgang \/ RJ45 Hun \/ USB-A Hun \/ USB-C\u2122 Hun | 5 Gbps | 0.20 m | Runde | Guldplateret | PVC | Antracit | Box &#8211; CCBW64220AT02"},"content":{"rendered":"<p>K\u00f8b billig Nedis &#8211; USB Multi-Port Adapter | 4-in-1 | USB 3.2 Gen 1 | USB-C\u2122 Han | HDMI \u2122 -udgang \/ RJ45 Hun \/ USB-A Hun \/ USB-C\u2122 Hun | 5 Gbps | 0.20 m | Runde | Guldplateret | PVC | Antracit | Box &#8211; CCBW64220AT02!<br \/>\nDenne Nedis 4-i-1 USB 3.2 Gen 1-multi-dockingadapter sender signaler fra USB-C\u2122- til HDMI\u2122-, Ethernet- og USB-enheder. Superhurtig netv\u00e6rksforbindelse via indbygget Ethernet-port (Gigabit) med en overf\u00f8rselshastighed p\u00e5 5 Gbit\/s. Desuden med USB-A 3.2 Gen 1-stik til hurtig dataoverf\u00f8rsel og opladning. Desuden med USB A 3.2 Gen 1-stik og USB-C 3.2 Gen 1-stik til hurtig dataoverf\u00f8rsel og opladning. USB Power Delivery-teknologi muligg\u00f8r opladning af enheder med en sp\u00e6nding p\u00e5 op til 100 W. Det betyder, at den er ideel til b\u00e6rbare computere, men ogs\u00e5 hubs eller dockingstationer kan oplades uden problemer. Denne multifunktionelle dockingstation er velegnet til pc eller Mac og giver dig adgang til den ultimative alt i et-tilslutningsl\u00f8sning med synkronisering, opladning og underst\u00f8ttelse af lyd og video. Opl\u00f8sninger op til 4K ved 60 Hz underst\u00f8ttes.<\/p>\n<p>Sammenlign priser p\u00e5 Nedis &#8211; USB Multi-Port Adapter | 4-in-1 | USB 3.2 Gen 1 | USB-C\u2122 Han | HDMI \u2122 -udgang \/ RJ45 Hun \/ USB-A Hun \/ USB-C\u2122 Hun | 5 Gbps | 0.20 m | Runde | Guldplateret | PVC | Antracit | Box &#8211; CCBW64220AT02 og k\u00f8b online til den billigste pris, samt p\u00e5 tilbud!\u00a0\u00a0Tjek den bedste pris, produkt beskrivelse, video, test, anmeldelser osv.<\/p>\n<p><strong>Brand: <\/strong>Nedis<br \/>\n<strong>EAN: <\/strong>5412810414239<br \/>\n<strong>Producentens varenr.:<\/strong> 5412810414239<\/p>\n<p><strong>P.S.<\/strong><br \/>\nTilmeld dig til &#8220;Opret Gratis Prisfald Alarm&#8221;, og bliv underrettet med det samme om prisfald p\u00e5 Nedis &#8211; USB Multi-Port Adapter | 4-in-1 | USB 3.2 Gen 1 | USB-C\u2122 Han | HDMI \u2122 -udgang \/ RJ45 Hun \/ USB-A Hun \/ USB-C\u2122 Hun | 5 Gbps | 0.20 m | Runde | Guldplateret | PVC | Antracit | Box &#8211; CCBW64220AT02, og f\u00e5 den billigste pris!<\/p>\n<p>&nbsp;<\/p>\n<p>&nbsp;<\/p>\n","protected":false},"excerpt":{"rendered":"<p>K\u00f8b billig Nedis &#8211; USB Multi-Port Adapter | 4-in-1 | USB 3.2 Gen 1 | USB-C\u2122 Han | HDMI \u2122 -udgang \/ RJ45 Hun \/ USB-A Hun \/ USB-C\u2122 Hun | 5 Gbps | 0.20 m | Runde | Guldplateret | PVC | Antracit | Box &#8211; CCBW64220AT02! Denne Nedis 4-i-1 USB 3.2 Gen 1-multi-dockingadapter [&hellip;]<\/p>\n","protected":false},"featured_media":0,"template":"","meta":[],"store":[1272516],"product_brand":[1272517],"product_cat":[1275232],"product_tag":[1275233,1275178],"class_list":{"0":"post-449874","1":"product","2":"type-product","3":"status-publish","5":"store-butik24","6":"product_brand-nedis","7":"product_cat-computer-og-netvaerk","8":"product_tag-computer-og-netvaerk","9":"product_tag-nedis","10":"pa_maerke-nedis","12":"first","13":"instock","14":"product-type-external"},"_links":{"self":[{"href":"https:\/\/www.pricetornado.com\/da\/wp-json\/wp\/v2\/product\/449874","targetHints":{"allow":["GET"]}}],"collection":[{"href":"https:\/\/www.pricetornado.com\/da\/wp-json\/wp\/v2\/product"}],"about":[{"href":"https:\/\/www.pricetornado.com\/da\/wp-json\/wp\/v2\/types\/product"}],"wp:attachment":[{"href":"https:\/\/www.pricetornado.com\/da\/wp-json\/wp\/v2\/media?parent=449874"}],"wp:term":[{"taxonomy":"store","embeddable":true,"href":"https:\/\/www.pricetornado.com\/da\/wp-json\/wp\/v2\/store?post=449874"},{"taxonomy":"product_brand","embeddable":true,"href":"https:\/\/www.pricetornado.com\/da\/wp-json\/wp\/v2\/product_brand?post=449874"},{"taxonomy":"product_cat","embeddable":true,"href":"https:\/\/www.pricetornado.com\/da\/wp-json\/wp\/v2\/product_cat?post=449874"},{"taxonomy":"product_tag","embeddable":true,"href":"https:\/\/www.pricetornado.com\/da\/wp-json\/wp\/v2\/product_tag?post=449874"}],"curies":[{"name":"wp","href":"https:\/\/api.w.org\/{rel}","templated":true}]}}