{"id":449873,"date":"2025-02-24T03:35:05","date_gmt":"2025-02-24T02:35:05","guid":{"rendered":"https:\/\/www.pricetornado.com\/da\/produkt\/nedis-usb-multi-port-adapter-5-in-1-usb-3-2-gen-1-usb-c-han-hdmi-udgang-rj45-hun-3x-usb-a-hun-5-gbps-0-20-m-runde-guldplateret-pvc-antracit-box-ccbw64\/"},"modified":"2026-04-29T02:13:30","modified_gmt":"2026-04-29T00:13:30","slug":"nedis-usb-multi-port-adapter-5-in-1-usb-3-2-gen-1-usb-c-han-hdmi-udgang-rj45-hun-3x-usb-a-hun-5-gbps-0-20-m-runde-guldplateret-pvc-antracit-box-ccbw64","status":"publish","type":"product","link":"https:\/\/www.pricetornado.com\/da\/produkt\/nedis-usb-multi-port-adapter-5-in-1-usb-3-2-gen-1-usb-c-han-hdmi-udgang-rj45-hun-3x-usb-a-hun-5-gbps-0-20-m-runde-guldplateret-pvc-antracit-box-ccbw64\/","title":{"rendered":"Nedis &#8211; USB Multi-Port Adapter | 5-in-1 | USB 3.2 Gen 1 | USB-C\u2122 Han | HDMI \u2122 -udgang \/ RJ45 Hun \/ 3x USB-A Hun | 5 Gbps | 0.20 m | Runde | Guldplateret | PVC | Antracit | Box &#8211; CCBW64210AT02"},"content":{"rendered":"<p>K\u00f8b billig Nedis &#8211; USB Multi-Port Adapter | 5-in-1 | USB 3.2 Gen 1 | USB-C\u2122 Han | HDMI \u2122 -udgang \/ RJ45 Hun \/ 3x USB-A Hun | 5 Gbps | 0.20 m | Runde | Guldplateret | PVC | Antracit | Box &#8211; CCBW64210AT02!<br \/>\nDenne Nedis 5-i-1 USB 3.2 Gen 1-multi-dockingadapter sender signaler fra USB-C\u2122- til HDMI\u2122-, Ethernet- og USB-enheder. Superhurtig netv\u00e6rksforbindelse via indbygget Ethernet-port (Gigabit) med en overf\u00f8rselshastighed p\u00e5 5 Gbit\/s. Desuden med USB-A 3.2 Gen 1-stik til hurtig dataoverf\u00f8rsel og opladning. Denne multifunktionelle dockingstation er velegnet til pc eller Mac og giver dig adgang til den ultimative alt i et-tilslutningsl\u00f8sning med synkronisering, opladning og underst\u00f8ttelse af lyd og video. Opl\u00f8sninger op til 4K ved 60 Hz underst\u00f8ttes.<\/p>\n<p>Sammenlign priser p\u00e5 Nedis &#8211; USB Multi-Port Adapter | 5-in-1 | USB 3.2 Gen 1 | USB-C\u2122 Han | HDMI \u2122 -udgang \/ RJ45 Hun \/ 3x USB-A Hun | 5 Gbps | 0.20 m | Runde | Guldplateret | PVC | Antracit | Box &#8211; CCBW64210AT02 og k\u00f8b online til den billigste pris, samt p\u00e5 tilbud!\u00a0\u00a0Tjek den bedste pris, produkt beskrivelse, video, test, anmeldelser osv.<\/p>\n<p><strong>Brand: <\/strong>Nedis<br \/>\n<strong>EAN: <\/strong>5412810414222<br \/>\n<strong>Producentens varenr.:<\/strong> 5412810414222<\/p>\n<p><strong>P.S.<\/strong><br \/>\nTilmeld dig til &#8220;Opret Gratis Prisfald Alarm&#8221;, og bliv underrettet med det samme om prisfald p\u00e5 Nedis &#8211; USB Multi-Port Adapter | 5-in-1 | USB 3.2 Gen 1 | USB-C\u2122 Han | HDMI \u2122 -udgang \/ RJ45 Hun \/ 3x USB-A Hun | 5 Gbps | 0.20 m | Runde | Guldplateret | PVC | Antracit | Box &#8211; CCBW64210AT02, og f\u00e5 den billigste pris!<\/p>\n<p>&nbsp;<\/p>\n<p>&nbsp;<\/p>\n","protected":false},"excerpt":{"rendered":"<p>K\u00f8b billig Nedis &#8211; USB Multi-Port Adapter | 5-in-1 | USB 3.2 Gen 1 | USB-C\u2122 Han | HDMI \u2122 -udgang \/ RJ45 Hun \/ 3x USB-A Hun | 5 Gbps | 0.20 m | Runde | Guldplateret | PVC | Antracit | Box &#8211; CCBW64210AT02! Denne Nedis 5-i-1 USB 3.2 Gen 1-multi-dockingadapter sender signaler [&hellip;]<\/p>\n","protected":false},"featured_media":0,"template":"","meta":[],"store":[1272516],"product_brand":[1272517],"product_cat":[1275232],"product_tag":[1275233,1275178],"class_list":{"0":"post-449873","1":"product","2":"type-product","3":"status-publish","5":"store-butik24","6":"product_brand-nedis","7":"product_cat-computer-og-netvaerk","8":"product_tag-computer-og-netvaerk","9":"product_tag-nedis","10":"pa_maerke-nedis","12":"first","13":"instock","14":"product-type-external"},"_links":{"self":[{"href":"https:\/\/www.pricetornado.com\/da\/wp-json\/wp\/v2\/product\/449873","targetHints":{"allow":["GET"]}}],"collection":[{"href":"https:\/\/www.pricetornado.com\/da\/wp-json\/wp\/v2\/product"}],"about":[{"href":"https:\/\/www.pricetornado.com\/da\/wp-json\/wp\/v2\/types\/product"}],"wp:attachment":[{"href":"https:\/\/www.pricetornado.com\/da\/wp-json\/wp\/v2\/media?parent=449873"}],"wp:term":[{"taxonomy":"store","embeddable":true,"href":"https:\/\/www.pricetornado.com\/da\/wp-json\/wp\/v2\/store?post=449873"},{"taxonomy":"product_brand","embeddable":true,"href":"https:\/\/www.pricetornado.com\/da\/wp-json\/wp\/v2\/product_brand?post=449873"},{"taxonomy":"product_cat","embeddable":true,"href":"https:\/\/www.pricetornado.com\/da\/wp-json\/wp\/v2\/product_cat?post=449873"},{"taxonomy":"product_tag","embeddable":true,"href":"https:\/\/www.pricetornado.com\/da\/wp-json\/wp\/v2\/product_tag?post=449873"}],"curies":[{"name":"wp","href":"https:\/\/api.w.org\/{rel}","templated":true}]}}