{"id":449864,"date":"2025-02-21T09:45:08","date_gmt":"2025-02-21T08:45:08","guid":{"rendered":"https:\/\/www.pricetornado.com\/da\/produkt\/nedis-scart-switchbox-scart-han-3x-scart-hun-nikkelplateret-maksimal-oploesning-800x480-0-50-m-runde-pvc-sort-box-cvgb31835bk05\/"},"modified":"2026-04-30T02:31:09","modified_gmt":"2026-04-30T00:31:09","slug":"nedis-scart-switchbox-scart-han-3x-scart-hun-nikkelplateret-maksimal-oploesning-800x480-0-50-m-runde-pvc-sort-box-cvgb31835bk05","status":"publish","type":"product","link":"https:\/\/www.pricetornado.com\/da\/produkt\/nedis-scart-switchbox-scart-han-3x-scart-hun-nikkelplateret-maksimal-oploesning-800x480-0-50-m-runde-pvc-sort-box-cvgb31835bk05\/","title":{"rendered":"Nedis &#8211; SCART Switchbox | SCART Han | 3x SCART Hun | Nikkelplateret | Maksimal opl\u00f8sning: 800&#215;480 | 0.50 m | Runde | PVC | Sort | Box &#8211; CVGB31835BK05"},"content":{"rendered":"<p>K\u00f8b billig Nedis &#8211; SCART Switchbox | SCART Han | 3x SCART Hun | Nikkelplateret | Maksimal opl\u00f8sning: 800&#215;480 | 0.50 m | Runde | PVC | Sort | Box &#8211; CVGB31835BK05!<br \/>\nDenne SCART splitterboks kan anvendes til oprettelse af flere SCART-indgange p\u00e5 en enkelt SCART-indgang.<\/p>\n<p>Sammenlign priser p\u00e5 Nedis &#8211; SCART Switchbox | SCART Han | 3x SCART Hun | Nikkelplateret | Maksimal opl\u00f8sning: 800&#215;480 | 0.50 m | Runde | PVC | Sort | Box &#8211; CVGB31835BK05 og k\u00f8b online til den billigste pris, samt p\u00e5 tilbud!\u00a0\u00a0Tjek den bedste pris, produkt beskrivelse, video, test, anmeldelser osv.<\/p>\n<p><strong>Brand: <\/strong>Nedis<br \/>\n<strong>EAN: <\/strong>5412810450213<br \/>\n<strong>Producentens varenr.:<\/strong> 5412810450213<\/p>\n<p><strong>P.S.<\/strong><br \/>\nTilmeld dig til &#8220;Opret Gratis Prisfald Alarm&#8221;, og bliv underrettet med det samme om prisfald p\u00e5 Nedis &#8211; SCART Switchbox | SCART Han | 3x SCART Hun | Nikkelplateret | Maksimal opl\u00f8sning: 800&#215;480 | 0.50 m | Runde | PVC | Sort | Box &#8211; CVGB31835BK05, og f\u00e5 den billigste pris!<\/p>\n<p>&nbsp;<\/p>\n<p>&nbsp;<\/p>\n","protected":false},"excerpt":{"rendered":"<p>K\u00f8b billig Nedis &#8211; SCART Switchbox | SCART Han | 3x SCART Hun | Nikkelplateret | Maksimal opl\u00f8sning: 800&#215;480 | 0.50 m | Runde | PVC | Sort | Box &#8211; CVGB31835BK05! Denne SCART splitterboks kan anvendes til oprettelse af flere SCART-indgange p\u00e5 en enkelt SCART-indgang. Sammenlign priser p\u00e5 Nedis &#8211; SCART Switchbox | SCART [&hellip;]<\/p>\n","protected":false},"featured_media":999980000004498640,"template":"","meta":[],"store":[1272516],"product_brand":[1272517],"product_cat":[1275230],"product_tag":[1275178,1275231],"class_list":{"0":"post-449864","1":"product","2":"type-product","3":"status-publish","4":"has-post-thumbnail","6":"store-butik24","7":"product_brand-nedis","8":"product_cat-video","9":"product_tag-nedis","10":"product_tag-video","11":"pa_maerke-nedis","13":"first","14":"instock","15":"product-type-external"},"_links":{"self":[{"href":"https:\/\/www.pricetornado.com\/da\/wp-json\/wp\/v2\/product\/449864","targetHints":{"allow":["GET"]}}],"collection":[{"href":"https:\/\/www.pricetornado.com\/da\/wp-json\/wp\/v2\/product"}],"about":[{"href":"https:\/\/www.pricetornado.com\/da\/wp-json\/wp\/v2\/types\/product"}],"wp:featuredmedia":[{"embeddable":true,"href":"https:\/\/www.pricetornado.com\/da\/wp-json\/"}],"wp:attachment":[{"href":"https:\/\/www.pricetornado.com\/da\/wp-json\/wp\/v2\/media?parent=449864"}],"wp:term":[{"taxonomy":"store","embeddable":true,"href":"https:\/\/www.pricetornado.com\/da\/wp-json\/wp\/v2\/store?post=449864"},{"taxonomy":"product_brand","embeddable":true,"href":"https:\/\/www.pricetornado.com\/da\/wp-json\/wp\/v2\/product_brand?post=449864"},{"taxonomy":"product_cat","embeddable":true,"href":"https:\/\/www.pricetornado.com\/da\/wp-json\/wp\/v2\/product_cat?post=449864"},{"taxonomy":"product_tag","embeddable":true,"href":"https:\/\/www.pricetornado.com\/da\/wp-json\/wp\/v2\/product_tag?post=449864"}],"curies":[{"name":"wp","href":"https:\/\/api.w.org\/{rel}","templated":true}]}}