{"id":449862,"date":"2025-02-25T13:23:06","date_gmt":"2025-02-25T12:23:06","guid":{"rendered":"https:\/\/www.pricetornado.com\/da\/produkt\/nedis-usb-c-adapter-usb-3-2-gen-1-usb-c-han-displayport-hun-hdmi-udgang-8k30hz-0-20-m-runde-nikkelplateret-sort-box-ccgb64385bk02\/"},"modified":"2026-04-29T02:12:42","modified_gmt":"2026-04-29T00:12:42","slug":"nedis-usb-c-adapter-usb-3-2-gen-1-usb-c-han-displayport-hun-hdmi-udgang-8k30hz-0-20-m-runde-nikkelplateret-sort-box-ccgb64385bk02","status":"publish","type":"product","link":"https:\/\/www.pricetornado.com\/da\/produkt\/nedis-usb-c-adapter-usb-3-2-gen-1-usb-c-han-displayport-hun-hdmi-udgang-8k30hz-0-20-m-runde-nikkelplateret-sort-box-ccgb64385bk02\/","title":{"rendered":"Nedis &#8211; USB-C\u2122 Adapter | USB 3.2 Gen 1 | USB-C\u2122 Han | DisplayPort Hun \/ HDMI \u2122 -udgang | 8K@30Hz | 0.20 m | Runde | Nikkelplateret | Sort | Box &#8211; CCGB64385BK02"},"content":{"rendered":"<p>K\u00f8b billig Nedis &#8211; USB-C\u2122 Adapter | USB 3.2 Gen 1 | USB-C\u2122 Han | DisplayPort Hun \/ HDMI \u2122 -udgang | 8K@30Hz | 0.20 m | Runde | Nikkelplateret | Sort | Box &#8211; CCGB64385BK02!<br \/>\nDenne Nedis USB-C-adapter til flere sk\u00e6rme giver dig mulighed for at slutte en DisplayPort og en HDMI-sk\u00e6rm til din USB Type-C-computer eller notebook, hvilket nemt hj\u00e6lper dig med at maksimere din produktivitet. Da enheder bliver mere b\u00e6rbare end nogensinde, kan du v\u00e6re begr\u00e6nset til f\u00e6rre videoudgange og begr\u00e6nset til din lille integrerede sk\u00e6rm. Denne multiadapter l\u00f8ser dette problem ved at give dig mulighed for at tilslutte to separate sk\u00e6rme til din USB-C-computer, hvilket g\u00f8r multitasking meget lettere. Ved hj\u00e6lp af dette USB-C til multiport-stik kan du spejle din sk\u00e6rm til yderligere sk\u00e6rme eller streame uafh\u00e6ngigt indhold til hver sk\u00e6rm. MST-teknologi bruger dit eksisterende grafikkort til at minimere brugen af systemressourcer, samtidig med at du leverer UHD 4K-opl\u00f8sninger til to sk\u00e6rme eller videooutput med en enkelt port p\u00e5 op til 8K.<\/p>\n<p>Sammenlign priser p\u00e5 Nedis &#8211; USB-C\u2122 Adapter | USB 3.2 Gen 1 | USB-C\u2122 Han | DisplayPort Hun \/ HDMI \u2122 -udgang | 8K@30Hz | 0.20 m | Runde | Nikkelplateret | Sort | Box &#8211; CCGB64385BK02 og k\u00f8b online til den billigste pris, samt p\u00e5 tilbud!\u00a0\u00a0Tjek den bedste pris, produkt beskrivelse, video, test, anmeldelser osv.<\/p>\n<p><strong>Brand: <\/strong>Nedis<br \/>\n<strong>EAN: <\/strong>5412810443376<br \/>\n<strong>Producentens varenr.:<\/strong> 5412810443376<\/p>\n<p><strong>P.S.<\/strong><br \/>\nTilmeld dig til &#8220;Opret Gratis Prisfald Alarm&#8221;, og bliv underrettet med det samme om prisfald p\u00e5 Nedis &#8211; USB-C\u2122 Adapter | USB 3.2 Gen 1 | USB-C\u2122 Han | DisplayPort Hun \/ HDMI \u2122 -udgang | 8K@30Hz | 0.20 m | Runde | Nikkelplateret | Sort | Box &#8211; CCGB64385BK02, og f\u00e5 den billigste pris!<\/p>\n<p>&nbsp;<\/p>\n<p>&nbsp;<\/p>\n","protected":false},"excerpt":{"rendered":"<p>K\u00f8b billig Nedis &#8211; USB-C\u2122 Adapter | USB 3.2 Gen 1 | USB-C\u2122 Han | DisplayPort Hun \/ HDMI \u2122 -udgang | 8K@30Hz | 0.20 m | Runde | Nikkelplateret | Sort | Box &#8211; CCGB64385BK02! Denne Nedis USB-C-adapter til flere sk\u00e6rme giver dig mulighed for at slutte en DisplayPort og en HDMI-sk\u00e6rm til din [&hellip;]<\/p>\n","protected":false},"featured_media":0,"template":"","meta":[],"store":[1272516],"product_brand":[1272517],"product_cat":[1275232],"product_tag":[1275233,1275178],"class_list":{"0":"post-449862","1":"product","2":"type-product","3":"status-publish","5":"store-butik24","6":"product_brand-nedis","7":"product_cat-computer-og-netvaerk","8":"product_tag-computer-og-netvaerk","9":"product_tag-nedis","10":"pa_maerke-nedis","12":"first","13":"instock","14":"product-type-external"},"_links":{"self":[{"href":"https:\/\/www.pricetornado.com\/da\/wp-json\/wp\/v2\/product\/449862","targetHints":{"allow":["GET"]}}],"collection":[{"href":"https:\/\/www.pricetornado.com\/da\/wp-json\/wp\/v2\/product"}],"about":[{"href":"https:\/\/www.pricetornado.com\/da\/wp-json\/wp\/v2\/types\/product"}],"wp:attachment":[{"href":"https:\/\/www.pricetornado.com\/da\/wp-json\/wp\/v2\/media?parent=449862"}],"wp:term":[{"taxonomy":"store","embeddable":true,"href":"https:\/\/www.pricetornado.com\/da\/wp-json\/wp\/v2\/store?post=449862"},{"taxonomy":"product_brand","embeddable":true,"href":"https:\/\/www.pricetornado.com\/da\/wp-json\/wp\/v2\/product_brand?post=449862"},{"taxonomy":"product_cat","embeddable":true,"href":"https:\/\/www.pricetornado.com\/da\/wp-json\/wp\/v2\/product_cat?post=449862"},{"taxonomy":"product_tag","embeddable":true,"href":"https:\/\/www.pricetornado.com\/da\/wp-json\/wp\/v2\/product_tag?post=449862"}],"curies":[{"name":"wp","href":"https:\/\/api.w.org\/{rel}","templated":true}]}}